{"id":1055,"date":"2015-10-23T10:52:52","date_gmt":"2015-10-23T10:52:52","guid":{"rendered":"http:\/\/www.propiano.org\/english\/?page_id=1055"},"modified":"2016-06-24T23:46:09","modified_gmt":"2016-06-24T23:46:09","slug":"piano-competition-2016-schedule","status":"publish","type":"page","link":"https:\/\/propiano.org\/english\/piano-competition-2016-schedule\/","title":{"rendered":"Piano Competition 2016 &#8211; Schedule"},"content":{"rendered":"<p><strong>Adress for rehearsals (practice): Music Colege\u00a0 \u201dGeorge Enescu\u201d, <\/strong>(<strong>Colegiul Na\u021bional de Muzic\u0103), General Gheorghe Manu str. no.30(next National Museum\u00a0 \u201dGeorge Enescu\u201d and Minerva Hotel), starting Tuesday 21 of June, 8 hour AM<\/strong>(Monday is officially all closed for Religious Holiday)<strong>.<\/strong><\/p>\n<p>&nbsp;<\/p>\n<h3>Adress for Competition Hall: ARCUB\u00a0 Gabroveni \u2013 Lipscani str.\u00a0 no 84-90, correspondence in Gabroveni str. n0 50-53 ( Bucharest Old City).<\/h3>\n<p>&nbsp;<\/p>\n<h3><span style=\"color: #1c1c1c;\">The award ceremony wil be Saturday 25 of June 2016 \u2013\u00a011 hour\u00a0&#8211; in ARCUB\u00a0 Gabroveni\u00a0 ( Bucharest Old City) &#8211; the competition Hall<\/span><\/h3>\n<h3><\/h3>\n<p>&nbsp;<\/p>\n<p><span style=\"color: #1c1c1c;\"><strong>The Program\u00a0of International Competition <\/strong><strong>\u201cPRO PIANO-ROMANIA\u201d\/\u00a0<\/strong><\/span><span style=\"color: #1c1c1c;\"><strong>XX th<\/strong><\/span><\/p>\n<p><span style=\"color: #1c1c1c;\"><strong>Edition, 21 \u2013 26\u00a0of June\u00a02016 <\/strong><\/span><\/p>\n<p>&nbsp;<\/p>\n<ul>\n<li><strong><span style=\"color: #1c1c1c;\">Mar\u021bi (Tuesday) 21\u00a0of June\u00a02016<\/span><\/strong><\/li>\n<\/ul>\n<p><strong><span style=\"color: #1c1c1c;\">Ora 10,00 \u2013 Ist Round<\/span><\/strong>\u00a0\u2013 category <strong><span style=\"color: #1c1c1c;\">B1<\/span><\/strong>(2005)<\/p>\n<p><strong><span style=\"color: #1c1c1c;\">Ora 10,30 \u2013 Ist Round\u00a0\u2013 category <\/span><\/strong><strong><span style=\"color: #1c1c1c;\">B2<\/span><\/strong>(2004)<\/p>\n<p><strong><span style=\"color: #1c1c1c;\">Ora 11,45 \u2013 Ist Round\u00a0\u2013 categorys<\/span><\/strong><strong><span style=\"color: #1c1c1c;\"> B3<\/span><\/strong>(2003), <strong><span style=\"color: #1c1c1c;\">B4<\/span><\/strong>(2002) \u0219i <strong><span style=\"color: #1c1c1c;\">B5<\/span><\/strong>(2001)<\/p>\n<p><strong><span style=\"color: #1c1c1c;\">Ora 13,00 \u2013 Ist Round\u00a0\u2013 category <\/span><\/strong><strong><span style=\"color: #1c1c1c;\">B6<\/span><\/strong>(2000)<\/p>\n<p><strong><span style=\"color: #1c1c1c;\">\u2014\u2014\u2014\u2014\u2014\u2014\u2014\u2014\u2014\u2014\u2014\u2014\u2014\u2014\u2014\u2014\u2014\u2014\u2014\u2014\u2014<\/span><\/strong><\/p>\n<p><strong><span style=\"color: #1c1c1c;\">Ora 15,30 \u2013 Ist Round\u00a0\u2013 category <\/span><\/strong><strong><span style=\"color: #1c1c1c;\">B8<\/span><\/strong>(1998, 1997)<\/p>\n<p><strong><span style=\"color: #1c1c1c;\">Ora 16,30<\/span><\/strong> \u2013\u00a0<strong><span style=\"color: #1c1c1c;\">Ist Round<\/span><\/strong>\u00a0\u2013\u00a0Section <strong><span style=\"color: #1c1c1c;\">C<\/span><\/strong> (eliminatory)<\/p>\n<p>&nbsp;<\/p>\n<ul>\n<li><strong><span style=\"color: #1c1c1c;\">Miercuri (Wednesday) 22\u00a0of June\u00a02016<\/span><\/strong><\/li>\n<\/ul>\n<p><span style=\"color: #1c1c1c;\"><strong>Ora 09,00 <\/strong><strong>\u2013 <strong><span style=\"color: #1c1c1c;\">Ist Round<\/span><\/strong>\u00a0\u2013 category <\/strong><\/span><strong><span style=\"color: #1c1c1c;\"> B7<\/span><\/strong>(1999)<\/p>\n<p><strong><span style=\"color: #1c1c1c;\">Ora 10,00<\/span><\/strong> \u2013 category <strong><span style=\"color: #1c1c1c;\">A0<\/span><\/strong>(2010) \u0219i <strong><span style=\"color: #1c1c1c;\">A1<\/span><\/strong>(2009<strong><span style=\"color: #1c1c1c;\">)\u00a0\u00a0\u00a0\u00a0\u00a0\u00a0\u00a0\u00a0\u00a0\u00a0\u00a0\u00a0\u00a0\u00a0\u00a0\u00a0 <\/span><\/strong><\/p>\n<p><span style=\"color: #1c1c1c;\"><strong>Ora 11,15 <\/strong><strong>\u2013\u00a0<\/strong><\/span>category <strong><span style=\"color: #1c1c1c;\">\u00a0A4<\/span><\/strong>(2006)<\/p>\n<p><strong><span style=\"color: #1c1c1c;\">Ora 13,15 \u2013 Section D<\/span><\/strong> (4 hands)<\/p>\n<p><strong><span style=\"color: #1c1c1c;\">\u00a0\u2014\u2014\u2014\u2014\u2014\u2014\u2014\u2014\u2014\u2014\u2014\u2014\u2014\u2014\u2014\u2014\u2014\u2014\u2014\u2014\u2014\u2014\u2014\u2014\u2014\u2014\u2014\u2013<\/span><\/strong><\/p>\n<p><span style=\"color: #1c1c1c;\"><strong>Ora 15,30 \u2013<\/strong><strong> Section C \u2013 IInd Round\u00a0\u2013 category C<\/strong><\/span>(semifinal)<\/p>\n<p>&nbsp;<\/p>\n<ul>\n<li><b><strong><span style=\"color: #1c1c1c;\">Joi (Thursday) 23\u00a0 iunie 2016<\/span><\/strong><\/b><\/li>\n<\/ul>\n<p><strong><span style=\"color: #1c1c1c;\">Ora 09,00<\/span><\/strong>\u2013 category <strong><span style=\"color: #1c1c1c;\">A2<\/span><\/strong>(2008)<\/p>\n<p><strong><span style=\"color: #1c1c1c;\">Ora 10,00 \u2013\u00a0The IInd Round for categorys<\/span><\/strong>: <strong><span style=\"color: #1c1c1c;\">B1<\/span><\/strong>(2005), <strong><span style=\"color: #1c1c1c;\">B4<\/span><\/strong>(2002),<strong><span style=\"color: #1c1c1c;\">B5<\/span><\/strong>(2001),<strong><span style=\"color: #1c1c1c;\">B6<\/span><\/strong>(2000), <strong><span style=\"color: #1c1c1c;\">B8<\/span><\/strong>(1998, 1997)<\/p>\n<p><strong><span style=\"color: #1c1c1c;\">The hour appointment\u00a0 &#8211;\u00a0after Ist Round<\/span><\/strong><\/p>\n<p>\u2014\u2014\u2014\u2014\u2014\u2014\u2014\u2014\u2014\u2014\u2014\u2014\u2014\u2014\u2014\u2014\u2014\u2014\u2014\u2014\u2014\u2014\u2014\u2014\u2014\u2014\u2014\u2014<\/p>\n<p><strong><span style=\"color: #1c1c1c;\">Ora 15,30<\/span><\/strong> \u2013 category <strong><span style=\"color: #1c1c1c;\">A3<\/span><\/strong>(2007)<\/p>\n<p>&nbsp;<\/p>\n<ul>\n<li><strong><span style=\"color: #1c1c1c;\">Vineri (Friday) 24 iunie 2016<\/span><\/strong><\/li>\n<\/ul>\n<p><strong><span style=\"color: #1c1c1c;\">Ora 09,00<\/span><\/strong> \u2013\u00a0<strong><span style=\"color: #1c1c1c;\">IInd Round\u00a0\u2013 <\/span><\/strong>for Categorys: <strong><span style=\"color: #1c1c1c;\">B2 <\/span><\/strong>(2004), <span style=\"color: #1c1c1c;\"><strong>B3(2003), <\/strong><strong>B7<\/strong><\/span>(1999)<\/p>\n<p><strong><span style=\"color: #1c1c1c;\">IIIrd Round<\/span><\/strong>(finals)<strong><span style=\"color: #1c1c1c;\"> \u2013\u00a0<\/span><\/strong>for <strong><span style=\"color: #1c1c1c;\">Section C <\/span><\/strong><\/p>\n<p><strong><span style=\"color: #1c1c1c;\"><span style=\"color: #1c1c1c;\">The hour appointment\u00a0 &#8211;\u00a0after Ist Round<\/span><\/span><\/strong><\/p>\n<ul>\n<li><b><span style=\"color: #1c1c1c;\"><strong>Duminic\u0103(Sunday)<\/strong><strong> 26\u00a0of June\u00a02016 \u2013 11 hour<\/strong><\/span>\u00a0&#8211; The award ceremony in Romanian Athenaeum<\/b><\/li>\n<\/ul>\n<p>&nbsp;<\/p>\n<p>&nbsp;<\/p>\n<p>&nbsp;<\/p>\n<table width=\"314\">\n<tbody>\n<tr>\n<td width=\"1\"><\/td>\n<td width=\"313\"><strong><u><br \/>\n<\/u><\/strong><span style=\"color: #1c1c1c;\"><strong>SEC<\/strong><strong>\u021a<\/strong><strong>IUNEA A \u2013 JUNIOR 1<\/strong><\/span><\/td>\n<\/tr>\n<tr>\n<td width=\"1\"><\/td>\n<td width=\"313\"><strong><span style=\"color: #1c1c1c;\">CATEGORIA A0 (2010)<\/span><\/strong><\/td>\n<\/tr>\n<tr>\n<td width=\"1\"><\/td>\n<td width=\"313\">M\u00eerzac Andreea Camelia \u2013 Gala\u021bi<\/td>\n<\/tr>\n<tr>\n<td width=\"1\"><\/td>\n<td width=\"313\">Panait Iris Maria \u2013 Constan\u021ba<\/td>\n<\/tr>\n<tr>\n<td width=\"1\"><\/td>\n<td width=\"313\"><strong><span style=\"color: #1c1c1c;\">CATEGORIA A1 (2009)<\/span><\/strong><\/td>\n<\/tr>\n<tr>\n<td width=\"1\"><\/td>\n<td width=\"313\">Bondil\u0103 Paul Marian \u2013 Voluntari, Ilfov<\/td>\n<\/tr>\n<tr>\n<td width=\"1\"><\/td>\n<td width=\"313\">Duca Ania \u2013 Bucure\u015fti<\/td>\n<\/tr>\n<tr>\n<td width=\"1\"><\/td>\n<td width=\"313\">Iorga David Eduard \u2013 Bucure\u015fti<\/td>\n<\/tr>\n<tr>\n<td width=\"1\"><\/td>\n<td width=\"313\">Istudor Gabriel Antonio \u2013 Gala\u0163i<\/td>\n<\/tr>\n<tr>\n<td width=\"1\"><\/td>\n<td width=\"313\">Klapsinakis Filippos \u2013 Rethymno, Grecia<\/td>\n<\/tr>\n<tr>\n<td width=\"1\"><\/td>\n<td width=\"313\">Maksutovici Enya \u2013 Cluj-Napoca<\/td>\n<\/tr>\n<tr>\n<td width=\"1\"><\/td>\n<td width=\"313\">Nicodim Maria-Vanessa \u2013 Gala\u0163i<\/td>\n<\/tr>\n<tr>\n<td width=\"1\"><\/td>\n<td width=\"313\">Neam\u0163u Maria Diana \u2013 Constan\u0163a<\/td>\n<\/tr>\n<tr>\n<td width=\"1\"><\/td>\n<td width=\"313\">Razicheanu R\u0103zvan \u2013 Bucure\u015fti<\/td>\n<\/tr>\n<tr>\n<td width=\"1\"><\/td>\n<td width=\"313\">Saicovscaia Amalia \u2013 Chi\u015fin\u0103u, Rep. Moldova<\/td>\n<\/tr>\n<tr>\n<td width=\"1\"><\/td>\n<td width=\"313\">Saicovschii David \u2013 Chi\u015fin\u0103u, Rep. Moldova<\/td>\n<\/tr>\n<tr>\n<td width=\"1\"><\/td>\n<td width=\"313\">Tiriachiu Daria Maria \u2013 Gala\u0163i\u021a\u0103ru\u0219 Anastasia \u2013 Chi\u0219in\u0103u, Rep. Moldova<\/td>\n<\/tr>\n<tr>\n<td width=\"1\"><\/td>\n<td width=\"313\">&nbsp;<\/p>\n<p><strong><span style=\"color: #1c1c1c;\">CATEGORIA A2 (2008)<\/span><\/strong><\/td>\n<\/tr>\n<tr>\n<td width=\"1\"><\/td>\n<td width=\"313\">Badea Marie Eveline<\/td>\n<\/tr>\n<tr>\n<td width=\"1\"><\/td>\n<td width=\"313\">Balog Tonia Beatrice \u2013 Cluj-Napoca<\/td>\n<\/tr>\n<tr>\n<td width=\"1\"><\/td>\n<td width=\"313\">Brumar Patrick Mihai \u2013 Bucure\u0219ti<\/td>\n<\/tr>\n<tr>\n<td width=\"1\"><\/td>\n<td width=\"313\">Chereches Ana Sofia \u2013 Bucure\u015fti<\/td>\n<\/tr>\n<tr>\n<td width=\"1\"><\/td>\n<td width=\"313\">Cristea Mihai-Cristian \u2013 Bucure\u015fti<\/td>\n<\/tr>\n<tr>\n<td width=\"1\"><\/td>\n<td width=\"313\">Cutova Inya Maria \u2013 Techirghiol<\/td>\n<\/tr>\n<tr>\n<td width=\"1\"><\/td>\n<td width=\"313\">Grigore Bogdan Andrei \u2013 Mihai Vod\u0103, Giurgiu<\/td>\n<\/tr>\n<tr>\n<td width=\"1\"><\/td>\n<td width=\"313\">Gusa Bianca Maria \u2013 Bucure\u015fti<\/td>\n<\/tr>\n<tr>\n<td width=\"1\"><\/td>\n<td width=\"313\">Pantazi Sabina Cristina \u2013 Bucure\u0219ti<\/td>\n<\/tr>\n<tr>\n<td width=\"1\"><\/td>\n<td width=\"313\">Peli Andrei \u2013 Bucure\u015fti<\/td>\n<\/tr>\n<tr>\n<td width=\"1\"><\/td>\n<td width=\"313\">Potecea Ana-Maria \u2013 Bucure\u015fti<\/td>\n<\/tr>\n<tr>\n<td width=\"1\"><\/td>\n<td width=\"313\">Rusu Nichita-Ioan \u2013 Bucure\u015fti<\/td>\n<\/tr>\n<tr>\n<td width=\"1\"><\/td>\n<td width=\"313\">Span Alexandra \u2013 Fete\u015fti<\/td>\n<\/tr>\n<tr>\n<td width=\"1\"><\/td>\n<td width=\"313\">\u0162\u00een\u0163\u0103reanu-Mircea Mara \u2013 M\u0103gurele, Ilfov<\/td>\n<\/tr>\n<tr>\n<td width=\"1\"><\/td>\n<td width=\"313\"><strong><u><br \/>\n<\/u><\/strong><span style=\"color: #1c1c1c;\"><strong>SEC<\/strong><strong>\u021a<\/strong><strong>IUNEA A \u2013 JUNIOR 2<\/strong><\/span><\/td>\n<\/tr>\n<tr>\n<td width=\"1\"><\/td>\n<td width=\"313\"><strong><span style=\"color: #1c1c1c;\">CATEGORIA A3 (2007)<\/span><\/strong><\/td>\n<\/tr>\n<tr>\n<td width=\"1\"><\/td>\n<td width=\"313\">Andrei Teodora-Ilinca \u2013 Ia\u015fi<\/td>\n<\/tr>\n<tr>\n<td width=\"1\"><\/td>\n<td width=\"313\">23. Bala\u015f Ilinca \u2013 Voluntari, Ilfov<\/td>\n<\/tr>\n<tr>\n<td width=\"1\"><\/td>\n<td width=\"313\">B\u00eerl\u0103deanu Dumitru \u2013 Chi\u015fin\u0103u, Rep.<\/td>\n<\/tr>\n<tr>\n<td width=\"1\"><\/td>\n<td width=\"313\">Bodea Maya Flavia \u2013 Cluj-Napoca<\/td>\n<\/tr>\n<tr>\n<td width=\"1\"><\/td>\n<td width=\"313\">Corneanu Alexandru Virgil \u2013 Buc<\/td>\n<\/tr>\n<tr>\n<td width=\"1\"><\/td>\n<td width=\"313\">Daraban Ema \u2013 Bucure\u015fti<\/td>\n<\/tr>\n<tr>\n<td width=\"1\"><\/td>\n<td width=\"313\">Dobrota David \u2013 Bucure\u015fti<\/td>\n<\/tr>\n<tr>\n<td width=\"1\"><\/td>\n<td width=\"313\">Harabagiu Eva Maria \u2013 Bucure\u015fti<\/td>\n<\/tr>\n<tr>\n<td width=\"1\"><\/td>\n<td width=\"313\">Lupa\u015fcu Leonid \u2013 Bucure\u015fti<\/td>\n<\/tr>\n<tr>\n<td width=\"1\"><\/td>\n<td width=\"313\">Marcu Anna Sofia \u2013 Sibiu<\/td>\n<\/tr>\n<tr>\n<td width=\"1\"><\/td>\n<td width=\"313\">Mihai Erik Andrei \u2013 Bucure\u015fti<\/td>\n<\/tr>\n<tr>\n<td width=\"1\"><\/td>\n<td width=\"313\">M\u00eerzac Maria Alexandra \u2013 Gala\u021bi<\/td>\n<\/tr>\n<tr>\n<td width=\"1\"><\/td>\n<td width=\"313\">Obad\u0103 Drago\u0219 Andrei \u2013 Bucure\u0219ti<\/td>\n<\/tr>\n<tr>\n<td width=\"1\"><\/td>\n<td width=\"313\">Odov\u00e2nc\u0103 David \u2013 Bucure\u015fti<\/td>\n<\/tr>\n<tr>\n<td width=\"1\"><\/td>\n<td width=\"313\">Posoiu Cosmin Andrei \u2013 Bucure\u015fti<\/td>\n<\/tr>\n<tr>\n<td width=\"1\"><\/td>\n<td width=\"313\">Racoveanu Emil \u2013 Bucure\u015fti<\/td>\n<\/tr>\n<tr>\n<td width=\"1\"><\/td>\n<td width=\"313\">Sava Iasmina Maria \u2013 Suceava<\/td>\n<\/tr>\n<tr>\n<td width=\"1\"><\/td>\n<td width=\"313\">Stoica Anita Ioana \u2013 Bucure\u0219ti<\/td>\n<\/tr>\n<tr>\n<td width=\"1\"><\/td>\n<td width=\"313\">Taze Efe Deniz \u2013 Izmir, Turcia<\/td>\n<\/tr>\n<tr>\n<td width=\"1\"><\/td>\n<td width=\"313\">Ungureanu Matei Alexandru \u2013 Teghe\u015f, Ilfov<\/td>\n<\/tr>\n<tr>\n<td width=\"1\"><\/td>\n<td width=\"313\">Van Staden Maria-louisa \u2013 Bucure\u015fti<\/td>\n<\/tr>\n<tr>\n<td width=\"1\"><\/td>\n<td width=\"313\">Vasile Daria Andreea \u2013 Bucure\u015fti<\/td>\n<\/tr>\n<tr>\n<td width=\"1\"><\/td>\n<td width=\"313\">Vasile Maria Casandra \u2013 Bucure\u0219ti<\/td>\n<\/tr>\n<tr>\n<td width=\"1\"><\/td>\n<td width=\"313\">Zaharia Mihnea Alexandru \u2013 Dobroe\u015fti, Ilfov<\/td>\n<\/tr>\n<tr>\n<td width=\"1\"><\/td>\n<td width=\"313\">&nbsp;<\/p>\n<p><strong><span style=\"color: #1c1c1c;\">CATEGORIA A4 (2006)<\/span><\/strong><\/td>\n<\/tr>\n<tr>\n<td width=\"1\"><\/td>\n<td width=\"313\">Albei Alina Daria \u2013 Pite\u0219ti<\/td>\n<\/tr>\n<tr>\n<td width=\"1\"><\/td>\n<td width=\"313\">Alexe Maria Alexandra \u2013 Bucure\u015fti<\/td>\n<\/tr>\n<tr>\n<td width=\"1\"><\/td>\n<td width=\"313\">Boico Felicia \u2013 Chi\u0219in\u0103u, Rep. Moldova<\/td>\n<\/tr>\n<tr>\n<td width=\"1\"><\/td>\n<td width=\"313\">Burcea Darian Gabriel \u2013 Bucure\u0219ti<\/td>\n<\/tr>\n<tr>\n<td width=\"1\"><\/td>\n<td width=\"313\">Burcea Petru-Alexandru \u2013 Bucure\u015fti<\/td>\n<\/tr>\n<tr>\n<td width=\"1\"><\/td>\n<td width=\"313\">Doan\u0103 Iulia Mara \u2013 Bucure\u0219ti<\/td>\n<\/tr>\n<tr>\n<td width=\"1\"><\/td>\n<td width=\"313\">Grigorescu Valen\u021biu \u2013 Bucure\u0219ti<\/td>\n<\/tr>\n<tr>\n<td width=\"1\"><\/td>\n<td width=\"313\">Hanza Rianna Maria \u2013 Constan\u0163a<\/td>\n<\/tr>\n<tr>\n<td width=\"1\"><\/td>\n<td width=\"313\">Ion Teodora-Ana \u2013 Bucure\u015fti<\/td>\n<\/tr>\n<tr>\n<td width=\"1\"><\/td>\n<td width=\"313\">Ivanov-Voronenko Marilena \u2013 Chi\u015fin\u0103u,<\/td>\n<\/tr>\n<tr>\n<td width=\"1\"><\/td>\n<td width=\"313\">Mih\u0103ilescu Sebastian \u2013 Bucure\u015fti<\/td>\n<\/tr>\n<tr>\n<td width=\"1\"><\/td>\n<td width=\"313\">Mihalache Nicholas Mario Claudiu \u2013 Bucure\u015fti<\/td>\n<\/tr>\n<tr>\n<td width=\"1\"><\/td>\n<td width=\"313\">P\u00e2rvan Bianca-Andreea \u2013 Ia\u015fi<\/td>\n<\/tr>\n<tr>\n<td width=\"1\"><\/td>\n<td width=\"313\">Petrescu Irina \u2013 Bucure\u015ftiSavu Maria Irina \u2013 Sighi\u0219oara<\/td>\n<\/tr>\n<tr>\n<td width=\"1\"><\/td>\n<td width=\"313\">\u015etefan Isabelle Adi \u2013 Bucure\u015fti<\/p>\n<p>&nbsp;<\/p>\n<p><strong><span style=\"color: #1c1c1c;\">SEC\u021aIUNEA B<\/span><\/strong><\/td>\n<\/tr>\n<tr>\n<td width=\"1\"><\/td>\n<td width=\"313\"><strong><span style=\"color: #1c1c1c;\">CATEGORIA B1 (2005)<\/span><\/strong><\/td>\n<\/tr>\n<tr>\n<td width=\"1\"><\/td>\n<td width=\"313\">Aracil Almarcha Cristina \u2013 Orihuela, Spania<\/td>\n<\/tr>\n<tr>\n<td width=\"1\"><\/td>\n<td width=\"313\">B\u0103di\u021ba Teodor Nicolae \u2013 Bucure\u0219ti<\/td>\n<\/tr>\n<tr>\n<td width=\"1\"><\/td>\n<td width=\"313\">Brumar Ana Maya \u2013 Sibiu<\/td>\n<\/tr>\n<tr>\n<td width=\"1\"><\/td>\n<td width=\"313\">Duguleanu Ana-Valeria \u2013 Bucure\u015fti<\/td>\n<\/tr>\n<tr>\n<td width=\"1\"><\/td>\n<td width=\"313\">Gheorghe Bianca \u2013 Bucure\u015fti<\/td>\n<\/tr>\n<tr>\n<td width=\"1\"><\/td>\n<td width=\"313\">Marcu \u015etefan \u2013 SibiuM\u0103ciuc\u0103 Miruna \u2013 Bucure\u0219ti<\/td>\n<\/tr>\n<tr>\n<td width=\"1\"><\/td>\n<td width=\"313\">&nbsp;<\/p>\n<p><strong><span style=\"color: #1c1c1c;\">CATEGORIA B2 (2004)<\/span><\/strong><\/td>\n<\/tr>\n<tr>\n<td width=\"1\"><\/td>\n<td width=\"313\">Cadar Erica Agnes \u2013 Voluntari, Ilfov<\/td>\n<\/tr>\n<tr>\n<td width=\"1\"><\/td>\n<td width=\"313\">Hri\u021bcu Maria Cristina \u2013 Suceava<\/td>\n<\/tr>\n<tr>\n<td width=\"1\"><\/td>\n<td width=\"313\">Mahu Matei Cristian \u2013 Bucure\u0219ti<\/td>\n<\/tr>\n<tr>\n<td width=\"1\"><\/td>\n<td width=\"313\">Marin Maria \u2013 Bucure\u015fti<\/td>\n<\/tr>\n<tr>\n<td width=\"1\"><\/td>\n<td width=\"313\">Marletta Marina Grazia \u2013 Bucure\u015fti<\/td>\n<\/tr>\n<tr>\n<td width=\"1\"><\/td>\n<td width=\"313\">Mezei Theodore Mihai \u2013 Cluj-Napoca<\/td>\n<\/tr>\n<tr>\n<td width=\"1\"><\/td>\n<td width=\"313\">Minculescu Irina Anisia \u2013 Bucure\u015fti<\/td>\n<\/tr>\n<tr>\n<td width=\"1\"><\/td>\n<td width=\"313\">N\u0103stase Ioan \u2013 Bucure\u015fti<\/td>\n<\/tr>\n<tr>\n<td width=\"1\"><\/td>\n<td width=\"313\">Pantelei Christian \u2013 Chi\u015fin\u0103u, Rep. Moldova<\/td>\n<\/tr>\n<tr>\n<td width=\"1\"><\/td>\n<td width=\"313\">Suciu Sabina Maria \u2013 Bucure\u0219ti<\/td>\n<\/tr>\n<tr>\n<td width=\"1\"><\/td>\n<td width=\"313\">&nbsp;<\/p>\n<p><strong><span style=\"color: #1c1c1c;\">CATEGORIA B3 (2003)<\/span><\/strong><\/td>\n<\/tr>\n<tr>\n<td width=\"1\"><\/td>\n<td width=\"313\">G\u0103mulescu Anelise \u2013 Bucure\u015fti<\/td>\n<\/tr>\n<tr>\n<td width=\"1\"><\/td>\n<td width=\"313\">Ionescu Laura \u2013 Corbeanca, Ilfov<\/td>\n<\/tr>\n<tr>\n<td width=\"1\"><\/td>\n<td width=\"313\">K\u00f6seler Deniz \u2013 Izmir, Turcia<\/td>\n<\/tr>\n<tr>\n<td width=\"1\"><\/td>\n<td width=\"313\">Milea Vlad-Ioan \u2013 Bucure\u015fti<\/td>\n<\/tr>\n<tr>\n<td width=\"1\"><\/td>\n<td width=\"313\">Nistor Catinca Cristiana \u2013 Bucure\u015fti<\/td>\n<\/tr>\n<tr>\n<td width=\"1\"><\/td>\n<td width=\"313\">Ni\u0163\u0103 Marius Aram \u2013 Constan\u0163a<\/td>\n<\/tr>\n<tr>\n<td width=\"1\"><\/td>\n<td width=\"313\">Van Staden Frederick Ion \u2013 Bucure\u015fti<\/td>\n<\/tr>\n<tr>\n<td width=\"1\"><\/td>\n<td width=\"313\">&nbsp;<\/p>\n<p><strong><span style=\"color: #1c1c1c;\">CATEGORIA B4 (2002)<\/span><\/strong><\/td>\n<\/tr>\n<tr>\n<td width=\"1\"><\/td>\n<td width=\"313\">68. Craita Andreea-Timeea \u2013 Buz\u0103u<\/td>\n<\/tr>\n<tr>\n<td width=\"1\"><\/td>\n<td width=\"313\">Puzur Aurel \u2013 Chi\u015fin\u0103u, Rep. Moldova<\/td>\n<\/tr>\n<tr>\n<td width=\"1\"><\/td>\n<td width=\"313\">&nbsp;<\/p>\n<p><strong><span style=\"color: #1c1c1c;\">CATEGORIA B5 (2001)<\/span><\/strong><\/td>\n<\/tr>\n<tr>\n<td width=\"1\"><\/td>\n<td width=\"313\">Turcitu M\u0103d\u0103lin Marian \u2013 Bucure\u0219ti<\/td>\n<\/tr>\n<tr>\n<td width=\"1\"><\/td>\n<td width=\"313\">&nbsp;<\/p>\n<p><strong><span style=\"color: #1c1c1c;\">CATEGORIA B6 (2000)<\/span><\/strong><\/td>\n<\/tr>\n<tr>\n<td width=\"1\"><\/td>\n<td width=\"313\">B\u0103ran Andreea Cristina \u2013 Bucure\u0219ti<\/td>\n<\/tr>\n<tr>\n<td width=\"1\"><\/td>\n<td width=\"313\">Cr\u0103ciun Eduard Alexandru \u2013 Bucure\u0219ti<\/td>\n<\/tr>\n<tr>\n<td width=\"1\"><\/td>\n<td width=\"313\">Negreanu Diana-Mariana \u2013 Bucure\u015fti<\/td>\n<\/tr>\n<tr>\n<td width=\"1\"><\/td>\n<td width=\"313\">Podolean Lucian \u2013 Chi\u015fin\u0103u, Rep. Moldova<\/td>\n<\/tr>\n<tr>\n<td width=\"1\"><\/td>\n<td width=\"313\">Rusu Lauren\u021biu Gerard \u2013 Bucure\u0219ti<\/td>\n<\/tr>\n<tr>\n<td width=\"1\"><\/td>\n<td width=\"313\">Top Adrian \u2013 Tecuci<\/td>\n<\/tr>\n<tr>\n<td width=\"1\"><\/td>\n<td width=\"313\">Voronin Igor \u2013 Chi\u015fin\u0103u, Rep. Moldova<\/td>\n<\/tr>\n<tr>\n<td width=\"1\"><\/td>\n<td width=\"313\">&nbsp;<\/p>\n<p><strong><span style=\"color: #1c1c1c;\">CATEGORIA B7 (1999)<\/span><\/strong><\/td>\n<\/tr>\n<tr>\n<td width=\"1\"><\/td>\n<td width=\"313\">Amali\u0163ii Roberta \u2013 Piatra Neam\u0163<\/td>\n<\/tr>\n<tr>\n<td width=\"1\"><\/td>\n<td width=\"313\">Bujorea Daniel \u2013 Giurgiu<\/td>\n<\/tr>\n<tr>\n<td width=\"1\"><\/td>\n<td width=\"313\">Cicireaga Moisescu Andreea \u2013 Cluj-Napoca<\/td>\n<\/tr>\n<tr>\n<td width=\"1\"><\/td>\n<td width=\"313\">Yunusova Mukxtarovna Layloxon \u2013 Tashkent<\/td>\n<\/tr>\n<tr>\n<td width=\"1\"><\/td>\n<td width=\"313\">Soleanu Petru \u2013 Bucure\u0219ti<\/td>\n<\/tr>\n<tr>\n<td width=\"1\"><\/td>\n<td width=\"313\">\u0218andru Gabriel Nicolae \u2013 Bucure\u0219t<\/td>\n<\/tr>\n<tr>\n<td width=\"1\"><\/td>\n<td width=\"313\"><u>\u00a0<\/u><\/p>\n<p><strong><span style=\"color: #1c1c1c;\">CATEGORIA B8 (1998 \u2013 1997)<\/span><\/strong><\/td>\n<\/tr>\n<tr>\n<td width=\"1\"><\/td>\n<td width=\"313\">Abdulazizov Maxmut \u2013 Tashkent, Uzbekistan<\/td>\n<\/tr>\n<tr>\n<td width=\"1\"><\/td>\n<td width=\"313\">Amanbayeva Diana \u2013 Tashkent, Uzbekistan<\/td>\n<\/tr>\n<tr>\n<td width=\"1\"><\/td>\n<td width=\"313\">Bocioc \u015etefan \u2013 Berca, Buz\u0103u<\/td>\n<\/tr>\n<tr>\n<td width=\"1\"><\/td>\n<td width=\"313\">Ergasheva Zebokhon \u2013 Tashkent, Uzbekistan<\/td>\n<\/tr>\n<tr>\n<td width=\"1\"><\/td>\n<td width=\"313\">G\u00eerleanu Ioana Demetra \u2013 Bucure\u0219ti<\/td>\n<\/tr>\n<tr>\n<td width=\"1\"><\/td>\n<td width=\"313\">Mih\u0103ilescu Ioan \u2013 Timi\u015foara<\/td>\n<\/tr>\n<tr>\n<td width=\"1\"><\/td>\n<td width=\"313\">Vokhidjonov Zafarjon \u2013 Tashkent, Uzbekistan<\/td>\n<\/tr>\n<tr>\n<td width=\"1\"><\/td>\n<td width=\"313\">&nbsp;<\/p>\n<p><strong><span style=\"color: #1c1c1c;\">CATEGORIA C (1996 \u2013 1986)<\/span><\/strong><\/td>\n<\/tr>\n<tr>\n<td width=\"1\"><\/td>\n<td width=\"313\">Boldea Marius \u2013 Bucure\u015fti<\/td>\n<\/tr>\n<tr>\n<td width=\"1\"><\/td>\n<td width=\"313\">D\u0103nil\u0103 M\u0103d\u0103lina-Claudia \u2013 Br\u0103ila<\/td>\n<\/tr>\n<tr>\n<td width=\"1\"><\/td>\n<td width=\"313\">Demidov Andra \u2013 Bucure\u0219ti, Absolvent\u0103 UNMB<\/td>\n<\/tr>\n<tr>\n<td width=\"1\"><\/td>\n<td width=\"313\">Doros Ecaterina \u2013 Bucure\u015fti<\/td>\n<\/tr>\n<tr>\n<td width=\"1\"><\/td>\n<td width=\"313\">Gugu Ieronim Cosmin \u2013 Bucure\u015fti<\/td>\n<\/tr>\n<tr>\n<td width=\"1\"><\/td>\n<td width=\"313\">Ionita Fabiola \u2013 Strejnic, Prahova<\/td>\n<\/tr>\n<tr>\n<td width=\"1\"><\/td>\n<td width=\"313\">Sun Jiazuo \u2013 China \/ Cluj-Napoca<\/td>\n<\/tr>\n<tr>\n<td colspan=\"2\" width=\"314\">&nbsp;<\/p>\n<p><span style=\"color: #1c1c1c;\"><strong>SEC<\/strong><strong>\u021a<\/strong><strong>IUNEA D (4 m\u00e2ini)<\/strong><\/span><\/td>\n<\/tr>\n<tr>\n<td colspan=\"2\" width=\"314\">\n<ol>\n<li>Bala\u015f Delia \u015fi<\/li>\n<\/ol>\n<p>Iulia \u2013 Voluntari, Ilfov<\/td>\n<\/tr>\n<tr>\n<td colspan=\"2\" width=\"314\">2. Ana Maya Brumar \u0219iPatrick Brumar \u2013 Sibiu<\/p>\n<p>3. Constantinesc Horia \u0219i<\/p>\n<p>Vi\u0219enescu Vlad Constantin \u2013 Bucure\u0219ti<\/td>\n<\/tr>\n<tr>\n<td colspan=\"2\" width=\"314\">4. Boldea Marius \u0219iBadica Ana \u2013 Bucure\u015fti<\/td>\n<\/tr>\n<\/tbody>\n<\/table>\n","protected":false},"excerpt":{"rendered":"<p>Adress for rehearsals (practice): Music Colege\u00a0 \u201dGeorge Enescu\u201d, (Colegiul Na\u021bional de Muzic\u0103), General Gheorghe Manu str. no.30(next National Museum\u00a0 \u201dGeorge Enescu\u201d and Minerva Hotel), starting Tuesday 21 of June, 8 hour AM(Monday is officially all closed for Religious Holiday). &nbsp; Adress for Competition Hall: ARCUB\u00a0 Gabroveni \u2013 Lipscani str.\u00a0 no 84-90, correspondence in Gabroveni str. [&hellip;]<\/p>\n","protected":false},"author":1,"featured_media":0,"parent":0,"menu_order":0,"comment_status":"closed","ping_status":"closed","template":"","meta":{"footnotes":""},"class_list":["post-1055","page","type-page","status-publish","hentry"],"_links":{"self":[{"href":"https:\/\/propiano.org\/english\/wp-json\/wp\/v2\/pages\/1055","targetHints":{"allow":["GET"]}}],"collection":[{"href":"https:\/\/propiano.org\/english\/wp-json\/wp\/v2\/pages"}],"about":[{"href":"https:\/\/propiano.org\/english\/wp-json\/wp\/v2\/types\/page"}],"author":[{"embeddable":true,"href":"https:\/\/propiano.org\/english\/wp-json\/wp\/v2\/users\/1"}],"replies":[{"embeddable":true,"href":"https:\/\/propiano.org\/english\/wp-json\/wp\/v2\/comments?post=1055"}],"version-history":[{"count":11,"href":"https:\/\/propiano.org\/english\/wp-json\/wp\/v2\/pages\/1055\/revisions"}],"predecessor-version":[{"id":1146,"href":"https:\/\/propiano.org\/english\/wp-json\/wp\/v2\/pages\/1055\/revisions\/1146"}],"wp:attachment":[{"href":"https:\/\/propiano.org\/english\/wp-json\/wp\/v2\/media?parent=1055"}],"curies":[{"name":"wp","href":"https:\/\/api.w.org\/{rel}","templated":true}]}}