{"id":1152,"date":"2016-08-29T17:27:53","date_gmt":"2016-08-29T17:27:53","guid":{"rendered":"http:\/\/www.propiano.org\/english\/?page_id=1152"},"modified":"2016-09-03T19:11:44","modified_gmt":"2016-09-03T19:11:44","slug":"2016-2","status":"publish","type":"page","link":"https:\/\/propiano.org\/english\/2016-2\/","title":{"rendered":"2016"},"content":{"rendered":"<h3 style=\"text-align: center;\"><strong>AWARDS(PRIZES) &#8211; 20<sup>th<\/sup> Edition\u00a0\u00a0of the<\/strong><\/h3>\n<h4 style=\"text-align: center;\"><strong>International Piano Competition \u201dPRO PIANO-ROMANIA\u201d \/ 21 \u2013 26 June 2016)<\/strong><\/h4>\n<h3><\/h3>\n<p>&nbsp;<\/p>\n<h3><\/h3>\n<h3><strong>SECTION\u00a0 A<\/strong><\/h3>\n<h3>5 Categories based on year of birth:<\/h3>\n<p>&nbsp;<\/p>\n<h4><strong>\u00a0A0(2010) <\/strong><\/h4>\n<table style=\"height: 99px;\" width=\"494\">\n<tbody>\n<tr>\n<td width=\"354\">Panait Iris Maria \u2013 Constan\u021ba<\/td>\n<td width=\"132\"><strong>II<\/strong><\/td>\n<\/tr>\n<tr>\n<td width=\"354\">\u0218aikovschii David \u2013 Chi\u0219in\u0103u(2011)<\/td>\n<td width=\"132\"><strong>II<\/strong><\/td>\n<\/tr>\n<tr>\n<td width=\"354\">M\u00eerzac Andreea Camelia \u2013 Gala\u021bi<\/td>\n<td width=\"132\"><strong>I<\/strong><\/td>\n<\/tr>\n<\/tbody>\n<\/table>\n<p>&nbsp;<\/p>\n<table style=\"height: 346px;\" width=\"550\">\n<tbody>\n<tr>\n<td width=\"336\">\n<h4><strong>A1(2009) <\/strong><\/h4>\n<\/td>\n<td width=\"162\"><strong>\u00a0<\/strong><\/td>\n<\/tr>\n<tr>\n<td width=\"336\">Maksutovici Enya \u2013 Cluj-Napoca<\/td>\n<td width=\"162\"><strong>III<\/strong><\/td>\n<\/tr>\n<tr>\n<td width=\"336\">Razicheanu R\u0103zvan \u2013 Bucure\u015fti<\/td>\n<td width=\"162\"><strong>III<\/strong><\/td>\n<\/tr>\n<tr>\n<td width=\"336\">Saicovscaia Amalia &#8211; Chi\u015fin\u0103u, Rep. Moldova<\/td>\n<td width=\"162\"><strong>III<\/strong><\/td>\n<\/tr>\n<tr>\n<td width=\"336\">Duca Ania &#8211; Bucure\u015fti<\/td>\n<td width=\"162\"><strong>II<\/strong><\/td>\n<\/tr>\n<tr>\n<td width=\"336\">Istudor Gabriel Antonio &#8211; Gala\u0163i<\/td>\n<td width=\"162\"><strong>II<\/strong><\/td>\n<\/tr>\n<tr>\n<td width=\"336\">Nicodim Maria-Vanessa &#8211; Gala\u0163i<\/td>\n<td width=\"162\"><strong>II<\/strong><\/td>\n<\/tr>\n<tr>\n<td width=\"336\">Neam\u0163u Maria Diana &#8211; Constan\u0163a<\/td>\n<td width=\"162\"><strong>II<\/strong><\/td>\n<\/tr>\n<tr>\n<td width=\"336\">Bondil\u0103 Paul Marian &#8211; Voluntari, Ilfov<\/td>\n<td width=\"162\"><strong>I<\/strong><\/td>\n<\/tr>\n<tr>\n<td width=\"336\">Klapsinakis Filippos &#8211; Rethymno, Grecia<\/td>\n<td width=\"162\"><strong>I<\/strong><\/td>\n<\/tr>\n<tr>\n<td width=\"336\">\u021a\u0103ru\u0219 Anastasia \u2013 Chi\u0219in\u0103u, Rep. Moldova<\/td>\n<td width=\"162\"><strong>Ist\u00a0of Excellence<\/strong><\/td>\n<\/tr>\n<\/tbody>\n<\/table>\n<p><strong>\u00a0<\/strong><\/p>\n<h4><strong>A2(2008)<\/strong><\/h4>\n<table width=\"474\">\n<tbody>\n<tr>\n<td width=\"396\">Rusu Nichita-Ioan &#8211; Bucure\u015fti<\/td>\n<td width=\"78\"><strong>V<\/strong><\/td>\n<\/tr>\n<tr>\n<td width=\"396\">Cristea Mihai-Cristian &#8211; Buc<\/td>\n<td width=\"78\"><strong>III<\/strong><\/td>\n<\/tr>\n<tr>\n<td width=\"396\">Potecea Ana-Maria &#8211; Bucure\u015fti<\/td>\n<td width=\"78\"><strong>III<\/strong><\/td>\n<\/tr>\n<tr>\n<td width=\"396\">Span Alexandra \u2013 Fete\u015fti<\/td>\n<td width=\"78\"><strong>III<\/strong><\/td>\n<\/tr>\n<tr>\n<td width=\"396\">Badea Marie Eveline<\/td>\n<td width=\"78\"><strong>II<\/strong><\/td>\n<\/tr>\n<tr>\n<td width=\"396\">Balog Tonia Beatrice \u2013 Cluj<\/td>\n<td width=\"78\"><strong>II<\/strong><\/td>\n<\/tr>\n<tr>\n<td width=\"396\">Chereches Ana Sofia &#8211; Bucure\u015fti<\/td>\n<td width=\"78\"><strong>II<\/strong><\/td>\n<\/tr>\n<tr>\n<td width=\"396\">Grigore Bogdan Andrei &#8211; Giurgiu<\/td>\n<td width=\"78\"><strong>II<\/strong><\/td>\n<\/tr>\n<tr>\n<td width=\"396\">Gusa Bianca Maria &#8211; Bucure\u015fti<\/td>\n<td width=\"78\"><strong>II<\/strong><\/td>\n<\/tr>\n<tr>\n<td width=\"396\">Pantazi Sabina Cristina \u2013 Buc<\/td>\n<td width=\"78\"><strong>II<\/strong><\/td>\n<\/tr>\n<tr>\n<td width=\"396\">Peli Andrei \u2013 Bucure\u015fti<\/td>\n<td width=\"78\"><strong>II<\/strong><\/td>\n<\/tr>\n<tr>\n<td width=\"396\">Popa Diana \u0218tefania &#8211; Bucure\u0219ti<\/td>\n<td width=\"78\"><strong>II<\/strong><\/td>\n<\/tr>\n<tr>\n<td width=\"396\">Tiriachiu Daria Maria \u2013 Gala\u0163i<\/td>\n<td width=\"78\"><strong>II<\/strong><\/td>\n<\/tr>\n<tr>\n<td width=\"396\">\u0162\u00een\u0163\u0103reanu-Mircea Mara &#8211; Ilfov<\/td>\n<td width=\"78\"><strong>II<\/strong><\/td>\n<\/tr>\n<\/tbody>\n<\/table>\n<p><strong>\u00a0<\/strong><\/p>\n<h4><strong>A3(2007)<\/strong><\/h4>\n<table style=\"height: 737px;\" width=\"923\">\n<tbody>\n<tr>\n<td width=\"288\">Marcu Anna Sofia \u2013 Sibiu<\/td>\n<td width=\"270\"><strong>V<\/strong><\/td>\n<td width=\"103\"><\/td>\n<\/tr>\n<tr>\n<td width=\"288\">Sava Iasmina Maria &#8211; Suceava<\/td>\n<td width=\"270\"><strong>V<\/strong><\/td>\n<td width=\"103\"><\/td>\n<\/tr>\n<tr>\n<td width=\"288\">Taze Efe Deniz &#8211; Izmir, Turcia<\/td>\n<td width=\"270\"><strong>V<\/strong><\/td>\n<td width=\"103\"><\/td>\n<\/tr>\n<tr>\n<td width=\"288\">Ungureanu Matei Alexandru &#8211; Ilfov<\/td>\n<td width=\"270\"><strong>V<\/strong><\/td>\n<td width=\"103\"><\/td>\n<\/tr>\n<tr>\n<td width=\"288\">Van Staden Maria-louisa &#8211; Bucure\u015fti<\/td>\n<td width=\"270\"><strong>V<\/strong><\/td>\n<td width=\"103\"><\/td>\n<\/tr>\n<tr>\n<td width=\"288\">Daraban Ema \u2013 Bucure\u015fti<\/td>\n<td width=\"270\"><strong>IV<\/strong><\/td>\n<td width=\"103\"><\/td>\n<\/tr>\n<tr>\n<td width=\"288\">Zaharia Mihnea Alexandru<\/td>\n<td width=\"270\"><strong>IV<\/strong><\/td>\n<td width=\"103\"><\/td>\n<\/tr>\n<tr>\n<td width=\"288\">Bala\u015f Ilinca &#8211; Voluntari, Ilfov<\/td>\n<td width=\"270\"><strong>III<\/strong><\/td>\n<td width=\"103\"><\/td>\n<\/tr>\n<tr>\n<td width=\"288\">Mihai Erik Andrei \u2013 Bucure\u015fti<\/td>\n<td width=\"270\"><strong>III<\/strong><\/td>\n<td width=\"103\"><\/td>\n<\/tr>\n<tr>\n<td width=\"288\">Racoveanu Emil &#8211; Bucure\u015fti<\/td>\n<td width=\"270\"><strong>III<\/strong><\/td>\n<td width=\"103\"><\/td>\n<\/tr>\n<tr>\n<td width=\"288\">Andrei Teodora-Ilinca &#8211; Ia\u015fi<\/td>\n<td width=\"270\"><strong>II<\/strong><\/td>\n<td width=\"103\"><\/td>\n<\/tr>\n<tr>\n<td width=\"288\">B\u00eerl\u0103deanu Dumitru &#8211; Chi\u015fin\u0103u<\/td>\n<td width=\"270\"><strong>II<\/strong><\/td>\n<td width=\"103\"><\/td>\n<\/tr>\n<tr>\n<td width=\"288\">Harabagiu Eva Maria \u2013 Bucure\u015fti<\/td>\n<td width=\"270\"><strong>II<\/strong><\/td>\n<td width=\"103\"><\/td>\n<\/tr>\n<tr>\n<td width=\"288\">Obad\u0103 Drago\u0219 Andrei \u2013 Bucure\u0219ti<\/td>\n<td width=\"270\"><strong>II<\/strong><\/td>\n<td width=\"103\"><\/td>\n<\/tr>\n<tr>\n<td width=\"288\">Odov\u00e2nc\u0103 David &#8211; Bucure\u015fti<\/td>\n<td width=\"270\"><strong>II<\/strong><\/td>\n<td width=\"103\"><\/td>\n<\/tr>\n<tr>\n<td width=\"288\">Posoiu Cosmin Andrei &#8211; Bucure\u015fti<\/td>\n<td width=\"270\"><strong>II<\/strong><\/td>\n<td width=\"103\"><\/td>\n<\/tr>\n<tr>\n<td width=\"288\">Vasile Daria Andreea &#8211; Bucure\u015fti<\/td>\n<td width=\"270\"><strong>II<\/strong><\/td>\n<td width=\"103\"><\/td>\n<\/tr>\n<tr>\n<td width=\"288\">Vasile Maria Casandra \u2013 Bucure\u0219ti<\/td>\n<td width=\"270\"><strong>II<\/strong><\/td>\n<td width=\"103\"><\/td>\n<\/tr>\n<tr>\n<td width=\"288\">B\u0103di\u021ba Maria &#8211; Bucure\u0219ti<\/td>\n<td width=\"270\"><strong>I<\/strong><\/td>\n<td width=\"103\"><\/td>\n<\/tr>\n<tr>\n<td width=\"288\">Bodea Maya Flavia \u2013 Cluj-Napoca<\/td>\n<td width=\"270\"><strong>I<\/strong><\/td>\n<td width=\"103\"><\/td>\n<\/tr>\n<tr>\n<td width=\"288\">Corneanu Alexandru Virgil \u2013 Buc<\/td>\n<td width=\"270\"><strong>I<\/strong><\/td>\n<td width=\"103\"><\/td>\n<\/tr>\n<tr>\n<td width=\"288\">Lupa\u015fcu Leonid \u2013 Bucure\u015fti<\/td>\n<td width=\"270\"><strong>I<\/strong><\/td>\n<td width=\"103\"><\/td>\n<\/tr>\n<tr>\n<td width=\"288\">M\u00eerzac Maria Alexandra \u2013 Gala\u021bi<\/td>\n<td width=\"270\"><strong>I<\/strong><\/td>\n<td width=\"103\"><\/td>\n<\/tr>\n<tr>\n<td width=\"288\">Stoica Anita Ioana \u2013 Bucure\u0219ti<\/td>\n<td width=\"270\"><strong>Ist\u00a0of Excellence<\/strong><\/td>\n<td width=\"103\"><\/td>\n<\/tr>\n<\/tbody>\n<\/table>\n<p><strong>\u00a0<\/strong><\/p>\n<h4><strong>A4(2006)<\/strong><\/h4>\n<table style=\"height: 461px;\" width=\"579\">\n<tbody>\n<tr>\n<td width=\"356\">Ion Teodora-Ana &#8211; Bucure\u015fti<\/td>\n<td width=\"142\"><strong>V<\/strong><\/td>\n<\/tr>\n<tr>\n<td width=\"356\">Mih\u0103ilescu Sebastian &#8211; Bucure\u015fti<\/td>\n<td width=\"142\"><strong>IV<\/strong><\/td>\n<\/tr>\n<tr>\n<td width=\"356\">P\u00e2rvan Bianca-Andreea &#8211; Ia\u015fi<\/td>\n<td width=\"142\"><strong>IV<\/strong><\/td>\n<\/tr>\n<tr>\n<td width=\"356\">Hanza Rianna Maria &#8211; Constan\u0163a<\/td>\n<td width=\"142\"><strong>III<\/strong><\/td>\n<\/tr>\n<tr>\n<td width=\"356\">Mihalache Nicholas Mario Claudiu<\/td>\n<td width=\"142\"><strong>III<\/strong><\/td>\n<\/tr>\n<tr>\n<td width=\"356\">Petrescu Irina \u2013 Bucure\u015fti<\/td>\n<td width=\"142\"><strong>III<\/strong><\/td>\n<\/tr>\n<tr>\n<td width=\"356\">\u015etefan Isabelle Adi \u2013 Bucure\u015fti<\/td>\n<td width=\"142\"><strong>III<\/strong><\/td>\n<\/tr>\n<tr>\n<td width=\"356\">Albei Alina Daria \u2013 Pite\u0219ti<\/td>\n<td width=\"142\"><strong>II<\/strong><\/td>\n<\/tr>\n<tr>\n<td width=\"356\">Alexe Maria Alexandra \u2013 Bucure\u015fti<\/td>\n<td width=\"142\"><strong>II<\/strong><\/td>\n<\/tr>\n<tr>\n<td width=\"356\">Burcea Petru-Alexandru &#8211; Bucure\u015fti<\/td>\n<td width=\"142\"><strong>II<\/strong><\/td>\n<\/tr>\n<tr>\n<td width=\"356\">Savu Maria Irina \u2013 Sighi\u0219oara<\/td>\n<td width=\"142\"><strong>II<\/strong><\/td>\n<\/tr>\n<tr>\n<td width=\"356\">Burcea Darian Gabriel \u2013 Bucure\u0219ti<\/td>\n<td width=\"142\"><strong>I<\/strong><\/td>\n<\/tr>\n<tr>\n<td width=\"356\">Doan\u0103 Iulia Mara \u2013 Bucure\u0219ti<\/td>\n<td width=\"142\"><strong>I<\/strong><\/td>\n<\/tr>\n<tr>\n<td width=\"356\">Grigorescu Valen\u021biu \u2013 Bucure\u0219ti<\/td>\n<td width=\"142\"><strong>I<\/strong><\/td>\n<\/tr>\n<tr>\n<td width=\"356\">Ivanov-Voronenko Marilena &#8211; Chi\u015fin\u0103u<\/td>\n<td width=\"142\"><strong>I<\/strong><\/td>\n<\/tr>\n<\/tbody>\n<\/table>\n<p><strong>\u00a0<\/strong><strong>\u00a0<\/strong><\/p>\n<p><strong>\u00a0<\/strong><\/p>\n<h3><strong>SECTION B<\/strong><\/h3>\n<h3>8 Categories based on year of birth:<\/h3>\n<h4><strong>\u00a0<\/strong><strong>B1(2005)<\/strong><\/h4>\n<table style=\"height: 197px;\" width=\"592\">\n<tbody>\n<tr>\n<td width=\"349\">Gheorghe Bianca &#8211; Bucure\u015fti<\/td>\n<td width=\"142\"><strong>III<\/strong><\/td>\n<\/tr>\n<tr>\n<td width=\"349\">M\u0103ciuc\u0103 Miruna &#8211; Bucure\u0219ti<\/td>\n<td width=\"142\"><strong>III<\/strong><\/td>\n<\/tr>\n<tr>\n<td width=\"349\">B\u0103di\u021ba Teodor Nicolae \u2013 Bucure\u0219ti<\/td>\n<td width=\"142\"><strong>II<\/strong><\/td>\n<\/tr>\n<tr>\n<td width=\"349\">Duguleanu Ana-Valeria &#8211; Bucure\u015fti<\/td>\n<td width=\"142\"><strong>II<\/strong><\/td>\n<\/tr>\n<tr>\n<td width=\"349\">Brumar Ana Maya \u2013 Sibiu<\/td>\n<td width=\"142\"><strong>I<\/strong><\/td>\n<\/tr>\n<tr>\n<td width=\"349\">Aracil Almarcha Cristina &#8211; Orihuela, Spania<\/td>\n<td width=\"142\"><strong>I<\/strong><\/td>\n<\/tr>\n<\/tbody>\n<\/table>\n<p><strong>\u00a0<\/strong><\/p>\n<h4><strong>B2(2004)<\/strong><\/h4>\n<table style=\"height: 263px;\" width=\"627\">\n<tbody>\n<tr>\n<td width=\"337\">Hri\u021bcu Maria Cristina \u2013 Suceava<\/td>\n<td width=\"160\"><strong>III<\/strong><\/td>\n<\/tr>\n<tr>\n<td width=\"337\">Cadar Erica Agnes &#8211; Ilfov<\/td>\n<td width=\"160\"><strong>II<\/strong><\/td>\n<\/tr>\n<tr>\n<td width=\"337\">Mahu Matei Cristian \u2013 Bucure\u0219ti<\/td>\n<td width=\"160\"><strong>II<\/strong><\/td>\n<\/tr>\n<tr>\n<td width=\"337\">Marin Maria &#8211; Bucure\u015fti<\/td>\n<td width=\"160\"><strong>II<\/strong><\/td>\n<\/tr>\n<tr>\n<td width=\"337\">N\u0103stase Ioan \u2013 Bucure\u015fti<\/td>\n<td width=\"160\"><strong>II<\/strong><\/td>\n<\/tr>\n<tr>\n<td width=\"337\">Mezei Theodore Mihai\u2013Cluj-<\/td>\n<td width=\"160\"><strong>I<\/strong><\/td>\n<\/tr>\n<tr>\n<td width=\"337\">Minculescu Irina Anisia &#8211; Buc<\/td>\n<td width=\"160\"><strong>I<\/strong><\/td>\n<\/tr>\n<tr>\n<td width=\"337\">Suciu Sabina Maria \u2013 Bucure\u0219ti<\/td>\n<td width=\"160\"><strong>Ist\u00a0of Excellence<\/strong><\/td>\n<\/tr>\n<\/tbody>\n<\/table>\n<p><strong>\u00a0<\/strong><\/p>\n<h4><strong>B3 (2003)<\/strong><\/h4>\n<table style=\"height: 201px;\" width=\"627\">\n<tbody>\n<tr>\n<td width=\"344\">K\u00f6seler Deniz &#8211; Izmir, Turcia<\/td>\n<td width=\"165\"><strong>V<\/strong><\/td>\n<\/tr>\n<tr>\n<td width=\"344\">Ni\u0163\u0103 Marius Aram \u2013 Constan\u0163a<\/td>\n<td width=\"165\"><strong>IV<\/strong><\/td>\n<\/tr>\n<tr>\n<td width=\"344\">Bratu Rare\u0219 Dumitru &#8211; Bucure\u0219ti<\/td>\n<td width=\"165\"><strong>III<\/strong><\/td>\n<\/tr>\n<tr>\n<td width=\"344\">Nistor Catinca Cristiana &#8211; Buc<\/td>\n<td width=\"165\"><strong>II<\/strong><\/td>\n<\/tr>\n<tr>\n<td width=\"344\">Tolea Petru &#8211; Bucure\u0219ti<\/td>\n<td width=\"165\"><strong>I<\/strong><\/td>\n<\/tr>\n<tr>\n<td width=\"344\">G\u0103mulescu Anelise &#8211; Bucure\u015fti<\/td>\n<td width=\"165\"><strong>Ist\u00a0of Excellence<\/strong><\/td>\n<\/tr>\n<\/tbody>\n<\/table>\n<p><strong>\u00a0<\/strong><\/p>\n<h4><strong>B4( 2002)<\/strong><\/h4>\n<table style=\"height: 40px;\" width=\"635\">\n<tbody>\n<tr>\n<td width=\"351\">Puzur Aurel &#8211; Chi\u015fin\u0103u, Rep. Moldova<\/td>\n<td width=\"165\"><strong>II<\/strong><\/td>\n<\/tr>\n<\/tbody>\n<\/table>\n<p><strong>\u00a0<\/strong><strong>\u00a0<\/strong><\/p>\n<h4><strong>B6(2000)<\/strong><\/h4>\n<table style=\"height: 199px;\" width=\"604\">\n<tbody>\n<tr>\n<td width=\"356\">Cr\u0103ciun Eduard Alexandru \u2013 Buc<\/td>\n<td width=\"141\"><strong>IV<\/strong><\/td>\n<\/tr>\n<tr>\n<td width=\"356\">B\u0103ran Andreea Cristina \u2013 Bucure\u0219ti<\/td>\n<td width=\"141\"><strong>II<\/strong><\/td>\n<\/tr>\n<tr>\n<td width=\"356\">Podolean Lucian &#8211; Chi\u015fin\u0103u<\/td>\n<td width=\"141\"><strong>II<\/strong><\/td>\n<\/tr>\n<tr>\n<td width=\"356\">Negreanu Diana-Mariana &#8211; Buc<\/td>\n<td width=\"141\"><strong>I<\/strong><\/td>\n<\/tr>\n<tr>\n<td width=\"356\">Rusu Lauren\u021biu Gerard \u2013 Bucure\u0219ti<\/td>\n<td width=\"141\"><strong>I<\/strong><\/td>\n<\/tr>\n<tr>\n<td width=\"356\">Voronin Igor &#8211; Chi\u015fin\u0103u, Rep. Moldova<\/td>\n<td width=\"141\"><strong>I<\/strong><\/td>\n<\/tr>\n<\/tbody>\n<\/table>\n<p><strong>\u00a0<\/strong><strong>\u00a0<\/strong><\/p>\n<h4><strong>B7(1999)<\/strong><\/h4>\n<table style=\"height: 122px;\" width=\"642\">\n<tbody>\n<tr>\n<td width=\"351\">Bujorea Daniel &#8211; Giurgiu<\/td>\n<td width=\"165\"><strong>II<\/strong><\/td>\n<\/tr>\n<tr>\n<td width=\"351\">Soleanu Petru \u2013 Bucure\u0219ti<\/td>\n<td width=\"165\"><strong>I<\/strong><\/td>\n<\/tr>\n<tr>\n<td width=\"351\">Cicireaga Moisescu Andreea\u2013Cluj-Napoca<\/td>\n<td width=\"165\"><strong>Ist\u00a0of Excellence<\/strong><\/td>\n<\/tr>\n<\/tbody>\n<\/table>\n<p><strong>\u00a0<\/strong><\/p>\n<h4><strong>B8(1998, 1997)<\/strong><\/h4>\n<table style=\"height: 137px;\" width=\"627\">\n<tbody>\n<tr>\n<td width=\"351\">G\u00eerleanu Ioana Demetra \u2013 Buc<\/td>\n<td width=\"153\"><strong>III<\/strong><\/td>\n<\/tr>\n<tr>\n<td width=\"351\">Bocioc \u015etefan &#8211; Berca, Buz\u0103u<\/td>\n<td width=\"153\"><strong>II<\/strong><\/td>\n<\/tr>\n<tr>\n<td width=\"351\">Ergasheva Zebokhon &#8211; Tashkent, Uzbekistan<\/td>\n<td width=\"153\"><strong>I<\/strong><\/td>\n<\/tr>\n<tr>\n<td width=\"351\">Mih\u0103ilescu Ioan \u2013 Timi\u015foara<\/td>\n<td width=\"153\"><strong>I<\/strong><\/td>\n<\/tr>\n<\/tbody>\n<\/table>\n<p><strong>\u00a0<\/strong><\/p>\n<p><strong>\u00a0<\/strong><\/p>\n<h3><strong>SECTION C<\/strong><\/h3>\n<table style=\"height: 141px;\" width=\"623\">\n<tbody>\n<tr>\n<td width=\"349\">Boldea Marius &#8211; Bucure\u015fti<\/td>\n<td width=\"143\"><strong>III<\/strong><\/td>\n<\/tr>\n<tr>\n<td width=\"349\">Gugu Ieronim Cosmin &#8211; Bucure\u015fti<\/td>\n<td width=\"143\"><strong>II<\/strong><\/td>\n<\/tr>\n<tr>\n<td width=\"349\">Ionita Fabiola &#8211; Strejnic, Prahova<\/td>\n<td width=\"143\"><strong>II<\/strong><\/td>\n<\/tr>\n<tr>\n<td width=\"349\">Demidov Andra \u2013 Bucure\u0219ti, Absolvent\u0103 UNMB<\/td>\n<td width=\"143\"><strong>I<\/strong><\/td>\n<\/tr>\n<\/tbody>\n<\/table>\n<p><strong>\u00a0<\/strong><\/p>\n<h3><strong>\u00a0<\/strong><\/h3>\n<h3><strong>SECTION D(4 hands)<\/strong><\/h3>\n<table style=\"height: 169px;\" width=\"567\">\n<tbody>\n<tr>\n<td width=\"378\">Bala\u0219 Delia \u0219i Bala\u0219 Iulia \u2013 Voluntari, Ilfov<\/td>\n<td width=\"90\"><strong>II<\/strong><\/td>\n<\/tr>\n<tr>\n<td width=\"378\">Brumar Ana Maya \u0219i Brumar Patrick<\/td>\n<td width=\"90\"><strong>I<\/strong><\/td>\n<\/tr>\n<tr>\n<td width=\"378\">Boldea Marius \u0219i B\u0103dica Ana &#8211; Bucure\u0219ti<\/td>\n<td width=\"90\"><strong>I<\/strong><\/td>\n<\/tr>\n<tr>\n<td width=\"378\">Constantinesc Horia \u0219i Vi\u0219enescu Vlad Constantin &#8211; Bucure\u0219ti<\/td>\n<td width=\"90\"><strong>I<\/strong><\/td>\n<\/tr>\n<\/tbody>\n<\/table>\n<table style=\"height: 169px;\" width=\"567\">\n<tbody>\n<tr>\n<td width=\"378\"><\/td>\n<\/tr>\n<tr>\n<td width=\"90\"><strong>\u00a0<\/strong><\/td>\n<\/tr>\n<\/tbody>\n<\/table>\n","protected":false},"excerpt":{"rendered":"<p>AWARDS(PRIZES) &#8211; 20th Edition\u00a0\u00a0of the International Piano Competition \u201dPRO PIANO-ROMANIA\u201d \/ 21 \u2013 26 June 2016) &nbsp; SECTION\u00a0 A 5 Categories based on year of birth: &nbsp; \u00a0A0(2010) Panait Iris Maria \u2013 Constan\u021ba II \u0218aikovschii David \u2013 Chi\u0219in\u0103u(2011) II M\u00eerzac Andreea Camelia \u2013 Gala\u021bi I &nbsp; A1(2009) \u00a0 Maksutovici Enya \u2013 Cluj-Napoca III Razicheanu R\u0103zvan [&hellip;]<\/p>\n","protected":false},"author":1,"featured_media":0,"parent":0,"menu_order":0,"comment_status":"closed","ping_status":"closed","template":"","meta":{"footnotes":""},"class_list":["post-1152","page","type-page","status-publish","hentry"],"_links":{"self":[{"href":"https:\/\/propiano.org\/english\/wp-json\/wp\/v2\/pages\/1152","targetHints":{"allow":["GET"]}}],"collection":[{"href":"https:\/\/propiano.org\/english\/wp-json\/wp\/v2\/pages"}],"about":[{"href":"https:\/\/propiano.org\/english\/wp-json\/wp\/v2\/types\/page"}],"author":[{"embeddable":true,"href":"https:\/\/propiano.org\/english\/wp-json\/wp\/v2\/users\/1"}],"replies":[{"embeddable":true,"href":"https:\/\/propiano.org\/english\/wp-json\/wp\/v2\/comments?post=1152"}],"version-history":[{"count":10,"href":"https:\/\/propiano.org\/english\/wp-json\/wp\/v2\/pages\/1152\/revisions"}],"predecessor-version":[{"id":1166,"href":"https:\/\/propiano.org\/english\/wp-json\/wp\/v2\/pages\/1152\/revisions\/1166"}],"wp:attachment":[{"href":"https:\/\/propiano.org\/english\/wp-json\/wp\/v2\/media?parent=1152"}],"curies":[{"name":"wp","href":"https:\/\/api.w.org\/{rel}","templated":true}]}}