{"id":754,"date":"2013-10-30T08:12:24","date_gmt":"2013-10-30T08:12:24","guid":{"rendered":"http:\/\/www.propiano.org\/english\/?page_id=754"},"modified":"2014-06-14T17:24:09","modified_gmt":"2014-06-14T17:24:09","slug":"piano-competition-2014-schedule","status":"publish","type":"page","link":"https:\/\/propiano.org\/english\/piano-competition-2014-schedule\/","title":{"rendered":"Piano Competition 2014  &#8211; Schedule"},"content":{"rendered":"<h4><b>PROGRAMM for International Competition\u00a0 and Master Classis at Arcub hall<\/b><b>\u00a0<\/b><b>\u2022\u00a0\u00a0\u00a0\u00a0\u00a0\u00a0\u00a0\u00a0\u00a0 <\/b><\/h4>\n<address>\u00a0<\/address>\n<address>\u00a0<\/address>\n<address>\u00a0<\/address>\n<address><b><b>\u2022\u00a0\u00a0\u00a0\u00a0\u00a0<\/b>\u00a0\u00a0 Mar\u021bi (Tuesday) 17\u00a0 June 2014<\/b><\/address>\n<address>\u00a0<\/address>\n<address><b>Ora 10,00 \u2013 Ist Round\u00a0\u2013 Category B1(2003)<\/b><b>Ora 10,45 \u2013 Ist Round\u00a0 \u2013 Category B2(2002)<\/b><\/p>\n<p><b>Ora 11,10 \u2013 Ist Round\u00a0 \u2013 Category B3(2001)<\/b><\/p>\n<p><b>\u00a0<\/b><b>Ora 12,15 \u2013 Ist Round\u00a0 \u2013 Categorys B4(2000), B5(1999)<\/b><\/p>\n<p><b>Ora 13,00 \u2013 Ist Round\u00a0 \u2013 Category B8(1996,1995)<\/b><\/p>\n<p><b>\u2014\u2014\u2014\u2014\u2014\u2014\u2014\u2014\u2014\u2014\u2014\u2014\u2014\u2014\u2014\u2014\u2014\u2014\u2014\u2014\u2014\u2014\u2013\u2014\u2013<\/b><\/p>\n<p><b>Ora 15,30 \u2013 Ist Round\u00a0 \u2013 Category B7(1997)<\/b><\/p>\n<p><b>Ora 16,30 \u2013Ist Round\u00a0 \u2013 Category C(1984-1994)<\/b><\/p>\n<p><b>\u00a0<\/b><\/p>\n<p><b>\u2022\u00a0\u00a0\u00a0\u00a0\u00a0\u00a0\u00a0\u00a0\u00a0 Miercuri (Wednesday 18\u00a0June 2014<\/b><\/p>\n<p><b>Ora 09,00 \u2013 Ist Round\u00a0 \u2013 Category B6(1998)\u00a0\u00a0\u00a0\u00a0\u00a0\u00a0\u00a0\u00a0\u00a0\u00a0\u00a0\u00a0\u00a0\u00a0\u00a0 <\/b><\/p>\n<p><b>Ora 10,00 \u2013 Categorys A0(2008) \u0219i A1(2007)<\/b><\/p>\n<p><b>\u00a0<\/b><b>Ora 11,30 &#8211; Category A2(2006)<\/b><\/p>\n<p><b>Ora 13,00 \u2013 Category D(4 m\u00e2ini)<\/b><\/p>\n<p><b>\u2014\u2014\u2014\u2014\u2014\u2014\u2014\u2014\u2014\u2014\u2014\u2014\u2014\u2014\u2014\u2014\u2014\u2014\u2014\u2013\u2014\u2013\u2014\u2013\u2014\u2013<\/b><\/p>\n<p><b>Ora 15,00 \u2013 Category A3(2005)<\/b><\/p>\n<p><b>Ora 16,30 \u2013 II Round(semifinala) \u2013 Categoria C <\/b><\/p>\n<p><b>\u00a0<\/b><\/p>\n<p><b>\u2022\u00a0\u00a0\u00a0\u00a0\u00a0\u00a0\u00a0\u00a0\u00a0 Joi (Thursday) 19\u00a0\u00a0June 2014<\/b><\/p>\n<p><b>Ora 09,00 \u2013II Round\u00a0for categorys B1(2003), B2(2002), B5(1999), B7(1997), B8(1996, 1995)<\/b><\/p>\n<p><b>Program hours &#8211; after Ist\u00a0Round<\/b><\/p>\n<p><b>\u2014\u2014\u2014\u2014\u2014\u2014\u2014\u2014\u2014\u2014\u2014\u2014\u2014\u2014\u2014\u2014\u2014\u2014\u2014\u2014\u2013\u2014\u2013\u2014\u2013<\/b><\/p>\n<p><b>Ora 15,00 \u2013 Category A4(2004)<\/b><\/p>\n<p><b>Ora 16,30 \u2013\u00a0 III Round\u00a0\u2013 Category C(finala)<\/b><\/p>\n<p><b>\u00a0<\/b><\/p>\n<p><b>\u2022\u00a0\u00a0\u00a0\u00a0\u00a0\u00a0\u00a0\u00a0\u00a0 Vineri (Friday) 20\u00a0June 2014<\/b><\/p>\n<p><b>Ora 09,00 \u2013 IInd Round for categorys \u00a0B3(2001), B4(2000), B6 (1998)<\/b><\/p>\n<p><b><b>Program hours &#8211; after Ist\u00a0Round<\/b>\u00a0<\/b><\/p>\n<p>&nbsp;<\/p>\n<p><b>\u2022\u00a0\u00a0\u00a0\u00a0\u00a0\u00a0\u00a0\u00a0\u00a0 S\u00e2mb\u0103t\u0103 (Saturday) 21\u00a0June 2014 \u2013 ora 11<\/b><\/p>\n<p><b>\u00a0Prix Awards and GALA\u00a0&#8211; at ARCUB<\/b><\/p>\n<\/address>\n<p>&nbsp;<\/p>\n<p>&nbsp;<\/p>\n<p><strong>MASTER CLASS \u201dPRO PIANO-ROM\u00c2NIA\u201d \u2013 2014<\/strong><\/p>\n<p><strong>Arcub<\/strong>\u00a0<strong>hall<\/strong> ( Bati\u0219tei str., no 14 &#8211; next\u00a0 Intercontinental Hotel),<strong> Sunday 15 iunie and Monday 16 iunie 2014<\/strong><\/p>\n<ul>\n<li><em><strong>P<\/strong><\/em><strong><em>rof. Dr. Constantin Sandu<\/em> \u2013 Porto\/Portugalia<\/strong><\/li>\n<\/ul>\n<address><strong>Duminica(Sunday) 15 June<\/strong><strong>\u2013\u00a0hours 9 \u2013 14<\/strong><\/address>\n<address>09:00 V\u0103c\u0103roiu Daria<\/address>\n<address>09:50\u00a0Teodorescu Silvia<\/address>\n<address>10:40 Tolea \u0218tefan<\/address>\n<address>11:30 G\u00e2rbea Cristina<\/address>\n<address>12:20 Diaconu Ionu\u021b<\/address>\n<address>\u00a0<\/address>\n<address><strong>Luni(Monday) 16\u00a0June \u2013 hours\u00a0 14 \u2013 20<\/strong><\/address>\n<address>14:00 Saliu Drago\u0219<\/address>\n<address>14:50 Mlak M\u0103rgineanu \u2013 1998<\/address>\n<address>15:40 Tinca Andreea<\/address>\n<address>16:30 Caglayan Ilayda \u2013 2001<\/address>\n<address>17:20 Ruscu Albert \u2013 2002<\/address>\n<address>18,10 Theodoru \u0218tefan \u2013 1993<\/address>\n<address>19:00 Sanchez Cascaes Dias Mario<\/address>\n<address>\u2014\u2014\u2014\u2014\u2014\u2014\u2014\u2014\u2014\u2014\u2014\u2014\u2014\u2014\u2014\u2014\u2014\u2014\u2014\u2014\u2014\u2014\u2014\u2014\u2014\u2014\u2014\u2014\u2014\u2014<\/address>\n<ul>\n<li><strong><em>P<\/em><strong><em>rof. Dr. Vlad Dimulescu <\/em>&#8211; Romania<\/strong><\/strong><\/li>\n<\/ul>\n<address><b>Duminica(Sunday) 15\u00a0June \u2013 hours \u00a014 \u2013 17<\/b><\/address>\n<address>14,00 Antonescu Victor<\/address>\n<address>14,50 Gogoa\u0219\u0103 Diana<\/address>\n<address>15,40 Sonea Ieronim<\/address>\n<address>16,30 Covaci Alexandru<\/address>\n<address>\u00a0<\/address>\n<address><strong>Luni(Monday) 16\u00a0June \u2013hours 9 \u2013 14<\/strong><\/address>\n<address>09:00 Diaconu Iulia<\/address>\n<address>09:50\u00a0B\u0103nescu Sabin<\/address>\n<address>10:40 Caglayan Ilayda<\/address>\n<address>11:30 Gon\u021ba Gheorghe<\/address>\n<address>12:20 Georgescu Andrei<\/address>\n<address>13,10 Antonescu Victor<\/address>\n<address><b>\u00a0<\/b><\/address>\n<address><b>\u00a0<\/b><\/address>\n<address>\u00a0<\/address>\n<address><b>\u00a0<\/b><\/address>\n","protected":false},"excerpt":{"rendered":"<p>PROGRAMM for International Competition\u00a0 and Master Classis at Arcub hall\u00a0\u2022\u00a0\u00a0\u00a0\u00a0\u00a0\u00a0\u00a0\u00a0\u00a0 \u00a0 \u00a0 \u00a0 \u2022\u00a0\u00a0\u00a0\u00a0\u00a0\u00a0\u00a0 Mar\u021bi (Tuesday) 17\u00a0 June 2014 \u00a0 Ora 10,00 \u2013 Ist Round\u00a0\u2013 Category B1(2003)Ora 10,45 \u2013 Ist Round\u00a0 \u2013 Category B2(2002) Ora 11,10 \u2013 Ist Round\u00a0 \u2013 Category B3(2001) \u00a0Ora 12,15 \u2013 Ist Round\u00a0 \u2013 Categorys B4(2000), B5(1999) Ora 13,00 \u2013 Ist [&hellip;]<\/p>\n","protected":false},"author":1,"featured_media":0,"parent":0,"menu_order":0,"comment_status":"open","ping_status":"open","template":"","meta":{"footnotes":""},"class_list":["post-754","page","type-page","status-publish","hentry"],"_links":{"self":[{"href":"https:\/\/propiano.org\/english\/wp-json\/wp\/v2\/pages\/754","targetHints":{"allow":["GET"]}}],"collection":[{"href":"https:\/\/propiano.org\/english\/wp-json\/wp\/v2\/pages"}],"about":[{"href":"https:\/\/propiano.org\/english\/wp-json\/wp\/v2\/types\/page"}],"author":[{"embeddable":true,"href":"https:\/\/propiano.org\/english\/wp-json\/wp\/v2\/users\/1"}],"replies":[{"embeddable":true,"href":"https:\/\/propiano.org\/english\/wp-json\/wp\/v2\/comments?post=754"}],"version-history":[{"count":8,"href":"https:\/\/propiano.org\/english\/wp-json\/wp\/v2\/pages\/754\/revisions"}],"predecessor-version":[{"id":854,"href":"https:\/\/propiano.org\/english\/wp-json\/wp\/v2\/pages\/754\/revisions\/854"}],"wp:attachment":[{"href":"https:\/\/propiano.org\/english\/wp-json\/wp\/v2\/media?parent=754"}],"curies":[{"name":"wp","href":"https:\/\/api.w.org\/{rel}","templated":true}]}}