{"id":860,"date":"2014-07-02T05:06:43","date_gmt":"2014-07-02T05:06:43","guid":{"rendered":"http:\/\/www.propiano.org\/english\/?page_id=860"},"modified":"2014-08-30T16:10:35","modified_gmt":"2014-08-30T16:10:35","slug":"2014-2","status":"publish","type":"page","link":"https:\/\/propiano.org\/english\/2014-2\/","title":{"rendered":"2014"},"content":{"rendered":"<p style=\"text-align: center;\"><strong>\u00a0AWARDS<\/strong><strong>\u00a0 ~\u00a0<\/strong><strong>International \u201dPRO PIANO-ROMANIA\u201d Competition, \u00a018<\/strong><strong>th Edition<\/strong><\/p>\n<p style=\"text-align: center;\"><strong> (<\/strong><strong>17 \u2013 22 June 2014)<\/strong><\/p>\n<p>&nbsp;<\/p>\n<table style=\"height: 2828px;\" width=\"622\">\n<tbody>\n<tr>\n<td width=\"101\"><strong>Categories \u00a0<\/strong>(based on the year of birth)<\/td>\n<td width=\"284\"><strong>Name and surname<\/strong><\/td>\n<td width=\"152\"><b>Award(s)<\/b><\/td>\n<\/tr>\n<tr>\n<td width=\"101\"><strong>A0(2008)<\/strong><\/td>\n<td width=\"284\"><strong>Constanda Bianca Mihaela- Bucure\u0219ti<\/strong><\/td>\n<td width=\"152\"><strong>III<\/strong><\/td>\n<\/tr>\n<tr>\n<td width=\"101\"><strong>\u00a0<\/strong><\/td>\n<td width=\"284\"><strong>Rusu Nichita Ioan- Bucure\u0219ti<\/strong><\/td>\n<td width=\"152\"><strong>III<\/strong><\/td>\n<\/tr>\n<tr>\n<td width=\"101\"><strong>\u00a0<\/strong><\/td>\n<td width=\"284\"><strong>Babii Andreea Iolanda \u2013 Bucure\u0219ti<\/strong><\/td>\n<td width=\"152\"><strong>II<\/strong><\/td>\n<\/tr>\n<tr>\n<td width=\"101\"><strong>\u00a0<\/strong><\/td>\n<td width=\"284\"><strong>Potecea Ana Maria \u2013 Bucure\u0219ti<\/strong><\/td>\n<td width=\"152\"><strong>I<\/strong><\/td>\n<\/tr>\n<tr>\n<td width=\"101\"><strong>A1(2007)<\/strong><\/td>\n<td width=\"284\"><strong>Bokor Lyuba- Bucure\u0219ti<\/strong><\/td>\n<td width=\"152\"><strong>IV<\/strong><\/td>\n<\/tr>\n<tr>\n<td width=\"101\"><strong>\u00a0<\/strong><\/td>\n<td width=\"284\"><strong>Bercea Aida Maria- Bucure\u0219ti<\/strong><\/td>\n<td width=\"152\"><strong>III<\/strong><\/td>\n<\/tr>\n<tr>\n<td width=\"101\"><strong>\u00a0<\/strong><\/td>\n<td width=\"284\"><strong>Dobrot\u0103 David \u0218tefan-Bucure\u0219ti<\/strong><\/td>\n<td width=\"152\"><strong>III<\/strong><\/td>\n<\/tr>\n<tr>\n<td width=\"101\"><strong>\u00a0<\/strong><\/td>\n<td width=\"284\"><strong>T\u0103nase Ene Carina &#8211; Bucure\u0219ti<\/strong><\/td>\n<td width=\"152\"><strong>III<\/strong><\/td>\n<\/tr>\n<tr>\n<td width=\"101\"><strong>\u00a0<\/strong><\/td>\n<td width=\"284\"><strong>B\u0103la\u0219 Iulia- Bucure\u0219ti<\/strong><\/td>\n<td width=\"152\"><strong>II<\/strong><\/td>\n<\/tr>\n<tr>\n<td width=\"101\"><strong>\u00a0<\/strong><\/td>\n<td width=\"284\"><strong>Cinc\u0103 David- Bucure\u0219ti<\/strong><\/td>\n<td width=\"152\"><strong>II<\/strong><\/td>\n<\/tr>\n<tr>\n<td width=\"101\"><strong>\u00a0<\/strong><\/td>\n<td width=\"284\"><strong>Ghi\u021b\u0103 Matei Gabriel- Bucure\u0219ti<\/strong><\/td>\n<td width=\"152\"><strong>II<\/strong><\/td>\n<\/tr>\n<tr>\n<td width=\"101\"><strong>\u00a0<\/strong><\/td>\n<td width=\"284\"><strong>Mihai Erik Andrei- Bucure\u0219ti<\/strong><\/td>\n<td width=\"152\"><strong>II<\/strong><\/td>\n<\/tr>\n<tr>\n<td width=\"101\"><strong>\u00a0<\/strong><\/td>\n<td width=\"284\"><strong>Ursuianu Bianca Elena &#8211; Bucure\u0219ti<\/strong><\/td>\n<td width=\"152\"><strong>II<\/strong><\/td>\n<\/tr>\n<tr>\n<td width=\"101\"><strong>\u00a0<\/strong><\/td>\n<td width=\"284\"><strong>Diaconu Alexandru- Gala\u021bi<\/strong><\/td>\n<td width=\"152\"><strong>I<\/strong><\/td>\n<\/tr>\n<tr>\n<td width=\"101\"><strong>\u00a0<\/strong><\/td>\n<td width=\"284\"><strong>Dr\u0103goi Noa- Bucure\u0219ti<\/strong><\/td>\n<td width=\"152\"><strong>I<\/strong><\/td>\n<\/tr>\n<tr>\n<td width=\"101\"><strong>\u00a0<\/strong><\/td>\n<td width=\"284\"><strong>Ghidiceanu Ruben Natan \u2013 Craiova<\/strong><\/td>\n<td width=\"152\"><strong>I<\/strong><\/td>\n<\/tr>\n<tr>\n<td width=\"101\"><strong>\u00a0<\/strong><\/td>\n<td width=\"284\"><strong>M\u00eerzac Maria Alexandra \u2013 Gala\u021bi<\/strong><\/td>\n<td width=\"152\"><strong>I<\/strong><\/td>\n<\/tr>\n<tr>\n<td width=\"101\"><strong>\u00a0<\/strong><\/td>\n<td width=\"284\"><strong>Odov\u00e2nc\u0103 David- Bucure\u0219ti<\/strong><\/td>\n<td width=\"152\"><strong>I<\/strong><\/td>\n<\/tr>\n<tr>\n<td width=\"101\"><strong>\u00a0<\/strong><\/td>\n<td width=\"284\"><strong>Posoiu Cosmin Andrei- Bucure\u0219ti<\/strong><\/td>\n<td width=\"152\"><strong>I<\/strong><\/td>\n<\/tr>\n<tr>\n<td width=\"101\"><strong>A2(2006)<\/strong><\/td>\n<td width=\"284\"><strong>Lefter Rafaela \u2013 Suceava<\/strong><\/td>\n<td width=\"152\"><strong>IV<\/strong><\/td>\n<\/tr>\n<tr>\n<td width=\"101\"><strong>\u00a0<\/strong><\/td>\n<td width=\"284\"><strong>Volo\u0219in Andrei \u2013 Suceava<\/strong><\/td>\n<td width=\"152\"><strong>IV<\/strong><\/td>\n<\/tr>\n<tr>\n<td width=\"101\"><strong>\u00a0<\/strong><\/td>\n<td width=\"284\"><strong>Alexe Maria Alexandra \u2013 Bucure\u0219ti<\/strong><\/td>\n<td width=\"152\"><strong>III<\/strong><\/td>\n<\/tr>\n<tr>\n<td width=\"101\"><strong>\u00a0<\/strong><\/td>\n<td width=\"284\"><strong>Ghelasi Claudia- Bucure\u0219ti<\/strong><\/td>\n<td width=\"152\"><strong>III<\/strong><\/td>\n<\/tr>\n<tr>\n<td width=\"101\"><strong>\u00a0<\/strong><\/td>\n<td width=\"284\"><strong>Ion Teodora Ana- Bucure\u0219ti<\/strong><\/td>\n<td width=\"152\"><strong>III<\/strong><\/td>\n<\/tr>\n<tr>\n<td width=\"101\"><strong>\u00a0<\/strong><\/td>\n<td width=\"284\"><strong>Mih\u0103ilescu Sebastian \u2013 Bucure\u0219ti<\/strong><\/td>\n<td width=\"152\"><strong>III<\/strong><\/td>\n<\/tr>\n<tr>\n<td width=\"101\"><strong>\u00a0<\/strong><\/td>\n<td width=\"284\"><strong>Mincu Teodora Ioana Ia\u0219i<\/strong><\/td>\n<td width=\"152\"><strong>III<\/strong><\/td>\n<\/tr>\n<tr>\n<td width=\"101\"><strong>\u00a0<\/strong><\/td>\n<td width=\"284\"><strong>Petrescu Irina \u2013 Bucure\u0219ti<\/strong><\/td>\n<td width=\"152\"><strong>III<\/strong><\/td>\n<\/tr>\n<tr>\n<td width=\"101\"><strong>\u00a0<\/strong><\/td>\n<td width=\"284\"><strong>Albei Alina Daria \u2013 Pite\u0219ti<\/strong><\/td>\n<td width=\"152\"><strong>II<\/strong><\/td>\n<\/tr>\n<tr>\n<td width=\"101\"><strong>\u00a0<\/strong><\/td>\n<td width=\"284\"><strong>D\u00eerlosan Eduard Christian- Bra\u0219ov<\/strong><\/td>\n<td width=\"152\"><strong>II<\/strong><\/td>\n<\/tr>\n<tr>\n<td width=\"101\"><strong>\u00a0<\/strong><\/td>\n<td width=\"284\"><strong>Cosac Anca Elena \u2013 Bucure\u0219ti<\/strong><\/td>\n<td width=\"152\"><strong>II<\/strong><\/td>\n<\/tr>\n<tr>\n<td width=\"101\"><strong>\u00a0<\/strong><\/td>\n<td width=\"284\"><strong>Gorgos Matei Ioan \u2013 Bucure\u0219ti<\/strong><\/td>\n<td width=\"152\"><strong>II<\/strong><\/td>\n<\/tr>\n<tr>\n<td width=\"101\"><strong>\u00a0<\/strong><\/td>\n<td width=\"284\"><strong>Grigorescu Valen\u021biu Constantin- Buc.<\/strong><\/td>\n<td width=\"152\"><strong>II<\/strong><\/td>\n<\/tr>\n<tr>\n<td width=\"101\"><strong>\u00a0<\/strong><\/td>\n<td width=\"284\"><strong>Deaconescu Sara Alexandra- Buc.<\/strong><\/td>\n<td width=\"152\"><strong>I<\/strong><\/td>\n<\/tr>\n<tr>\n<td width=\"101\"><strong>\u00a0<\/strong><\/td>\n<td width=\"284\"><strong>Savu Maria Irina \u2013 Sighi\u0219oara<\/strong><\/td>\n<td width=\"152\"><strong>I<\/strong><\/td>\n<\/tr>\n<tr>\n<td width=\"101\"><strong>\u00a0<\/strong><\/td>\n<td width=\"284\"><strong>Lucaci Mario Victor \u2013 Ia\u0219i<\/strong><\/td>\n<td width=\"152\"><strong>I and Special Award for a Romanian piece<\/strong><\/td>\n<\/tr>\n<tr>\n<td width=\"101\"><strong>\u00a0<\/strong><\/td>\n<td width=\"284\"><strong>Cre\u021bu Antonio \u2013 Bucure\u0219ti<\/strong><\/td>\n<td width=\"152\"><strong>Ist\u00a0of Excellence<\/strong><\/td>\n<\/tr>\n<tr>\n<td width=\"101\"><strong>\u00a0<\/strong><\/td>\n<td width=\"284\"><strong>Garet Eva- Bucure\u0219ti<\/strong><\/td>\n<td width=\"152\"><strong>Ist\u00a0of Excellence<\/strong><\/td>\n<\/tr>\n<tr>\n<td width=\"101\"><strong>A3(2005)<\/strong><\/td>\n<td width=\"284\"><strong>Ciontu Daria Luciana- Bucure\u0219ti<\/strong><\/td>\n<td width=\"152\"><strong>V<\/strong><\/td>\n<\/tr>\n<tr>\n<td width=\"101\"><strong>\u00a0<\/strong><\/td>\n<td width=\"284\"><strong>Iorga Vlad Gabriel \u2013 C\u0103l\u0103ra\u0219i<\/strong><\/td>\n<td width=\"152\"><strong>V<\/strong><\/td>\n<\/tr>\n<tr>\n<td width=\"101\"><strong>\u00a0<\/strong><\/td>\n<td width=\"284\"><strong>Alistar Ilinca \u2013 Bucure\u0219ti<\/strong><\/td>\n<td width=\"152\"><strong>III<\/strong><\/td>\n<\/tr>\n<tr>\n<td width=\"101\"><strong>\u00a0<\/strong><\/td>\n<td width=\"284\"><strong>Andronache Anne Marie \u2013 Gala\u021bi<\/strong><\/td>\n<td width=\"152\"><strong>III<\/strong><\/td>\n<\/tr>\n<tr>\n<td width=\"101\"><strong>\u00a0<\/strong><\/td>\n<td width=\"284\"><strong>Vi\u0219an Cristina Ioana \u2013 Giurgiu<\/strong><\/td>\n<td width=\"152\"><strong>III<\/strong><\/td>\n<\/tr>\n<tr>\n<td width=\"101\"><strong>\u00a0<\/strong><\/td>\n<td width=\"284\"><strong>B\u0103di\u021ba Teodor Nicolae- Bucure\u0219ti<\/strong><\/td>\n<td width=\"152\"><strong>II<\/strong><\/td>\n<\/tr>\n<tr>\n<td width=\"101\"><strong>\u00a0<\/strong><\/td>\n<td width=\"284\"><strong>Marcu \u0218tefan \u2013 Sibiu<\/strong><\/td>\n<td width=\"152\"><strong>II<\/strong><\/td>\n<\/tr>\n<tr>\n<td width=\"101\"><strong>\u00a0<\/strong><\/td>\n<td width=\"284\"><strong>M\u0103ciuc\u0103 Miruna \u2013 Bucure\u0219ti<\/strong><\/td>\n<td width=\"152\"><strong>II<\/strong><\/td>\n<\/tr>\n<tr>\n<td width=\"101\"><strong>\u00a0<\/strong><\/td>\n<td width=\"284\"><strong>N\u0103stase Ana Maria \u0218tefania- Bucure\u0219ti<\/strong><\/td>\n<td width=\"152\"><strong>II<\/strong><\/td>\n<\/tr>\n<tr>\n<td width=\"101\"><strong>\u00a0<\/strong><\/td>\n<td width=\"284\"><strong>St\u0103nculescu Emanuel David \u2013 T\u00eergovi\u0219te<\/strong><\/td>\n<td width=\"152\"><strong>II<\/strong><\/td>\n<\/tr>\n<tr>\n<td width=\"101\"><strong>\u00a0<\/strong><\/td>\n<td width=\"284\"><strong>Zbranca R\u0103zvan Mihai- Bucure\u0219ti<\/strong><\/td>\n<td width=\"152\"><strong>II<\/strong><\/td>\n<\/tr>\n<tr>\n<td width=\"101\"><strong>\u00a0<\/strong><\/td>\n<td width=\"284\"><strong>Brumar Ana Maya \u2013 Sibiu<\/strong><\/td>\n<td width=\"152\"><strong>\u00a0\u00a0\u00a0\u00a0 I<\/strong><\/td>\n<\/tr>\n<tr>\n<td width=\"101\"><strong>\u00a0<\/strong><\/td>\n<td width=\"284\"><strong>\u0218erban Alexandru Mario \u2013 Bucure\u0219ti<\/strong><\/td>\n<td width=\"152\"><strong>I<\/strong><\/td>\n<\/tr>\n<tr>\n<td width=\"101\"><strong>\u00a0<\/strong><\/td>\n<td width=\"284\"><strong>Antonescu Victor Gabriel- Bucure\u0219ti<\/strong><\/td>\n<td width=\"152\"><strong>Ist\u00a0of Excellence<\/strong><\/td>\n<\/tr>\n<tr>\n<td width=\"101\"><strong>\u00a0<\/strong><\/td>\n<td width=\"284\"><strong>B\u00eerlog Florin Georgian \u2013 T\u00e2rgovi\u0219te<\/strong><\/td>\n<td width=\"152\"><strong>Ist\u00a0of Excellence<\/strong><\/td>\n<\/tr>\n<tr>\n<td width=\"101\"><strong>A4(2004)<\/strong><\/td>\n<td width=\"284\"><strong>Iliescu Siluana Ioana- Bucure\u0219ti<\/strong><\/td>\n<td width=\"152\"><strong>V<\/strong><\/td>\n<\/tr>\n<tr>\n<td width=\"101\"><strong>\u00a0<\/strong><\/td>\n<td width=\"284\"><strong>Achim Dariana Elena- Bucure\u0219ti<\/strong><\/td>\n<td width=\"152\"><strong>III<\/strong><\/td>\n<\/tr>\n<tr>\n<td width=\"101\"><strong>\u00a0<\/strong><\/td>\n<td width=\"284\"><strong>Hri\u021bcu Maria Cristina \u2013 Suceava<\/strong><\/td>\n<td width=\"152\"><strong>III<\/strong><\/td>\n<\/tr>\n<tr>\n<td width=\"101\"><strong>\u00a0<\/strong><\/td>\n<td width=\"284\"><strong>Tab\u0103r\u0103 Dionisie Cristian Ionu\u021b \u2013 Chiajna<\/strong><\/td>\n<td width=\"152\"><strong>III<\/strong><\/td>\n<\/tr>\n<tr>\n<td width=\"101\"><strong>\u00a0<\/strong><\/td>\n<td width=\"284\"><strong>Dinic\u0103 Andreea \u2013 Bucure\u0219ti<\/strong><\/td>\n<td width=\"152\"><strong>II<\/strong><\/td>\n<\/tr>\n<tr>\n<td width=\"101\"><strong>\u00a0<\/strong><\/td>\n<td width=\"284\"><strong>Cadar Erica Agnes- Bucure\u0219ti<\/strong><\/td>\n<td width=\"152\"><strong>I<\/strong><\/td>\n<\/tr>\n<tr>\n<td width=\"101\"><strong>\u00a0<\/strong><\/td>\n<td width=\"284\"><strong>Hanganu Alexia \u2013 Bucure\u0219ti<\/strong><\/td>\n<td width=\"152\"><strong>I<\/strong><\/td>\n<\/tr>\n<tr>\n<td width=\"101\"><strong>\u00a0<\/strong><\/td>\n<td width=\"284\"><strong>Mezei Theodore Mihai \u2013 Cluj -Napoca<\/strong><\/td>\n<td width=\"152\"><strong>I<\/strong><\/td>\n<\/tr>\n<tr>\n<td width=\"101\"><strong>\u00a0<\/strong><\/td>\n<td width=\"284\"><strong>N\u0103stase Ioan \u2013 Bucure\u0219ti<\/strong><\/td>\n<td width=\"152\"><strong>I<\/strong><\/td>\n<\/tr>\n<tr>\n<td width=\"101\"><strong>\u00a0<\/strong><\/td>\n<td width=\"284\"><strong>Stancu M\u0103d\u0103lin Eduard- Bucure\u0219ti<\/strong><\/td>\n<td width=\"152\"><strong>Ist\u00a0of Excellence<\/strong><\/td>\n<\/tr>\n<tr>\n<td width=\"101\"><strong>\u00a0<\/strong><\/td>\n<td width=\"284\"><strong>Stoian Alexandru Drago\u0219 \u2013 Bucure\u0219ti<\/strong><\/td>\n<td width=\"152\"><strong>II<\/strong><\/td>\n<\/tr>\n<tr>\n<td width=\"101\"><strong>\u00a0<\/strong><\/td>\n<td width=\"284\"><strong>Suciu Sabina Maria \u2013 Bucure\u0219ti<\/strong><\/td>\n<td width=\"152\"><strong>Ist\u00a0of Excellence<\/strong><\/td>\n<\/tr>\n<tr>\n<td width=\"101\"><strong>\u00a0<\/strong><\/td>\n<td width=\"284\"><strong>\u00a0<\/strong><\/td>\n<td width=\"152\"><strong>\u00a0<\/strong><\/td>\n<\/tr>\n<tr>\n<td width=\"101\"><strong>B1(2003)<\/strong><\/td>\n<td width=\"284\"><strong>Diaconu Iulia \u2013 Ploie\u0219ti<\/strong><\/td>\n<td width=\"152\"><strong>V<\/strong><\/td>\n<\/tr>\n<tr>\n<td width=\"101\"><strong>\u00a0<\/strong><\/td>\n<td width=\"284\"><strong>Barbu Anastasia Maria \u2013 Bra\u0219ov<\/strong><\/td>\n<td width=\"152\"><strong>IV<\/strong><\/td>\n<\/tr>\n<tr>\n<td width=\"101\"><strong>\u00a0<\/strong><\/td>\n<td width=\"284\"><strong>B\u0103dan Alin \u2013 Bucure\u0219ti<\/strong><\/td>\n<td width=\"152\"><strong>III<\/strong><\/td>\n<\/tr>\n<tr>\n<td width=\"101\"><strong>\u00a0<\/strong><\/td>\n<td width=\"284\"><strong>Gogoa\u0219\u0103 Diana Maria \u2013 Bucure\u0219ti<\/strong><\/td>\n<td width=\"152\"><strong>II<\/strong><\/td>\n<\/tr>\n<tr>\n<td width=\"101\"><strong>\u00a0<\/strong><\/td>\n<td width=\"284\"><strong>Barbu Alexandru \u2013 Bucure\u0219ti<\/strong><\/td>\n<td width=\"152\"><strong>I<\/strong><\/td>\n<\/tr>\n<tr>\n<td width=\"101\"><strong>\u00a0<\/strong><\/td>\n<td width=\"284\"><strong>Tolea Petru \u2013 Bucure\u0219ti<\/strong><\/td>\n<td width=\"152\"><strong>I<\/strong><\/td>\n<\/tr>\n<tr>\n<td width=\"101\"><strong>\u00a0<\/strong><\/td>\n<td width=\"284\"><strong>V\u0103c\u0103roiu Daria Cristiana- Bucure\u0219ti<\/strong><\/td>\n<td width=\"152\"><strong>Ist\u00a0of Excellence<\/strong><\/td>\n<\/tr>\n<tr>\n<td width=\"101\"><strong>B2(2002)<\/strong><\/td>\n<td width=\"284\"><strong>Ruscu Albert Octavian- Bucure\u0219ti<\/strong><\/td>\n<td width=\"152\"><strong>III<\/strong><\/td>\n<\/tr>\n<tr>\n<td width=\"101\"><strong>\u00a0<\/strong><\/td>\n<td width=\"284\"><strong>Stoian George Fabian \u2013 Bucure\u0219ti<\/strong><\/td>\n<td width=\"152\"><strong>II<\/strong><\/td>\n<\/tr>\n<tr>\n<td width=\"101\"><strong>\u00a0<\/strong><\/td>\n<td width=\"284\"><strong>Lelu\u021biu Oana Alexandra \u2013 Cluj-Napoca<\/strong><\/td>\n<td width=\"152\"><strong>I<\/strong><\/td>\n<\/tr>\n<tr>\n<td width=\"101\"><strong>\u00a0<\/strong><\/td>\n<td width=\"284\"><strong>Solomon David Rau \u2013 Cluj-Napocal<\/strong><\/td>\n<td width=\"152\"><strong>I<\/strong><\/td>\n<\/tr>\n<tr>\n<td width=\"101\"><strong>B3(2001)<\/strong><\/td>\n<td width=\"284\"><strong>D\u0103n\u0103cic\u0103 Alexia- Bucure\u0219ti<\/strong><\/td>\n<td width=\"152\"><strong>III<\/strong><\/td>\n<\/tr>\n<tr>\n<td width=\"101\"><strong>\u00a0<\/strong><\/td>\n<td width=\"284\"><strong>Sonea Ieronim \u2013 Bucure\u0219ti<\/strong><\/td>\n<td width=\"152\"><strong>II<\/strong><\/td>\n<\/tr>\n<tr>\n<td width=\"101\"><strong>\u00a0<\/strong><\/td>\n<td width=\"284\"><strong>B\u0103nescu Sabin \u2013 Rm. V\u00e2lcea<\/strong><\/td>\n<td width=\"152\"><strong>I<\/strong><\/td>\n<\/tr>\n<tr>\n<td width=\"101\"><strong>\u00a0<\/strong><\/td>\n<td width=\"284\"><strong>Caglayan Ilayda \u2013 Izmir, Turcia<\/strong><\/td>\n<td width=\"152\"><strong>I<\/strong><\/td>\n<\/tr>\n<tr>\n<td width=\"101\"><strong>\u00a0<\/strong><\/td>\n<td width=\"284\"><strong>Creimerman Robert- Bucure\u0219ti<\/strong><\/td>\n<td width=\"152\"><strong>I<\/strong><\/td>\n<\/tr>\n<tr>\n<td width=\"101\"><strong>\u00a0<\/strong><\/td>\n<td width=\"284\"><strong>Tolea \u0218tefan \u2013 Bucure\u0219ti<\/strong><\/td>\n<td width=\"152\"><strong>I<\/strong><\/td>\n<\/tr>\n<tr>\n<td width=\"101\"><strong>B4(2000)<\/strong><\/td>\n<td width=\"284\"><strong>Nezami Indira \u2013 Constan\u021ba<\/strong><\/td>\n<td width=\"152\"><strong>IV<\/strong><\/td>\n<\/tr>\n<tr>\n<td width=\"101\"><strong>\u00a0<\/strong><\/td>\n<td width=\"284\"><strong>An\u0103nu\u021bei Ana Teodora- Bucure\u0219ti<\/strong><\/td>\n<td width=\"152\"><strong>III<\/strong><\/td>\n<\/tr>\n<tr>\n<td width=\"101\"><strong>\u00a0<\/strong><\/td>\n<td width=\"284\"><strong>Manolache Alexandru \u2013 Bucure\u0219ti<\/strong><\/td>\n<td width=\"152\"><strong>II<\/strong><\/td>\n<\/tr>\n<tr>\n<td width=\"101\"><strong>\u00a0<\/strong><\/td>\n<td width=\"284\"><strong>Negreanu Diana Mariana \u2013 Bucure\u0219ti<\/strong><\/td>\n<td width=\"152\"><strong>I<\/strong><\/td>\n<\/tr>\n<tr>\n<td width=\"101\"><strong>B5(1999)<\/strong><\/td>\n<td width=\"284\"><strong>Mladin Nil- Bucure\u0219ti<\/strong><\/td>\n<td width=\"152\"><strong>I<\/strong><\/td>\n<\/tr>\n<tr>\n<td width=\"101\"><strong>B6(1998)<\/strong><\/td>\n<td width=\"284\"><strong>Caterenciuc Evelina Ioana \u2013 Chi\u0219in\u0103u, Rep. Moldova<\/strong><\/td>\n<td width=\"152\"><strong>IV<\/strong><\/td>\n<\/tr>\n<tr>\n<td width=\"101\"><strong>\u00a0<\/strong><\/td>\n<td width=\"284\"><strong>Mlak M\u0103rginean Mihnea- Bucure\u0219ti<\/strong><\/td>\n<td width=\"152\"><strong>III<\/strong><\/td>\n<\/tr>\n<tr>\n<td width=\"101\"><strong>\u00a0<\/strong><\/td>\n<td width=\"284\"><strong>Stoica Leonard C\u0103t\u0103lin- Bucure\u0219ti<\/strong><\/td>\n<td width=\"152\"><strong>III<\/strong><\/td>\n<\/tr>\n<tr>\n<td width=\"101\"><strong>\u00a0<\/strong><\/td>\n<td width=\"284\"><strong>Isik Soyluer \u2013 Izmir, Turcia<\/strong><\/td>\n<td width=\"152\"><strong>II<\/strong><\/td>\n<\/tr>\n<tr>\n<td width=\"101\"><strong>\u00a0<\/strong><\/td>\n<td width=\"284\"><strong>Verly Toma Emanuel- Bucure\u0219ti<\/strong><\/td>\n<td width=\"152\"><strong>II<\/strong><\/td>\n<\/tr>\n<tr>\n<td width=\"101\"><strong>\u00a0<\/strong><\/td>\n<td width=\"284\"><strong>Surdu Andrei Mihai \u2013 Craiova<\/strong><\/td>\n<td width=\"152\"><strong>I<\/strong><\/td>\n<\/tr>\n<tr>\n<td width=\"101\"><strong>\u00a0<\/strong><\/td>\n<td width=\"284\"><strong>Diaconu Ionu\u021b \u2013 Bucure\u0219ti<\/strong><\/td>\n<td width=\"152\"><strong>Ist\u00a0of Excellence<\/strong><\/td>\n<\/tr>\n<tr>\n<td width=\"101\"><strong>B7(1997)<\/strong><\/td>\n<td width=\"284\"><strong>Gon\u021ba Gheorghe\u2013Chi\u0219in\u0103u, Rep. Moldova<\/strong><\/td>\n<td width=\"152\"><strong>II<\/strong><\/td>\n<\/tr>\n<tr>\n<td width=\"101\"><strong>\u00a0<\/strong><\/td>\n<td width=\"284\"><strong>\u021a\u00een\u021bar Andreea \u2013 Bucure\u0219ti<\/strong><\/td>\n<td width=\"152\"><strong>II<\/strong><\/td>\n<\/tr>\n<tr>\n<td width=\"101\"><strong>\u00a0<\/strong><\/td>\n<td width=\"284\"><strong>Askarov Tokhirjon \u2013 Tashkent\u2013Uzbekistan<\/strong><\/td>\n<td width=\"152\"><strong>I<\/strong><\/td>\n<\/tr>\n<tr>\n<td width=\"101\"><strong>\u00a0<\/strong><\/td>\n<td width=\"284\"><strong>Balicov Laura \u2013 Chi\u0219in\u0103u, Rep. Moldova<\/strong><\/td>\n<td width=\"152\"><strong>I<\/strong><\/td>\n<\/tr>\n<tr>\n<td width=\"101\"><strong>\u00a0<\/strong><\/td>\n<td width=\"284\"><strong>Bratu Marina \u2013 T\u00e2rgovi\u0219te<\/strong><\/td>\n<td width=\"152\"><strong>I<\/strong><\/td>\n<\/tr>\n<tr>\n<td width=\"101\"><strong>\u00a0<\/strong><\/td>\n<td width=\"284\"><strong>Pascal Menke \u2013 Germania<\/strong><\/td>\n<td width=\"152\"><strong>I<\/strong><\/td>\n<\/tr>\n<tr>\n<td width=\"101\"><strong>B8(1996\/95)<\/strong><\/td>\n<td width=\"284\"><strong>Mihai Radu Adrian \u2013 Bucure\u0219ti<\/strong><\/td>\n<td width=\"152\"><strong>II<\/strong><\/td>\n<\/tr>\n<tr>\n<td width=\"101\"><strong>\u00a0<\/strong><\/td>\n<td width=\"284\"><strong>Georgescu Andrei Sorin \u2013 T\u00e2rgovi\u0219te<\/strong><\/td>\n<td width=\"152\"><strong>I<\/strong><\/td>\n<\/tr>\n<tr>\n<td width=\"101\"><strong>D(4 maini)<\/strong><\/td>\n<td width=\"284\"><strong>Brumar Patrick Mihai \u0219iMarcu Anna Sofia \u2013 Sibiu<\/strong><\/td>\n<td width=\"152\"><strong>I<\/strong><\/td>\n<\/tr>\n<tr>\n<td width=\"101\"><strong>\u00a0<\/strong><\/td>\n<td width=\"284\"><strong>Brumar Ana Maya \u0219iMarcu \u0218tefan \u2013 Sibiu<\/strong><\/td>\n<td width=\"152\"><strong>I<\/strong><\/td>\n<\/tr>\n<tr>\n<td width=\"101\"><strong>\u00a0<\/strong><\/td>\n<td width=\"284\"><strong>G\u00eerleanu Ioana Demetra \u0219iCherte\u0219 Iulia Alexandra \u2013 Bucure\u0219ti<\/strong><\/td>\n<td width=\"152\"><strong>I<\/strong><\/td>\n<\/tr>\n<tr>\n<td width=\"101\"><strong>C(1984)<\/strong><\/td>\n<td width=\"284\"><strong>Covaci Alexandru- Bucure\u0219ti<\/strong><\/td>\n<td width=\"152\"><strong>Finalist and \u201dJoseph Haydn\u201d Special Award<\/strong><\/td>\n<\/tr>\n<tr>\n<td width=\"101\"><strong>\u00a0<\/strong><\/td>\n<td width=\"284\"><strong>Scripcaru Tudor \u2013 Bucure\u0219ti<\/strong><\/td>\n<td width=\"152\"><strong>Ist\u00a0of Excellence and\u00a0\u201dFrederich Chopin\u201d Special Award<\/strong><\/td>\n<\/tr>\n<\/tbody>\n<\/table>\n","protected":false},"excerpt":{"rendered":"<p>\u00a0AWARDS\u00a0 ~\u00a0International \u201dPRO PIANO-ROMANIA\u201d Competition, \u00a018th Edition (17 \u2013 22 June 2014) &nbsp; Categories \u00a0(based on the year of birth) Name and surname Award(s) A0(2008) Constanda Bianca Mihaela- Bucure\u0219ti III \u00a0 Rusu Nichita Ioan- Bucure\u0219ti III \u00a0 Babii Andreea Iolanda \u2013 Bucure\u0219ti II \u00a0 Potecea Ana Maria \u2013 Bucure\u0219ti I A1(2007) Bokor Lyuba- Bucure\u0219ti IV [&hellip;]<\/p>\n","protected":false},"author":1,"featured_media":0,"parent":0,"menu_order":0,"comment_status":"open","ping_status":"open","template":"","meta":{"footnotes":""},"class_list":["post-860","page","type-page","status-publish","hentry"],"_links":{"self":[{"href":"https:\/\/propiano.org\/english\/wp-json\/wp\/v2\/pages\/860","targetHints":{"allow":["GET"]}}],"collection":[{"href":"https:\/\/propiano.org\/english\/wp-json\/wp\/v2\/pages"}],"about":[{"href":"https:\/\/propiano.org\/english\/wp-json\/wp\/v2\/types\/page"}],"author":[{"embeddable":true,"href":"https:\/\/propiano.org\/english\/wp-json\/wp\/v2\/users\/1"}],"replies":[{"embeddable":true,"href":"https:\/\/propiano.org\/english\/wp-json\/wp\/v2\/comments?post=860"}],"version-history":[{"count":14,"href":"https:\/\/propiano.org\/english\/wp-json\/wp\/v2\/pages\/860\/revisions"}],"predecessor-version":[{"id":930,"href":"https:\/\/propiano.org\/english\/wp-json\/wp\/v2\/pages\/860\/revisions\/930"}],"wp:attachment":[{"href":"https:\/\/propiano.org\/english\/wp-json\/wp\/v2\/media?parent=860"}],"curies":[{"name":"wp","href":"https:\/\/api.w.org\/{rel}","templated":true}]}}