{"id":965,"date":"2014-09-02T15:27:56","date_gmt":"2014-09-02T15:27:56","guid":{"rendered":"http:\/\/www.propiano.org\/english\/?page_id=965"},"modified":"2014-09-02T15:27:56","modified_gmt":"2014-09-02T15:27:56","slug":"2005-2","status":"publish","type":"page","link":"https:\/\/propiano.org\/english\/2005-2\/","title":{"rendered":"2005"},"content":{"rendered":"<p align=\"center\"><strong>Premiile Concursului Interna\u0163ional de Interpretare\u00a0<\/strong><\/p>\n<p align=\"center\"><strong>\u201ePRO PIANO-ROM\u00c2NIA\u201d, Edi\u0163ia \u00a0a IX-a &#8211; 2005<\/strong><\/p>\n<p>&nbsp;<\/p>\n<p><strong>CATEGORIILE A<\/strong><\/p>\n<p><strong>A1(1998)<\/strong><\/p>\n<p>III &#8211; Stoica Leonard C\u0103t\u0103lin<\/p>\n<p>II- \u00a0Diaconu Ionu\u0163 Gabriel<\/p>\n<p>&#8211; \u00a0T\u0103nase \u015etefan<\/p>\n<p>I &#8211; Nicolaescu Miruna Cristiana<\/p>\n<p>-S\u0103tnoianu Bertha<\/p>\n<p>&nbsp;<\/p>\n<p><strong>A2(1997)<\/strong><\/p>\n<p>V- Manoliu M\u0103d\u0103lina<\/p>\n<p>IV- Bold Nadina<\/p>\n<p>-Mihai Andrei Patrik<\/p>\n<p>III -S\u0103lcianu M\u0103d\u0103lin Cristian<\/p>\n<p>-Vod\u0103 Ileana Maria<\/p>\n<p>II \u00a0&#8211; B\u0103descu Peter<\/p>\n<p>&#8211; \u00a0Ion Robert Daniel<\/p>\n<p>&#8211; Pascu Ana Iarina<\/p>\n<p>&#8211; Popa Ioana<\/p>\n<p>I &#8211; \u00a0Caloianu Mihail<\/p>\n<p>I \u015fi Premiu Special &#8211; Andrei Marianna<\/p>\n<p>&nbsp;<\/p>\n<p><strong>A3(1996)<\/strong><\/p>\n<p>V &#8211; G\u00e2rbea Cristina Teodora<\/p>\n<p>&#8211; Ilie Vladimir Gabriel<\/p>\n<p>&#8211; M\u0103ciuc\u0103 Andra Maria<\/p>\n<p>&#8211; Patra\u015f Octavian<\/p>\n<p>&#8211; Prager Clara<\/p>\n<p>&#8211; Radu Bogdan Florian<\/p>\n<p>&#8211; Uncu Clara<\/p>\n<p>IV &#8211; \u00a0Sibiescu Cora Geanina<\/p>\n<p>III &#8211; Carabogdan Alexandru<\/p>\n<p>&#8211; Marcu Antonio<\/p>\n<p>II &#8211; Botolan Vlad<\/p>\n<p>&#8211; Coman Dominic Maria<\/p>\n<p>&#8211; Fr\u00eencu Ioana<\/p>\n<p>&#8211; Gavril\u0103 Antoniu<\/p>\n<p>I &#8211; Chiri\u0163\u0103 Adriana<\/p>\n<p>&#8211; Irimia Carolina Elvira<\/p>\n<p>&#8211; S\u00eerbu Francesca<\/p>\n<p>&#8211; \u0162al\u0103 Alexandru<\/p>\n<p>&nbsp;<\/p>\n<p><strong>A4(1995)<\/strong><\/p>\n<p>IV- \u00a0G\u0103v\u0103nescu Iulia<\/p>\n<p>&#8211; Iamandi Casiana<\/p>\n<p>III \u00a0&#8211; \u00a0B\u0103descu Brian<\/p>\n<p>II \u00a0&#8211; \u00a0Malinovski Lavinia<\/p>\n<p>I \u00a0 &#8211; Andriescu Gabriela<\/p>\n<p>&#8211; S\u00eerbu Alexandra Elena<\/p>\n<p>&nbsp;<\/p>\n<p><strong>CATEGORIILE B<\/strong><\/p>\n<p><strong>B1(1994)<\/strong><\/p>\n<p>IV- \u00a0Her\u0163eg Alexandra Adela<\/p>\n<p>&#8211; Tobescu Ioana Miruna<\/p>\n<p>II \u00a0&#8211; Groza Marius<\/p>\n<p>&nbsp;<\/p>\n<p><strong>B2(1993)<\/strong><\/p>\n<p>III &#8211; \u00a0Gheorghi\u0163\u0103 Lorena<\/p>\n<p>I \u00a0&#8211; Ioni\u0163\u0103 Florian Iani<\/p>\n<p>I \u015fi Premiu Special\u00a0&#8211; N\u0103pr\u0103dean Lena<\/p>\n<p>I de Excelen\u0163\u0103\u00a0\u015fi premiul EPTA &#8211; Hodorogea Larisa<\/p>\n<p>&nbsp;<\/p>\n<p><strong>B3(1992)<\/strong><\/p>\n<p>II &#8211; Nedea Adrian<\/p>\n<p>I &#8211; Mih\u0103escu Alexandra<\/p>\n<p>I de Excelen\u0163\u0103 &#8211; Vukadinovic Ksenija<\/p>\n<p>&nbsp;<\/p>\n<p><strong>B4(1991)<\/strong><\/p>\n<p>IV &#8211; Baciu Alexandra<\/p>\n<p>III &#8211; \u00a0Niculescu &#8211; \u015eandru Mirela<\/p>\n<p>I \u015fi Premiul EPTA &#8211; Marinescu Miriam Lucia<\/p>\n<p>&nbsp;<\/p>\n<p><strong>B6(1990)<\/strong><\/p>\n<p>III &#8211; \u00a0B\u0103beanu Drago\u015f<\/p>\n<p>&#8211; Nicola Bogdan<\/p>\n<p>II \u015fi Premiu Special\u00a0&#8211; Mih\u0103escu Diana Alexandra<\/p>\n<p>I\u00a0-Prodan Elena<\/p>\n<p>&nbsp;<\/p>\n<p><strong>B7(1989)<\/strong><\/p>\n<p>III &#8211; \u00a0Postu Angelica<\/p>\n<p>II \u015fi Premiul EPTA &#8211; St\u0103nescu Alexandru<\/p>\n<p>I &#8211; Cojuharov Ioana<\/p>\n<p>&nbsp;<\/p>\n<p><strong>B8(1988)<\/strong><\/p>\n<p>V &#8211; Codescu Valentin<\/p>\n<p>III \u015fi Premiul EPTA &#8211; Dumitru Iulia<\/p>\n<p>II &#8211; B\u0103doi George Daniel<\/p>\n<p>&#8211; Demidov Andra<\/p>\n<p>&#8211; Popa Olga Cristiana<\/p>\n<p>I \u015fi Premiul Special al Juriului\u00a0&#8211; Rizea George<\/p>\n<p>&nbsp;<\/p>\n<p><strong>CATEGORIA C<\/strong><\/p>\n<p>Finalist &#8211; Cri\u015fu Ioana<\/p>\n<p>&#8211; Popa Elena<\/p>\n<p>III &#8211; Ciobanu Raluca<\/p>\n<p>&#8211; I\u0163cu\u015f Mircea<\/p>\n<p>II \u00a0&#8211; Co\u015feru Andreea<\/p>\n<p>&nbsp;<\/p>\n<p><strong>CATEGORIA D<\/strong><\/p>\n<p>III &#8211; Coman Dominic \u015fi Carabogdan Alexandru<\/p>\n<p>II &#8211; Prager Clara \u015fi G\u00eerbea Cristina<\/p>\n<p>I \u00a0&#8211; S\u00eerbu Francesca \u015fi Ghi\u0163\u0103 Horia<\/p>\n","protected":false},"excerpt":{"rendered":"<p>Premiile Concursului Interna\u0163ional de Interpretare\u00a0 \u201ePRO PIANO-ROM\u00c2NIA\u201d, Edi\u0163ia \u00a0a IX-a &#8211; 2005 &nbsp; CATEGORIILE A A1(1998) III &#8211; Stoica Leonard C\u0103t\u0103lin II- \u00a0Diaconu Ionu\u0163 Gabriel &#8211; \u00a0T\u0103nase \u015etefan I &#8211; Nicolaescu Miruna Cristiana -S\u0103tnoianu Bertha &nbsp; A2(1997) V- Manoliu M\u0103d\u0103lina IV- Bold Nadina -Mihai Andrei Patrik III -S\u0103lcianu M\u0103d\u0103lin Cristian -Vod\u0103 Ileana Maria II \u00a0&#8211; [&hellip;]<\/p>\n","protected":false},"author":1,"featured_media":0,"parent":0,"menu_order":0,"comment_status":"open","ping_status":"open","template":"","meta":{"footnotes":""},"class_list":["post-965","page","type-page","status-publish","hentry"],"_links":{"self":[{"href":"https:\/\/propiano.org\/english\/wp-json\/wp\/v2\/pages\/965","targetHints":{"allow":["GET"]}}],"collection":[{"href":"https:\/\/propiano.org\/english\/wp-json\/wp\/v2\/pages"}],"about":[{"href":"https:\/\/propiano.org\/english\/wp-json\/wp\/v2\/types\/page"}],"author":[{"embeddable":true,"href":"https:\/\/propiano.org\/english\/wp-json\/wp\/v2\/users\/1"}],"replies":[{"embeddable":true,"href":"https:\/\/propiano.org\/english\/wp-json\/wp\/v2\/comments?post=965"}],"version-history":[{"count":1,"href":"https:\/\/propiano.org\/english\/wp-json\/wp\/v2\/pages\/965\/revisions"}],"predecessor-version":[{"id":966,"href":"https:\/\/propiano.org\/english\/wp-json\/wp\/v2\/pages\/965\/revisions\/966"}],"wp:attachment":[{"href":"https:\/\/propiano.org\/english\/wp-json\/wp\/v2\/media?parent=965"}],"curies":[{"name":"wp","href":"https:\/\/api.w.org\/{rel}","templated":true}]}}