{"id":968,"date":"2014-09-02T15:30:20","date_gmt":"2014-09-02T15:30:20","guid":{"rendered":"http:\/\/www.propiano.org\/english\/?page_id=968"},"modified":"2014-09-02T15:30:20","modified_gmt":"2014-09-02T15:30:20","slug":"2004-2","status":"publish","type":"page","link":"https:\/\/propiano.org\/english\/2004-2\/","title":{"rendered":"2004"},"content":{"rendered":"<h3 align=\"center\"><strong>Premiile Concursului Interna\u0163ional<\/strong><\/h3>\n<h3 align=\"center\"><strong>\u201cPRO PIANO-ROM\u00c2NIA\u201d, edi\u0163ia a VIII-a &#8211; 2004<\/strong><\/h3>\n<p><strong>Categoriile A<\/strong><\/p>\n<p><strong>A1(1997)<\/strong><\/p>\n<p>III- Manoliu M\u0103d\u0103lina<\/p>\n<p>II &#8211; B\u0103descu Peter<\/p>\n<p>I &#8211; Grosu Ana<\/p>\n<p><strong>A2(1996)<\/strong><\/p>\n<p>V &#8211; Radu Bogdan Florian<\/p>\n<p>IV &#8211; Ilie Vladimir Gabriel<\/p>\n<p>III &#8211; Carabogdan Alexandru<\/p>\n<p>&#8211; Ionel Ioan Tudor<\/p>\n<p>&#8211; Matei Patricia<\/p>\n<p>II &#8211; Irimia Carolina<\/p>\n<p>&#8211; Chiri\u0163\u0103 Adriana<\/p>\n<p>&#8211; Patra\u015f Octavian<\/p>\n<p>I &#8211; Pop Ioana<\/p>\n<p>&#8211; Coman Dominic<\/p>\n<p>&#8211; Coman Vlad<\/p>\n<p>&#8211; Gugu Patri\u015for Beatrice<\/p>\n<p>&#8211; S\u00e2rbu Francesca<\/p>\n<p>I de Excelen\u0163\u0103 &#8211; Gavril Antoniu<\/p>\n<p>&#8211; \u00a0Marcu Antonio<\/p>\n<p>&#8211; \u00a0\u0162al\u0103 Alexandru<\/p>\n<p><strong>\u00a0<\/strong><\/p>\n<p><strong>A3(1995)<\/strong><\/p>\n<p>IV &#8211; Kessler Diana Maria<\/p>\n<p>III- B\u0103descu Brian<\/p>\n<p>&#8211; Bu\u015f\u0103 Ionu\u0163<\/p>\n<p>&#8211; Dumitru Ana Beatrice<\/p>\n<p>&#8211; G\u0103v\u0103nescu Iulia<\/p>\n<p>I &#8211; Ghi\u0163\u0103 Horia<\/p>\n<p>&#8211; Andriescu Gabriela<\/p>\n<p>&#8211; Neac\u015fu Irina<\/p>\n<p>&#8211; Preda Andrei<\/p>\n<p>I de Excelen\u0163\u0103 &#8211; S\u00e2rbu Elena<\/p>\n<p>&#8211; Valitova Alfiya<\/p>\n<p><strong>\u00a0<\/strong><\/p>\n<p><strong>A4(1994)<\/strong><\/p>\n<p>III &#8211; B\u00e2rl\u0103deanu Oriana<\/p>\n<p>&#8211; Valitova Alfiya<\/p>\n<p>II &#8211; Chiri\u0163\u0103 Mihai<\/p>\n<p>&#8211; Ladea Iulia<\/p>\n<p>&#8211; Tobescu Miruna<\/p>\n<p>I &#8211; Ionescu Maria Georgiana<\/p>\n<p>I de Excelen\u0163\u0103 &#8211; Petrache Maria Diana<\/p>\n<p>I de Excelen\u0163\u0103 &#8211; \u00a0\u015etefan Christofer<\/p>\n<p><strong>\u00a0<\/strong><\/p>\n<p><strong>B1(1993)<\/strong><\/p>\n<p>IV &#8211; Ionel Maria Cristina<\/p>\n<p>II &#8211; Androne Roxana<\/p>\n<p>&#8211; Cotru\u0163\u0103 Ruxandra<\/p>\n<p>&#8211; N\u0103pr\u0103dean Lena<\/p>\n<p>I &#8211; \u015eerb\u0103nescu Martin Teodora<\/p>\n<p>I de Excelen\u0163\u0103 &#8211; Liculescu R\u0103\u0163oi Adela<\/p>\n<p><strong>\u00a0<\/strong><\/p>\n<p><strong>B2(1992)<\/strong><\/p>\n<p>II &#8211; Bo\u0163an Laura<\/p>\n<p>&#8211; Nedea Adrian<\/p>\n<p>I &#8211; Mih\u0103escu Alexandra<\/p>\n<p>I de Excelen\u0163\u0103 &#8211; Vukadinovic Ksenija<\/p>\n<p><strong>\u00a0<\/strong><\/p>\n<p><strong>B3(1991)<\/strong><\/p>\n<p>IV &#8211; Baciu Alexandra<\/p>\n<p>II &#8211; Marinescu Miriam<\/p>\n<p>I &#8211; Mizarkhanova Guzel<\/p>\n<p><strong>\u00a0<\/strong><\/p>\n<p><strong>B4(1990)<\/strong><\/p>\n<p>IV &#8211; Ghelas\u0103 Giuliano<\/p>\n<p>II &#8211; Andriescu Eleonora<\/p>\n<p>&#8211; Avramescu Ioana Raluca<\/p>\n<p>I &#8211; Verashckak Aliacsei<\/p>\n<p><strong>\u00a0<\/strong><\/p>\n<p><strong>B5(1989)<\/strong><\/p>\n<p>II &#8211; Mih\u0103escu Diana Alexandra<\/p>\n<p>&#8211; Serafinceanu Lelia<\/p>\n<p>I &#8211; Geabou Lidia Rebecca<\/p>\n<p><strong>\u00a0<\/strong><\/p>\n<p><strong>B6(1988)<\/strong><\/p>\n<p>III &#8211; M\u0103rginean Dan<\/p>\n<p>&#8211; Nedelcu Ana<\/p>\n<p>II &#8211; Cojuharov Ioana<\/p>\n<p>&#8211; Ene Sebastian<\/p>\n<p>I &#8211; P\u015fenicin\u00e2i Alexei (Belarus)<\/p>\n<p><strong>\u00a0<\/strong><\/p>\n<p><strong>B7(1987)<\/strong><\/p>\n<p>IV &#8211; Codescu Valentin<\/p>\n<p>&#8211; Nicolae Eduard<\/p>\n<p>&#8211; V\u00e2tc\u0103 Mihai<\/p>\n<p>III &#8211; B\u0103doi George Daniel<\/p>\n<p>II &#8211; Gutsina Alena<\/p>\n<p>&#8211; Marta Andrei<\/p>\n<p><strong>\u00a0<\/strong><\/p>\n<p><strong>B8(1986)<\/strong><\/p>\n<p>II &#8211; Popa Olga Cristiana<\/p>\n<p>&#8211; Mihalache Crina<\/p>\n<p>&#8211; Mu\u0163 Andreea<\/p>\n<p>&#8211; Vetrici Valeria<\/p>\n<p>I &#8211; Gorbunova Ekaterina<\/p>\n<p><strong>\u00a0<\/strong><\/p>\n<p><strong>Categoria D\u00a0<\/strong>(4 m\u00e2ini)<\/p>\n<p>II &#8211; Tiron Eveline \u015fi Tiron Mara Clarisse<\/p>\n<p>II &#8211; Coman Dominic \u015fi Carabogdan\u00a0 Alexandru<\/p>\n<p>I &#8211; Dumitru Roxana \u015fi David Ioana<\/p>\n","protected":false},"excerpt":{"rendered":"<p>Premiile Concursului Interna\u0163ional \u201cPRO PIANO-ROM\u00c2NIA\u201d, edi\u0163ia a VIII-a &#8211; 2004 Categoriile A A1(1997) III- Manoliu M\u0103d\u0103lina II &#8211; B\u0103descu Peter I &#8211; Grosu Ana A2(1996) V &#8211; Radu Bogdan Florian IV &#8211; Ilie Vladimir Gabriel III &#8211; Carabogdan Alexandru &#8211; Ionel Ioan Tudor &#8211; Matei Patricia II &#8211; Irimia Carolina &#8211; Chiri\u0163\u0103 Adriana &#8211; Patra\u015f [&hellip;]<\/p>\n","protected":false},"author":1,"featured_media":0,"parent":0,"menu_order":0,"comment_status":"open","ping_status":"open","template":"","meta":{"footnotes":""},"class_list":["post-968","page","type-page","status-publish","hentry"],"_links":{"self":[{"href":"https:\/\/propiano.org\/english\/wp-json\/wp\/v2\/pages\/968","targetHints":{"allow":["GET"]}}],"collection":[{"href":"https:\/\/propiano.org\/english\/wp-json\/wp\/v2\/pages"}],"about":[{"href":"https:\/\/propiano.org\/english\/wp-json\/wp\/v2\/types\/page"}],"author":[{"embeddable":true,"href":"https:\/\/propiano.org\/english\/wp-json\/wp\/v2\/users\/1"}],"replies":[{"embeddable":true,"href":"https:\/\/propiano.org\/english\/wp-json\/wp\/v2\/comments?post=968"}],"version-history":[{"count":1,"href":"https:\/\/propiano.org\/english\/wp-json\/wp\/v2\/pages\/968\/revisions"}],"predecessor-version":[{"id":969,"href":"https:\/\/propiano.org\/english\/wp-json\/wp\/v2\/pages\/968\/revisions\/969"}],"wp:attachment":[{"href":"https:\/\/propiano.org\/english\/wp-json\/wp\/v2\/media?parent=968"}],"curies":[{"name":"wp","href":"https:\/\/api.w.org\/{rel}","templated":true}]}}