{"id":971,"date":"2014-09-02T15:32:35","date_gmt":"2014-09-02T15:32:35","guid":{"rendered":"http:\/\/www.propiano.org\/english\/?page_id=971"},"modified":"2014-09-02T15:33:08","modified_gmt":"2014-09-02T15:33:08","slug":"2003-2","status":"publish","type":"page","link":"https:\/\/propiano.org\/english\/2003-2\/","title":{"rendered":"2003"},"content":{"rendered":"<h3 align=\"center\"><strong>Premiile Concursului Interna\u0163ional<\/strong><\/h3>\n<h3 align=\"center\"><strong>\u201cPRO PIANO-ROM\u00c2NIA\u201d, edi\u0163ia a VII &#8211; a \u2013 2003<\/strong><\/h3>\n<p>&nbsp;<\/p>\n<p><strong>MARELE PREMIU:\u00a0<span style=\"color: #000000;\">SHWAN SEBASTIAN\u00a0<\/span>\u2013 Bucure\u015fti, Rom\u00e2nia\u00a0<\/strong><\/p>\n<p>&nbsp;<\/p>\n<h4><strong>CATEGORIILE \u00a0A<\/strong><\/h4>\n<p><strong>A0 (1997)<\/strong><\/p>\n<p>IV &#8211; Manoliu M\u0103d\u0103lina<\/p>\n<p>II\u00a0&#8211; \u00a0T\u0103nase \u015etefan<\/p>\n<p>I de Excelen\u0163\u0103 &#8211; Tudor Daria Ioana<\/p>\n<p>&nbsp;<\/p>\n<p><strong>A1 (1996)<\/strong><\/p>\n<p>V &#8211; Radu Bogdan Florian<\/p>\n<p>IV &#8211; Pop Ioana<\/p>\n<p>&#8211; Tiron Mara Clarisse<\/p>\n<p>III &#8211; Gavril\u0103 Antonio<\/p>\n<p>&#8211; \u00a0S\u00e2rbu Francesca<\/p>\n<p>I &#8211; Grecu Maria C\u0103t\u0103lina<\/p>\n<p>&#8211;\u00a0Marcu Antonio<\/p>\n<p>&nbsp;<\/p>\n<p><strong>A2 \u00a0(1995)<\/strong><\/p>\n<p>III &#8211; Dumitru Ana Beatrice<\/p>\n<p>&#8211; G\u0103v\u0103nescu Iulia<\/p>\n<p>&#8211; Ghi\u0163\u0103 Horia<\/p>\n<p>II &#8211; Bukhanova Elizaveta<\/p>\n<p>&#8211; Kessler Diana Maria<\/p>\n<p>&#8211; Romaite Kornelija<\/p>\n<p>I\u00a0&#8211; B\u0103descu Brian<\/p>\n<p>&#8211;\u00a0\u00a0Frunz\u0103 M\u0103d\u0103lina<\/p>\n<p>I de Excelen\u0163\u0103 &#8211; Bucur Mih\u0103escu Matei<\/p>\n<p>&nbsp;<\/p>\n<p><strong>A3 (1994)<\/strong><\/p>\n<p>V &#8211;\u00a0Ispas Cristina<\/p>\n<p>IV &#8211; Bazarbekova Sabina<\/p>\n<p>&#8211; Ciubotaru Alexandra<\/p>\n<p>III &#8211; Constantinescu Petru<\/p>\n<p>&#8211; \u015eu\u0163\u0103 Robert<\/p>\n<p>II &#8211; Antohe Simona Iulia<\/p>\n<p>&#8211; Chiri\u0163\u0103 Mihai<\/p>\n<p>&#8211; Groza Marius<\/p>\n<p>&#8211; Koval Anton<\/p>\n<p>&#8211;\u00a0\u015etefan Christofer<\/p>\n<p>I &#8211; Samsonova Olga<\/p>\n<p>I de Excelen\u0163\u0103 &#8211; Dene\u015f C\u0103t\u0103lin Marius<\/p>\n<p>&nbsp;<\/p>\n<p><strong>A4 (1993)<\/strong><\/p>\n<p>IV &#8211; Burcin Alexandru Paul<\/p>\n<p>&#8211; \u00a0\u0162ucra Vlad<\/p>\n<p>III &#8211; Nedaivoda Sergey<\/p>\n<p>&#8211; P\u0103dureanu Alexandru<\/p>\n<p>II \u015fi Premiu Special &#8211; Lukyanova Daria<\/p>\n<p>II &#8211; Tudor Cicerone<\/p>\n<p>I &#8211;\u00a0GalevJosua<\/p>\n<p>&#8211; \u00a0Hodorogea LarisaI<\/p>\n<p>I de Excelen\u0163\u0103 &#8211; G\u0103mulescu Mihai<\/p>\n<p>I de Excelen\u0163\u0103 &#8211; Liculescu R\u0103\u0163oi Adela<\/p>\n<p>&nbsp;<\/p>\n<h4><strong>CATEGORIILE \u00a0D (4 m\u00e2ini)<\/strong><\/h4>\n<p><strong>Categoria\u00a0D1<\/strong><\/p>\n<p>II &#8211; Samsonova Olga \u015fi Samsonov Mihai<\/p>\n<p>I &#8211;\u00a0Bazarbekova Sabina \u015fi Koval Anton<\/p>\n<p>I &#8211; \u00a0G\u0103mulescu Vera \u015fi G\u0103mulescu Mihai<\/p>\n<p>&nbsp;<\/p>\n<p><strong>Categoria D2<\/strong><\/p>\n<p>III &#8211; \u00a0Zamfir Elena \u015fi Zamfir Ioana<\/p>\n<p>II &#8211; \u00a0Ciobanu Petric\u0103 \u015fi Buruian\u0103 Paul<\/p>\n<p>&#8211; Varnas Armantas \u015fi Palionis Justinas<\/p>\n<p>&nbsp;<\/p>\n<h4><\/h4>\n<h4><strong>CATEGORIILE B<\/strong><\/h4>\n<p><strong>B1-1992<\/strong><\/p>\n<p>V &#8211; Chizhikova Ekaterina<\/p>\n<p>IV &#8211;\u00a0Bo\u0163an Laura<\/p>\n<p>II &#8211; \u00a0G\u0103mulescu Vera<\/p>\n<p>&#8211; Mih\u0103escu Diana Alexandra<\/p>\n<p>I &#8211; Gologan Andrei<\/p>\n<p>&#8211; Vukadinovic Ksenija<\/p>\n<p>&nbsp;<\/p>\n<p><strong>B2-1991<\/strong><\/p>\n<p>V &#8211; Tsvetkova Angelina<\/p>\n<p>IV &#8211;\u00a0Azoic\u0103i Andreea<\/p>\n<p>III &#8211; Dumitru Robert<\/p>\n<p>I &#8211; Dimitriu Ioan Drago\u015f<\/p>\n<p>&#8211; Marinescu Miriam<\/p>\n<p>I de Excelen\u0163\u0103 &#8211; \u00a0Salimjdanova Tamila<\/p>\n<p>&nbsp;<\/p>\n<p><strong>B3- 1990<\/strong><\/p>\n<p>IV &#8211; Manole Cristina<\/p>\n<p>&#8211; \u00a0Matei Delia<\/p>\n<p>&#8211; Popescu Alexandra<\/p>\n<p>III &#8211; Gazizov Ramil<\/p>\n<p>II &#8211;\u00a0Hergane Ionu\u0163<\/p>\n<p>&#8211; Iacob C\u0103t\u0103lin<\/p>\n<p>&nbsp;<\/p>\n<p><strong>B4 (1989)<\/strong><\/p>\n<p>IV &#8211; B\u0103beanu Drago\u015f<\/p>\n<p>III &#8211; Geabou Lidia Rebeca<\/p>\n<p>II &#8211; Miric\u0103 Denisa<\/p>\n<p>&#8211; Toncian Luca<\/p>\n<p>&nbsp;<\/p>\n<p><strong>B5 (1988)<\/strong><\/p>\n<p>II &#8211; \u00a0Costin Ciprian<\/p>\n<p>I &#8211; \u00a0Chernomor Evelina<\/p>\n<p>&#8211; Cojuharov Ioana<\/p>\n<p>&nbsp;<\/p>\n<p><strong>B6-1987<\/strong><\/p>\n<p>IV &#8211; Burc\u0103 Alexandru<\/p>\n<p>&#8211; Nicolae Eduard<\/p>\n<p>III\u00a0&#8211; \u00a0Ionescu Ioana<\/p>\n<p>&#8211; \u015etefan Andrada<\/p>\n<p>II &#8211; \u00a0Marta Andrei<\/p>\n<p>&#8211; Voia Tipei<\/p>\n<p>&nbsp;<\/p>\n<p><strong>B7 (1986)<\/strong><\/p>\n<p>IV &#8211; Bure\u0163ea Alexandru<\/p>\n<p>III &#8211; Racu Andrei<\/p>\n<p>II\u00a0&#8211; Popa Olga Cristiana<\/p>\n<p>&nbsp;<\/p>\n<p><strong>B8-1985<\/strong><\/p>\n<p>III &#8211; Galiceanu Laura<\/p>\n<p>II &#8211;\u00a0Chiriac M\u0103d\u0103lina<\/p>\n<p>&#8211; Sg\u00eercitu Iuliana<\/p>\n<p>I &#8211; Chiciudeanu Aida Cristina<\/p>\n<p>&nbsp;<\/p>\n<p>&nbsp;<\/p>\n<h4><strong>CATEGORIA C<\/strong><\/h4>\n<p>II &#8211; Nikishina Olga<\/p>\n<p>I &#8211; Irgalina Maya<\/p>\n<p><span style=\"color: #ff0000;\">MARELE PREMIU\u00a0\u00a0&#8211; SHWAN SEBASTIAN<\/span><\/p>\n","protected":false},"excerpt":{"rendered":"<p>Premiile Concursului Interna\u0163ional \u201cPRO PIANO-ROM\u00c2NIA\u201d, edi\u0163ia a VII &#8211; a \u2013 2003 &nbsp; MARELE PREMIU:\u00a0SHWAN SEBASTIAN\u00a0\u2013 Bucure\u015fti, Rom\u00e2nia\u00a0 &nbsp; CATEGORIILE \u00a0A A0 (1997) IV &#8211; Manoliu M\u0103d\u0103lina II\u00a0&#8211; \u00a0T\u0103nase \u015etefan I de Excelen\u0163\u0103 &#8211; Tudor Daria Ioana &nbsp; A1 (1996) V &#8211; Radu Bogdan Florian IV &#8211; Pop Ioana &#8211; Tiron Mara Clarisse III &#8211; [&hellip;]<\/p>\n","protected":false},"author":1,"featured_media":0,"parent":0,"menu_order":0,"comment_status":"open","ping_status":"open","template":"","meta":{"footnotes":""},"class_list":["post-971","page","type-page","status-publish","hentry"],"_links":{"self":[{"href":"https:\/\/propiano.org\/english\/wp-json\/wp\/v2\/pages\/971","targetHints":{"allow":["GET"]}}],"collection":[{"href":"https:\/\/propiano.org\/english\/wp-json\/wp\/v2\/pages"}],"about":[{"href":"https:\/\/propiano.org\/english\/wp-json\/wp\/v2\/types\/page"}],"author":[{"embeddable":true,"href":"https:\/\/propiano.org\/english\/wp-json\/wp\/v2\/users\/1"}],"replies":[{"embeddable":true,"href":"https:\/\/propiano.org\/english\/wp-json\/wp\/v2\/comments?post=971"}],"version-history":[{"count":1,"href":"https:\/\/propiano.org\/english\/wp-json\/wp\/v2\/pages\/971\/revisions"}],"predecessor-version":[{"id":972,"href":"https:\/\/propiano.org\/english\/wp-json\/wp\/v2\/pages\/971\/revisions\/972"}],"wp:attachment":[{"href":"https:\/\/propiano.org\/english\/wp-json\/wp\/v2\/media?parent=971"}],"curies":[{"name":"wp","href":"https:\/\/api.w.org\/{rel}","templated":true}]}}