{"id":973,"date":"2014-09-02T15:35:12","date_gmt":"2014-09-02T15:35:12","guid":{"rendered":"http:\/\/www.propiano.org\/english\/?page_id=973"},"modified":"2014-09-02T15:36:16","modified_gmt":"2014-09-02T15:36:16","slug":"2002-2","status":"publish","type":"page","link":"https:\/\/propiano.org\/english\/2002-2\/","title":{"rendered":"2002"},"content":{"rendered":"<h3 style=\"text-align: center;\"><strong>Premiile Concursului Interna\u0163ional<\/strong><\/h3>\n<h3 style=\"text-align: center;\" align=\"center\"><strong>\u201cPRO PIANO-ROM\u00c2NIA\u201d, edi\u0163ia a VI &#8211; a \u2013 2002<\/strong><\/h3>\n<p style=\"text-align: center;\">\n<p><strong>MARELE PREMIU:\u00a0 Adamczak Mariusz \u2013 Var\u015fovia, Polonia<\/strong><\/p>\n<h4><\/h4>\n<h4><strong>CATEGORIILE\u00a0 A<\/strong><\/h4>\n<p><strong>Categoria A1( 1995)<\/strong><\/p>\n<p>III &#8211; Kessler Diana Maria<\/p>\n<p>&nbsp;<\/p>\n<p><strong>Categoria A2( 1994)<\/strong><\/p>\n<p>IV &#8211; Haghighi Miriam<\/p>\n<p>III &#8211; R\u0103dulescu Irina<\/p>\n<p>II &#8211; Constantinescu M\u0103d\u0103lina<\/p>\n<p>&#8211; Ladea Iulia<\/p>\n<p>I &#8211; Alexandrescu Carmen<\/p>\n<p>&#8211; \u015eu\u0163\u0103 Robert<\/p>\n<p>Premiul I de Excelen\u0163\u0103 &#8211; \u015etefan Christofer Wiliam<\/p>\n<p>&nbsp;<\/p>\n<p><strong>Categoria A3 ( 1993)<\/strong><\/p>\n<p>V &#8211; Cnejevici Nana Milena<\/p>\n<p>IV &#8211; Constantin Florian Alexandru<\/p>\n<p>&#8211; Chiosea Cristina Teodora<\/p>\n<p>III &#8211; Burcin Alexandru Paul<\/p>\n<p>&#8211; Liculescu-R\u0103\u0163oi Adela<\/p>\n<p>II &#8211; Cotru\u0163\u0103 Ruxandra Teodora<\/p>\n<p>&#8211; Dobrescu Alexandra<\/p>\n<p>I &#8211; Androne Roxana<\/p>\n<p>&#8211; G\u0103mulescu Mihai<\/p>\n<p>&#8211; Gorinovs Kiril<\/p>\n<p>&#8211; Hodorogea Larisa \u2013<\/p>\n<p>Premiul I de Excelen\u0163\u0103 &#8211; Hreniuc Laur-\u015etefan<\/p>\n<p>&nbsp;<\/p>\n<p>&nbsp;<\/p>\n<p><strong>Categoria A4( 1992)<\/strong><\/p>\n<p>V \u015fi Premiu Special &#8211; Pan\u0103 Sabina Maria<\/p>\n<p>IV &#8211; Marinescu Andreea Ioana<\/p>\n<p>&#8211; Mih\u0103i\u0163\u0103 Andreas \u2013 Bac\u0103u<\/p>\n<p>III &#8211; Mih\u0103escu Diana<\/p>\n<p>II &#8211; G\u0103mulescu Vera<\/p>\n<p>&#8211; Gologan Andrei \u2013Piatra Neam\u0163<\/p>\n<p>I &#8211; Dumitrache Silviu<\/p>\n<p>&#8211; Volov Nikita &#8211; Rusia<\/p>\n<p>&#8211; Vukadinovic Ksenija \u2013 Buc.<\/p>\n<p>&nbsp;<\/p>\n<h4><strong>CATEGORIILE \u00a0B<\/strong><\/h4>\n<p><strong>Categoria B1 ( 1991)<\/strong><\/p>\n<p>IV &#8211; Dumitru Robert<\/p>\n<p>Pr. II &#8211; Diaconescu Mihai &#8211; Craiova<\/p>\n<p>&#8211; Boitan Mihai<\/p>\n<p>Pr. I &#8211; Bournaki Marika &#8211; Canada<\/p>\n<p>&#8211; Ciobanu Petric\u0103 &#8211; Piatra Neam\u0163<\/p>\n<p>&nbsp;<\/p>\n<p><strong>Categoria B2( 1990)<\/strong><\/p>\n<p>Pr. II &#8211; Manole Cristina<\/p>\n<p>&#8211; Matei Delia<\/p>\n<p>&#8211; Raia Mihail-Costin<\/p>\n<p>&#8211; Spulber Sebastian<\/p>\n<p>I &#8211; Buruian\u0103 Paul-Antoniu<\/p>\n<p>&#8211; Zakharova Anna &#8211; Rusia<\/p>\n<p>&nbsp;<\/p>\n<p><strong>Categoria B3( 1989)<\/strong><\/p>\n<p>Pr. IV &#8211; B\u0103beanu Drago\u015f<\/p>\n<p>&#8211; Popescu Elena Alexandra<\/p>\n<p>Pr. II &#8211; Geabou Lidia \u2013Rebeca<\/p>\n<p>&nbsp;<\/p>\n<p><strong>Categoria B4( 1988)<\/strong><\/p>\n<p>III &#8211; Zdr\u00e2nc Larisa \u2013 Bra\u015fov<\/p>\n<p>II &#8211; Mihart Cristiana<\/p>\n<p>&#8211; Voinea Raluca &#8211; Craiova<\/p>\n<p>&nbsp;<\/p>\n<p><strong>Categoria B5( 1987)<\/strong><\/p>\n<p>III \u2013 Andri\u0163oiu Ana Maria<\/p>\n<p>&#8211; Nicolae Eduard<\/p>\n<p>II &#8211; Alexandru S\u00e2nziana<\/p>\n<p>&#8211; Ionescu Ioana<\/p>\n<p>&nbsp;<\/p>\n<p><strong>Categoria B6( 1986)<\/strong><\/p>\n<p>III &#8211; Borgovan Iulia \u2013 Bra\u015fov<\/p>\n<p>&#8211; C\u0103lin Ionu\u0163<\/p>\n<p>&#8211; Racu Andrei<\/p>\n<p>II &#8211; Dumitru Iulia<\/p>\n<p>Premiul I de Excelen\u0163\u0103 &#8211; Kotlybulatova Eleonora<\/p>\n<p>&nbsp;<\/p>\n<p><strong>Categoria B7( 1985)<\/strong><\/p>\n<p>Pr. III &#8211; Galiceanu Laura &#8211; Craiova<\/p>\n<p>Pr. II &#8211; Damian Vlad \u2013 Bra\u015fov<\/p>\n<p>&#8211; Ion Georgian \u2013 Bucure\u015fti<\/p>\n<p>Pr. I &#8211; Petrova Georgia &#8211; Bulgaria<\/p>\n<p>&#8211; Rusu M\u0103d\u0103lina \u2013 Constan\u0163a<\/p>\n<p>&nbsp;<\/p>\n<p><strong>Categoria B8( 1984)<\/strong><\/p>\n<p>IV &#8211; Mitra Oana<\/p>\n<p>III \u2013 Zakharova Anna<\/p>\n<p>II \u2013 Dima C\u0103t\u0103lin Nicolae<\/p>\n<p>&#8211; Fodor Mihaela<\/p>\n<p>&#8211; St\u0103nescu Maria<\/p>\n<p>&#8211; Zamfir Oana<\/p>\n<p>I \u2013 B\u0103ceanu Marta-Claudia<\/p>\n<p>&#8211; Co\u015feru Andreea<\/p>\n<p>&nbsp;<\/p>\n<h4><strong>CATEGORIILE D<\/strong><\/h4>\n<p><strong>\u00a0D1<\/strong><\/p>\n<p>II &#8211; Marinescu Andreea \u015fi Raia Mihail Costin<\/p>\n<p>I &#8211; G\u0103mulescu Vera \u015fi G\u0103mulescu Mihai<\/p>\n<p>&nbsp;<\/p>\n<p><strong>D 2<\/strong><\/p>\n<p>Pr. I &#8211; Matei Dumitru \u015fi Zaia\u0163 Alexei Chi\u015fin\u0103u, Rep. Moldova<\/p>\n<p>&nbsp;<\/p>\n","protected":false},"excerpt":{"rendered":"<p>Premiile Concursului Interna\u0163ional \u201cPRO PIANO-ROM\u00c2NIA\u201d, edi\u0163ia a VI &#8211; a \u2013 2002 MARELE PREMIU:\u00a0 Adamczak Mariusz \u2013 Var\u015fovia, Polonia CATEGORIILE\u00a0 A Categoria A1( 1995) III &#8211; Kessler Diana Maria &nbsp; Categoria A2( 1994) IV &#8211; Haghighi Miriam III &#8211; R\u0103dulescu Irina II &#8211; Constantinescu M\u0103d\u0103lina &#8211; Ladea Iulia I &#8211; Alexandrescu Carmen &#8211; \u015eu\u0163\u0103 Robert [&hellip;]<\/p>\n","protected":false},"author":1,"featured_media":0,"parent":0,"menu_order":0,"comment_status":"open","ping_status":"open","template":"","meta":{"footnotes":""},"class_list":["post-973","page","type-page","status-publish","hentry"],"_links":{"self":[{"href":"https:\/\/propiano.org\/english\/wp-json\/wp\/v2\/pages\/973","targetHints":{"allow":["GET"]}}],"collection":[{"href":"https:\/\/propiano.org\/english\/wp-json\/wp\/v2\/pages"}],"about":[{"href":"https:\/\/propiano.org\/english\/wp-json\/wp\/v2\/types\/page"}],"author":[{"embeddable":true,"href":"https:\/\/propiano.org\/english\/wp-json\/wp\/v2\/users\/1"}],"replies":[{"embeddable":true,"href":"https:\/\/propiano.org\/english\/wp-json\/wp\/v2\/comments?post=973"}],"version-history":[{"count":2,"href":"https:\/\/propiano.org\/english\/wp-json\/wp\/v2\/pages\/973\/revisions"}],"predecessor-version":[{"id":979,"href":"https:\/\/propiano.org\/english\/wp-json\/wp\/v2\/pages\/973\/revisions\/979"}],"wp:attachment":[{"href":"https:\/\/propiano.org\/english\/wp-json\/wp\/v2\/media?parent=973"}],"curies":[{"name":"wp","href":"https:\/\/api.w.org\/{rel}","templated":true}]}}