{"id":974,"date":"2014-09-02T15:35:10","date_gmt":"2014-09-02T15:35:10","guid":{"rendered":"http:\/\/www.propiano.org\/english\/?page_id=974"},"modified":"2014-09-02T16:15:47","modified_gmt":"2014-09-02T16:15:47","slug":"2001-2","status":"publish","type":"page","link":"https:\/\/propiano.org\/english\/2001-2\/","title":{"rendered":"2001"},"content":{"rendered":"<p style=\"text-align: center;\"><span style=\"color: #000000;\"><strong>Premiile Concursului Interna\u0163ional de Interpretare\u00a0<\/strong><\/span><\/p>\n<p style=\"text-align: center;\"><span style=\"color: #000000;\"><strong>\u201ePRO PIANO-ROM\u00c2NIA\u201d, edi\u0163ia\u00a0 a V-a \u2013 2001<\/strong><\/span><\/p>\n<p><span style=\"color: #000000;\"><strong>\u00a0MARELE PREMIU \u2013\u00a0Lucian VELCIU\u00a0&#8211; Romania<\/strong><\/span><\/p>\n<p><span style=\"color: #000000;\"><strong>CATEGORIILE\u00a0\u00a0A<\/strong><\/span><\/p>\n<p><strong>Categoria A1( 1994)<\/strong><\/p>\n<p>I \u2013 Vasilescu Andrei<\/p>\n<p>&nbsp;<\/p>\n<p><strong>Categoria A2( 1993)<\/strong><\/p>\n<p>III \u2013 Androne Roxana<\/p>\n<p>&#8211; Cnejevici Nana Milena<\/p>\n<p>II \u2013 Liculescu R\u0103\u0163oi Adela<\/p>\n<p>&#8211; Tudor Cicerone<\/p>\n<p>&#8211; \u0162ucra Vlad \u2013 Florin<\/p>\n<p>Premiul I \u2013 G\u0103mulescu Mihai<\/p>\n<p>&nbsp;<\/p>\n<p><strong>Categoria A3( 1992)<\/strong><\/p>\n<p>III- Dumitru Roxana<\/p>\n<p>II \u2013 Mih\u0103escu Diana<\/p>\n<p>I \u2013 G\u0103mulescu Vera<\/p>\n<p>&#8211; Mircea S\u00e2nziana Denis<\/p>\n<p>&nbsp;<\/p>\n<p><strong>Categoria A4( 1991)<\/strong><\/p>\n<p>Finalist &#8211; Mitrea Marius<\/p>\n<p>V \u2013 Ciobanu Petric\u0103<\/p>\n<p>&#8211; Ignatiev Elena<\/p>\n<p>&#8211; M\u0103n\u0103il\u0103 Georgiana<\/p>\n<p>IV- Marin Iulia<\/p>\n<p>&#8211; Marinescu Miriam<\/p>\n<p>III \u2013 Iovcova Maria<\/p>\n<p>&#8211; Konyicka Renata<\/p>\n<p>II \u2013 V\u0103duva Ana Maria<\/p>\n<p>I \u2013 Boc\u0103neanu Arthur<\/p>\n<p>&#8211; Bogdanets Julia<\/p>\n<p>&nbsp;<\/p>\n<p><strong>Categoria A5( 1990)<\/strong><\/p>\n<p>Finalist \u2013 Vieru Alexandra<\/p>\n<p>IV- Avramescu Ioana<\/p>\n<p>III- Matei Delia<\/p>\n<p>&#8211; Puchianu Eliza<\/p>\n<p>&#8211; Spulber Sebastian<\/p>\n<p>II \u2013 Mure\u015fan Valentin<\/p>\n<p>I\u00a0\u00a0&#8211; \u00a0Martirossian Diana<\/p>\n<p>&nbsp;<\/p>\n<p><strong>Categoria A6( 1989)<\/strong><\/p>\n<p>III- Miric\u0103 Denisa<\/p>\n<p>I \u2013 Ritivoiu Mihai<\/p>\n<p>&nbsp;<\/p>\n<p><strong>Categoria A7( 1988)<\/strong><\/p>\n<p>Finalist \u2013 Posea Simona<\/p>\n<p>V \u2013 Ugrinovic Irina<\/p>\n<p>IV- Zdranc Larisa Teodora<\/p>\n<p>III- Nedelcu Ana<\/p>\n<p>&nbsp;<\/p>\n<p><strong>Categoria A8( 1987)<\/strong><\/p>\n<p>III \u2013 Marinescu Axia<\/p>\n<p>&#8211; V\u00e2tc\u0103 Mihai<\/p>\n<p>&#8211; Voia Tipei Paul<\/p>\n<p>II \u2013 Matei Dumitra\u015f<\/p>\n<p>&#8211; M\u0103ncil\u0103 Adelheid<\/p>\n<p>&nbsp;<\/p>\n<p><strong>Categoria A9( 1986)<\/strong><\/p>\n<p>III- Mihalache Crina<\/p>\n<p>II \u2013 Nicolae Raluca<\/p>\n<p><strong>Categoria A10( 1985)<\/strong><\/p>\n<p>III \u2013 S\u0103ftulescu Anca<\/p>\n<p>II \u2013 C\u0103linescu Bianca-<\/p>\n<p>&#8211; Ducariu Ioana \u2013 Alexandra<\/p>\n<p>&#8211; Ionescu Maria Cristina<\/p>\n<p>&nbsp;<\/p>\n<p><strong>Categoria 11( 1984)<\/strong><\/p>\n<p>IV- Dima C\u0103t\u0103lin<\/p>\n<p>III- Mocan Laura<\/p>\n<p>&#8211; Vasilescu Irina Cristina<\/p>\n<p>II &#8211; Cichirdan Magdalena<\/p>\n<p>I \u2013 Jatkauskaite Martyna<\/p>\n<p>&nbsp;<\/p>\n<p><strong>Categoria 12( 1983)<\/strong><\/p>\n<p>V- Manoleanu Remus<\/p>\n<p>IV \u2013 Andreevski Krume<\/p>\n<p>&#8211; Ilea Ioana Anca<\/p>\n<p>III \u2013 Ciobanu Alexandru<\/p>\n<p>&#8211; Nedelciu Florin \u2013 Ciprian<\/p>\n<p>II \u2013 Miricescu Vlad Andrei<\/p>\n<p>I \u2013 Omordia Rebecca<\/p>\n<p>&nbsp;<\/p>\n<p>&nbsp;<\/p>\n<h4><strong>CATEGORIA B<\/strong><\/h4>\n<p>Finalist \u2013 Pricope Emanoela Maria<\/p>\n<p>III \u2013 Dumitrescu Eugen<\/p>\n<p>II \u2013 Marinescu Ana Maria<\/p>\n<p>&nbsp;<\/p>\n<p>&nbsp;<\/p>\n<h4><strong>CATEGORIA C \u2013 4 m\u00e2ini<\/strong><\/h4>\n<p>II \u2013 Cojuharov Ioana \u015fi Mih\u0103escu Diana<\/p>\n<p>I \u2013 Zamfir Elena \u015fi Zamfir Ioana<\/p>\n<p>&nbsp;<\/p>\n<p>&nbsp;<\/p>\n","protected":false},"excerpt":{"rendered":"<p>Premiile Concursului Interna\u0163ional de Interpretare\u00a0 \u201ePRO PIANO-ROM\u00c2NIA\u201d, edi\u0163ia\u00a0 a V-a \u2013 2001 \u00a0MARELE PREMIU \u2013\u00a0Lucian VELCIU\u00a0&#8211; Romania CATEGORIILE\u00a0\u00a0A Categoria A1( 1994) I \u2013 Vasilescu Andrei &nbsp; Categoria A2( 1993) III \u2013 Androne Roxana &#8211; Cnejevici Nana Milena II \u2013 Liculescu R\u0103\u0163oi Adela &#8211; Tudor Cicerone &#8211; \u0162ucra Vlad \u2013 Florin Premiul I \u2013 G\u0103mulescu Mihai [&hellip;]<\/p>\n","protected":false},"author":1,"featured_media":0,"parent":0,"menu_order":0,"comment_status":"open","ping_status":"open","template":"","meta":{"footnotes":""},"class_list":["post-974","page","type-page","status-publish","hentry"],"_links":{"self":[{"href":"https:\/\/propiano.org\/english\/wp-json\/wp\/v2\/pages\/974","targetHints":{"allow":["GET"]}}],"collection":[{"href":"https:\/\/propiano.org\/english\/wp-json\/wp\/v2\/pages"}],"about":[{"href":"https:\/\/propiano.org\/english\/wp-json\/wp\/v2\/types\/page"}],"author":[{"embeddable":true,"href":"https:\/\/propiano.org\/english\/wp-json\/wp\/v2\/users\/1"}],"replies":[{"embeddable":true,"href":"https:\/\/propiano.org\/english\/wp-json\/wp\/v2\/comments?post=974"}],"version-history":[{"count":4,"href":"https:\/\/propiano.org\/english\/wp-json\/wp\/v2\/pages\/974\/revisions"}],"predecessor-version":[{"id":1007,"href":"https:\/\/propiano.org\/english\/wp-json\/wp\/v2\/pages\/974\/revisions\/1007"}],"wp:attachment":[{"href":"https:\/\/propiano.org\/english\/wp-json\/wp\/v2\/media?parent=974"}],"curies":[{"name":"wp","href":"https:\/\/api.w.org\/{rel}","templated":true}]}}