{"id":975,"date":"2014-09-02T15:35:07","date_gmt":"2014-09-02T15:35:07","guid":{"rendered":"http:\/\/www.propiano.org\/english\/?page_id=975"},"modified":"2014-09-02T15:45:54","modified_gmt":"2014-09-02T15:45:54","slug":"2000-2","status":"publish","type":"page","link":"https:\/\/propiano.org\/english\/2000-2\/","title":{"rendered":"2000"},"content":{"rendered":"<div>\n<p style=\"text-align: center;\"><strong>PREMIILE edi\u0163iei a IV a Concursului Interna\u0163ional \u201c PRO PIANO \u2013 ROM\u00e2NIA \u201c <\/strong><\/p>\n<p style=\"text-align: center;\"><strong>\u00a019-23 iunie 2000<\/strong><\/p>\n<p style=\"text-align: center;\">\n<p>&nbsp;<\/p>\n<p><strong>Cat.1 \u2013 1993<\/strong><\/p>\n<p>I \u2013 N\u0103pr\u0103dean Lena \u2013 Buc. Rom\u00e2nia<\/p>\n<p>&nbsp;<\/p>\n<p><strong>Cat. 2 \u2013 1992<\/strong><\/p>\n<p>III- Marcu Ana \u2013Maria- Bra\u015fov<\/p>\n<p>II \u2013 Levconoka Ilva \u2013 Riga, Letonia<\/p>\n<p>&#8211; Nedea Adrian \u2013 Buc.<\/p>\n<p>I \u2013 Liukaitite Inga \u2013 Kaunas \u2013 Lituania<\/p>\n<p>&#8211; \u015eiling Maria \u2013 Chi\u015fin\u0103u \u2013 Rep. Moldova<\/p>\n<p>&nbsp;<\/p>\n<p><strong>Cat. 3 \u2013 1991<\/strong><\/p>\n<p>V \u2013 Boc\u0103neanu Arthur<\/p>\n<p>&#8211; M\u0103n\u0103il\u0103 Georgiana<\/p>\n<p>IV \u2013 Ionescu Mari\u0163Maria- Buc.<\/p>\n<p>III \u2013 Marin Iulia Maria \u2013 Buc.<\/p>\n<p>II \u2013 Denica Hristova \u2013 Burgas, Bulgaria<\/p>\n<p>&#8211; Polikarpov Irina \u2013 Buc.<\/p>\n<p>&#8211; Talmaci Ecaterina \u2013 Chi\u015fin\u0103u, Rep. Moldova<\/p>\n<p>I &#8211; Marinescu Miriam Lucia- Cluj<\/p>\n<p>&nbsp;<\/p>\n<p><strong>Cat. 4 \u2013 1990<\/strong><\/p>\n<p>V \u2013 Baian\u0163 Irina \u2013 Buc.<\/p>\n<p>&#8211; Ioan Ana Maria<\/p>\n<p>IV \u2013 Markota Andra- Riga, Letonia<\/p>\n<p>III- Buruian\u0103 Paul Antoniu \u2013 Piatra Neam\u0163<\/p>\n<p>&#8211; Ivanov Vladimirov Martin \u2013 Bulgaria<\/p>\n<p>II \u2013 Puchianu Eliza \u2013 Slobozia, Rom.<\/p>\n<p>&#8211; Vieru Alexandra- Buc.<\/p>\n<p>I &#8211; Mure\u015fan Valentin \u2013 Bucure\u015fti<\/p>\n<p>&#8211; P\u0103tr\u0103\u015fcanu Irina \u2013 Bucure\u015fti<\/p>\n<p>&nbsp;<\/p>\n<p><strong>Cat. 5 \u2013 1989<\/strong><\/p>\n<p>IV \u2013 Manu Andreea Livia \u2013 Buc.<\/p>\n<p>&#8211; Mih\u0103escu Diana \u2013 Buc.<\/p>\n<p>III \u2013 Geabou Lidia-Rebecca- Buc.<\/p>\n<p>II\u2013 Bra\u015foveanu Mihai\u2013 Chi\u015fin\u0103u, Rep. Mold.<\/p>\n<p>I &#8211; Nicola Bogdan \u2013 Bucure\u015fti<\/p>\n<p>&#8211; Radzvilaite Kamila \u2013 Vilnius &#8211; Lituania<\/p>\n<p>&nbsp;<\/p>\n<p><strong>Cat. 6 \u2013 1988<\/strong><\/p>\n<p>V- Mironic\u0103 Ioana \u2013 Roxana \u2013 Buc.<\/p>\n<p>IV \u2013 Linga Dorina \u2013 Chi\u015fin\u0103u, Rep. Mold.<\/p>\n<p>III- Covaci Alexandru \u2013 Tulcea, Rom.<\/p>\n<p>&#8211; Kremacova Alexandra \u2013 Burgas,Bulgaria<\/p>\n<p>&#8211; Nistor Vera Maria &#8211; Bra\u015fov<\/p>\n<p>II &#8211; Spiridon Simona\u2013 Mihaela- Piatra Neam\u0163, Rom.<\/p>\n<p>I &#8211; Cojuharov Ioana Valentina \u2013 Bucure\u015fti<\/p>\n<p>&#8211; Cartianu Paul Coriolan \u2013 Bucure\u015fti<\/p>\n<p>&nbsp;<\/p>\n<p><strong>Cat. 7 \u2013 1987<\/strong><\/p>\n<p>V- V\u00e2tc\u0103 Mihai \u2013 Deva, Rom.<\/p>\n<p>III- Fomina Ilza \u2013 Riga, Letonia<\/p>\n<p>II \u2013 Marcu Simona \u2013Rahela- Bra\u015fov, Ro<\/p>\n<p>I &#8211; Cristea Ana \u2013 Chi\u015fin\u0103u \u2013 Rep. Mold.<\/p>\n<p>&#8211; Scripcaru Tudor \u2013 Bucure\u015fti<\/p>\n<p>&nbsp;<\/p>\n<p><strong>Cat. 8 \u2013 1986<\/strong><\/p>\n<p>V- Para Evelina \u2013 Chi\u015fin\u0103u, Rep. Mold.<\/p>\n<p>IV- Popa Olga Cristiana \u2013 Buc. Rom.<\/p>\n<p>III\u2013 Stankov Lachezar\u2013Varna, Bulgaria<\/p>\n<p>II \u2013 Kuzmane Aija \u2013 Riga, Letonia<\/p>\n<p>&#8211; Vitkauskaite Rasa- Vilnius, Lituania<\/p>\n<p>I-Stolearciuk XeniaChi\u015fin\u0103u,Rep.Mold.<\/p>\n<p>&nbsp;<\/p>\n<p><strong>Cat. 9 \u2013 1985<\/strong><\/p>\n<p>V- M\u0103noiu Daniel \u2013 Buc.<\/p>\n<p>IV \u2013 Cundeva Vladlena \u2013 Chi\u015fin\u0103u<\/p>\n<p>III \u2013 Chiriac Christine \u2013 Bra\u015fov, Rom.<\/p>\n<p>II \u2013 Cristescu Adrian \u2013 Slatina, Rom.<\/p>\n<p>I &#8211; Cernavca Ana\u2013 Chi\u015fin\u0103u\u2013 Rep. Mold<\/p>\n<p>&nbsp;<\/p>\n<p>&nbsp;<\/p>\n<p><strong>Cat. 10 \u2013 1984<\/strong><\/p>\n<p>V \u2013 Bass Roman \u2013 Chi\u015fin\u0103u, Rep. Mold<\/p>\n<p>IV \u2013 Zavala\u015f Diana \u2013 Buc.<\/p>\n<p>III \u2013 Cichirdan Magdalena \u2013 Craiova<\/p>\n<p>&#8211; Murariu Mihai \u2013 Buc.<\/p>\n<p>Premiul II \u2013 Jar Stanislav \u2013 Chi\u015fin\u0103u, Rep. Mold<\/p>\n<p>Premiul I &#8211; Fazaka\u015f Edith \u2013 Bucure\u015fti<\/p>\n<p>&#8211; M\u0103i Antal Marc Antoniu \u2013 Bucure\u015fti<\/p>\n<p>&#8211; Negru\u0163iu Silvan \u2013 Bucure\u015fti<\/p>\n<p>&nbsp;<\/p>\n<p><strong>Cat. 11 \u2013 1983<\/strong><\/p>\n<p>Premiul III \u2013 Ilea Ioana \u2013 Bra\u015fov, Rom.<\/p>\n<p>&#8211; Miricescu Vlad Andrei \u2013 Buc.<\/p>\n<p>II &#8211; Core\u0163chi Olga\u2013 Chi\u015fin\u0103u, Rep. Mold<\/p>\n<p>I &#8211; Omordia Rebecca \u2013 Craiova<\/p>\n<p>&nbsp;<\/p>\n<p><strong>Cat. 12 \u2013 1982<\/strong><\/p>\n<p>I &#8211; P\u00e2rjol Ovidiu \u2013 Bucure\u015fti<\/p>\n<p align=\"center\"><strong>\u00a0<\/strong><\/p>\n<\/div>\n<p><strong>\u00a0<\/strong><\/p>\n<p><strong>\u00a0<\/strong><\/p>\n<p><strong>\u00a0<\/strong><\/p>\n<p><strong>\u00a0<\/strong><\/p>\n<p><strong>\u00a0<\/strong><\/p>\n","protected":false},"excerpt":{"rendered":"<p>PREMIILE edi\u0163iei a IV a Concursului Interna\u0163ional \u201c PRO PIANO \u2013 ROM\u00e2NIA \u201c \u00a019-23 iunie 2000 &nbsp; Cat.1 \u2013 1993 I \u2013 N\u0103pr\u0103dean Lena \u2013 Buc. Rom\u00e2nia &nbsp; Cat. 2 \u2013 1992 III- Marcu Ana \u2013Maria- Bra\u015fov II \u2013 Levconoka Ilva \u2013 Riga, Letonia &#8211; Nedea Adrian \u2013 Buc. I \u2013 Liukaitite Inga \u2013 Kaunas [&hellip;]<\/p>\n","protected":false},"author":1,"featured_media":0,"parent":0,"menu_order":0,"comment_status":"open","ping_status":"open","template":"","meta":{"footnotes":""},"class_list":["post-975","page","type-page","status-publish","hentry"],"_links":{"self":[{"href":"https:\/\/propiano.org\/english\/wp-json\/wp\/v2\/pages\/975","targetHints":{"allow":["GET"]}}],"collection":[{"href":"https:\/\/propiano.org\/english\/wp-json\/wp\/v2\/pages"}],"about":[{"href":"https:\/\/propiano.org\/english\/wp-json\/wp\/v2\/types\/page"}],"author":[{"embeddable":true,"href":"https:\/\/propiano.org\/english\/wp-json\/wp\/v2\/users\/1"}],"replies":[{"embeddable":true,"href":"https:\/\/propiano.org\/english\/wp-json\/wp\/v2\/comments?post=975"}],"version-history":[{"count":4,"href":"https:\/\/propiano.org\/english\/wp-json\/wp\/v2\/pages\/975\/revisions"}],"predecessor-version":[{"id":986,"href":"https:\/\/propiano.org\/english\/wp-json\/wp\/v2\/pages\/975\/revisions\/986"}],"wp:attachment":[{"href":"https:\/\/propiano.org\/english\/wp-json\/wp\/v2\/media?parent=975"}],"curies":[{"name":"wp","href":"https:\/\/api.w.org\/{rel}","templated":true}]}}