{"id":990,"date":"2014-09-02T15:48:12","date_gmt":"2014-09-02T15:48:12","guid":{"rendered":"http:\/\/www.propiano.org\/english\/?page_id=990"},"modified":"2014-09-02T15:48:54","modified_gmt":"2014-09-02T15:48:54","slug":"1999-2","status":"publish","type":"page","link":"https:\/\/propiano.org\/english\/1999-2\/","title":{"rendered":"1999"},"content":{"rendered":"<p style=\"text-align: center;\"><strong>PREMIILE edi\u0163iei a III-a a Concursului Interna\u0163ional \u201c PRO PIANO \u2013 ROM\u00e2NIA \u201c <\/strong><\/p>\n<p style=\"text-align: center;\"><strong>26 \u2013 30 iunie 1999<\/strong><\/p>\n<p style=\"text-align: center;\">\n<p><strong>Categoria 1 ( 1992)<\/strong><\/p>\n<p>II &#8211; Kuzmenco Cateryna- Odessa, Ucraina<\/p>\n<p>&nbsp;<\/p>\n<p><strong>Categoria 2 ( 1991 )<\/strong><\/p>\n<p>III &#8211; \u00a0Costache Patricia &#8211; Maria &#8211; Bucure\u015fti, Rom\u00e2nia<\/p>\n<p>&#8211; Shabadash Victor &#8211; Odessa, Ucraina<\/p>\n<p>II &#8211; \u00a0Doroban\u0163u Denisa &#8211; Ioana &#8211; Bucure\u015fti, Rom\u00e2nia<\/p>\n<p>&#8211; \u00a0Mocanu Leonard &#8211; Bucure\u015fti, Rom\u00e2nia<\/p>\n<p>&#8211; Prundea Victor &#8211; Octavian &#8211; Bucure\u015fti,Rom\u00e2nia<\/p>\n<p>I &#8211; Boc\u0103neanu Arthur &#8211; Bucure\u015fti, Rom\u00e2nia<\/p>\n<p>&#8211;\u00a0Boitan Mihai &#8211; Bucure\u015fti, Rom\u00e2nia<\/p>\n<p>&#8211; Constantinov Serghei &#8211; Chi\u015fin\u0103u, Rep. Moldova<\/p>\n<p>&#8211; \u00a0Marinescu Miriam &#8211; Lucia &#8211; Cluj &#8211; Napoca,Rom\u00e2nia<\/p>\n<p>&nbsp;<\/p>\n<p><strong>CATEGORIA 3 ( 1990 )<\/strong><\/p>\n<p>IV &#8211; Milcheva Tania \u2013 Burgas &#8211; Bulgaria<\/p>\n<p>&#8211; \u00a0Petrescu Lucian \u2013 Mihail \u2013 Bucure\u015fti, Rom\u00e2nia.<\/p>\n<p>III &#8211; Beldim\u0103nescu Mina &#8211; Maria -Bucure\u015fti, Rom\u00e2nia<\/p>\n<p>&#8211; \u00a0Iacovache &#8211; Pan\u0103 Laura &#8211; Tula, Finlanda<\/p>\n<p>&#8211; \u00a0Ioan Ana &#8211; Maria &#8211; T\u00e2rgovi\u015fte, Rom\u00e2nia<\/p>\n<p>&#8211; Matei Delia &#8211; Bucure\u015fti, Rom\u00e2nia<\/p>\n<p>&#8211; Raia Mihail &#8211; Costin &#8211; Bucure\u015fti, Rom\u00e2nia<\/p>\n<p>&#8211; Revencu Barbu &#8211; Alexandru &#8211; Bucure\u015fti,Rom\u00e2nia<\/p>\n<p>II &#8211; Baian\u0163 Irina &#8211; Ioana &#8211; Bucure\u015fti, Rom\u00e2nia<\/p>\n<p>&#8211; B\u0103il\u0103 Ioana &#8211; Irina &#8211; Bucure\u015fti, Rom\u00e2nia<\/p>\n<p>I &#8211; Avramescu Ioana &#8211; Raluca &#8211; Bucure\u015fti, Rom.<\/p>\n<p>&#8211; \u00a0Spulber Sebastian &#8211; Slobozia, Rom\u00e2nia<\/p>\n<p>&nbsp;<\/p>\n<p><strong>CATEGORIA 4 ( 1989 )<\/strong><\/p>\n<p>IV &#8211; Negru Andreea &#8211; Maria &#8211; Gala\u0163i, Rom\u00e2nia<\/p>\n<p>III &#8211;\u00a0Cucu Alexandru &#8211; Bucure\u015fti, Rom\u00e2nia<\/p>\n<p>&#8211; M\u0103rgean Marius &#8211; Bucure\u015fti, Rom\u00e2nia<\/p>\n<p>&#8211; \u00a0Pan\u0103 Petra &#8211; Bac\u0103u, Rom\u00e2nia<\/p>\n<p>&#8211; \u00a0Popescu Elena \u2013 Bucure\u015fti, Rom\u00e2nia<\/p>\n<p>II &#8211;\u00a0Bahrin Denise &#8211; Alexandra &#8211; Bucure\u015fti, Rom\u00e2nia<\/p>\n<p>&#8211; Petrova Manuela &#8211; Burgas, Bulgaria<\/p>\n<p>I &#8211; Bazaras Mykolas -Kaunas, Lituania<\/p>\n<p>&#8211; \u00a0Mih\u0103escu Diana &#8211; Alexandra &#8211; Bucure\u015fti, Rom\u00e2nia<\/p>\n<p>&nbsp;<\/p>\n<p><strong>CATEGORIA 5 ( 1988)<\/strong><\/p>\n<p>III &#8211; Smilinskas Vaidrius &#8211; Kaunas, Lituania<\/p>\n<p>II &#8211;\u00a0Ghi\u0163\u0103 Radu &#8211; Bucure\u015fti, Rom\u00e2nia<\/p>\n<p>&#8211; Mihart Cristiana \u2013 Bucure\u015fti, Rom\u00e2nia<\/p>\n<p>I &#8211;\u00a0Cojuharov Ioana \u2013 Valentina \u2013 Buc. Rom (\u015fi Premiul Special pentru cea mai bun\u0103 interpretare a unei piese romne\u015fti )<\/p>\n<p>&#8211; Kurteva Vladimirova Liuba \u2013 Burgas \u2013 Bulgaria<\/p>\n<p>&#8211;\u00a0Nicolau Mihai \u2013 Bucure\u015fti, Rom\u00e2nia<\/p>\n<p>&nbsp;<\/p>\n<p><strong>Categoria 6 (1987)<\/strong><\/p>\n<p>III &#8211; Andri\u0163oiu Ana Maria &#8211; Bucure\u015fti, Rom\u00e2nia<\/p>\n<p>II &#8211; Marcu Simona &#8211; Rahela &#8211; Bra\u015fov, Rom\u00e2nia<\/p>\n<p>&#8211; \u00a0Nicolae Eduard -Bucure\u015fti, Rom\u00e2nia<\/p>\n<p>&#8211; Todorov Ivan &#8211; Burgas, Bulgaria<\/p>\n<p>I &#8211; Alexandru S\u00e2nziana &#8211; Bucure\u015fti, Rom.<\/p>\n<p>&#8211; \u00a0Bazaras Motiejus &#8211; Kaunas, Lituania<\/p>\n<p>&#8211; Ionescu Mirela -Dana &#8211; Bucure\u015fti, Rom\u00e2nia<\/p>\n<p>&#8211; Popescu Irina \u2013 Chi\u015fin\u0103u, Rep. Moldova<\/p>\n<p>&nbsp;<\/p>\n<p><strong>Categoria 7 (1986 )<\/strong><\/p>\n<p>III &#8211;\u00a0Popa Olga \u2013 Cristiana<\/p>\n<p>II &#8211; Horev Andrei \u2013 Chi\u015fin\u0103u \u2013 Rep. Moldova<\/p>\n<p>&nbsp;<\/p>\n<p><strong>Categoria 8 ( 1985 )<\/strong><\/p>\n<p>III &#8211; \u00a0Chiriac M\u0103d\u0103lina &#8211; Bucure\u015fti, Rom\u00e2nia<\/p>\n<p>&#8211; M\u0103noiu Daniel &#8211; Bucure\u015fti, Rom\u00e2nia<\/p>\n<p>II &#8211; Damian Vlad -Bra\u015fov, Rom\u00e2nia<\/p>\n<p>&#8211; Podgoreanu Florian &#8211; Sebastian &#8211; Ploie\u015fti, Rom\u00e2nia<\/p>\n<p>I &#8211; Miric\u0103 Roxana &#8211; Viorica &#8211; Gala\u0163i, Rom\u00e2nia<\/p>\n<p>&nbsp;<\/p>\n<p><strong>CATEGORIA 9 ( 1984 )<\/strong><\/p>\n<p>V &#8211; Nicoar\u0103 Victor \u2013 Cristian<\/p>\n<p>IV &#8211; Dr\u0103ghici Florentina \u2013 Maura<\/p>\n<p>&#8211; Vasilescu Elena &#8211; Florentina<\/p>\n<p>II &#8211; \u00a0Constantin Roxana &#8211; Bucure\u015fti, Rom\u00e2nia<\/p>\n<p>&#8211; \u00a0Murariu Mihai &#8211; Alexandru &#8211; Bucure\u015fti, Rom\u00e2nia<\/p>\n<p>I &#8211; Melescenco Alexandra &#8211; Chi\u015fin\u0103u, Rep. Moldova<\/p>\n<p>I de Excelen\u0163\u0103\u00a0 &#8211; Petkova Bojana \u2013 Burgas \u2013 Bulgaria<\/p>\n<p>&nbsp;<\/p>\n<p><strong>Categoria 10 ( 1983 )<\/strong><\/p>\n<p>III &#8211; \u00a0St\u0103nculescu Irina &#8211; Bucure\u015fti, Rom\u00e2nia<\/p>\n<p>I &#8211; Ciobanu Alexandru -Sorin &#8211; Bucure\u015fti, Rom\u00e2nia<\/p>\n<p>&nbsp;<\/p>\n<p><strong>Categoria 11 ( 1982 )<\/strong><\/p>\n<p>III &#8211; Gribeniuc Anna &#8211; B\u0103l\u0163i, Rep. Moldova<\/p>\n<p>II &#8211; P\u00e2rjol Ovidiu &#8211; Bucure\u015fti, Rom\u00e2nia<\/p>\n<p>&#8211; Strungaru Simona &#8211; Bucure\u015fti, Rom\u00e2nia<\/p>\n<p>I &#8211; Routchina Maria &#8211; Novosibirsk, Rusia<\/p>\n<p>&nbsp;<\/p>\n<p><strong>Categoria 12 (1981)<\/strong><\/p>\n<p>II &#8211; Chodareva Irma &#8211; Kaunas, Lituania<\/p>\n<p>I &#8211;\u00a0Stoian Amelia &#8211; Maria &#8211; Bucure\u015fti, Rom\u00e2nia<\/p>\n<p>&nbsp;<\/p>\n<p>&nbsp;<\/p>\n","protected":false},"excerpt":{"rendered":"<p>PREMIILE edi\u0163iei a III-a a Concursului Interna\u0163ional \u201c PRO PIANO \u2013 ROM\u00e2NIA \u201c 26 \u2013 30 iunie 1999 Categoria 1 ( 1992) II &#8211; Kuzmenco Cateryna- Odessa, Ucraina &nbsp; Categoria 2 ( 1991 ) III &#8211; \u00a0Costache Patricia &#8211; Maria &#8211; Bucure\u015fti, Rom\u00e2nia &#8211; Shabadash Victor &#8211; Odessa, Ucraina II &#8211; \u00a0Doroban\u0163u Denisa &#8211; Ioana [&hellip;]<\/p>\n","protected":false},"author":1,"featured_media":0,"parent":0,"menu_order":0,"comment_status":"open","ping_status":"open","template":"","meta":{"footnotes":""},"class_list":["post-990","page","type-page","status-publish","hentry"],"_links":{"self":[{"href":"https:\/\/propiano.org\/english\/wp-json\/wp\/v2\/pages\/990","targetHints":{"allow":["GET"]}}],"collection":[{"href":"https:\/\/propiano.org\/english\/wp-json\/wp\/v2\/pages"}],"about":[{"href":"https:\/\/propiano.org\/english\/wp-json\/wp\/v2\/types\/page"}],"author":[{"embeddable":true,"href":"https:\/\/propiano.org\/english\/wp-json\/wp\/v2\/users\/1"}],"replies":[{"embeddable":true,"href":"https:\/\/propiano.org\/english\/wp-json\/wp\/v2\/comments?post=990"}],"version-history":[{"count":2,"href":"https:\/\/propiano.org\/english\/wp-json\/wp\/v2\/pages\/990\/revisions"}],"predecessor-version":[{"id":996,"href":"https:\/\/propiano.org\/english\/wp-json\/wp\/v2\/pages\/990\/revisions\/996"}],"wp:attachment":[{"href":"https:\/\/propiano.org\/english\/wp-json\/wp\/v2\/media?parent=990"}],"curies":[{"name":"wp","href":"https:\/\/api.w.org\/{rel}","templated":true}]}}