{"id":991,"date":"2014-09-02T15:48:10","date_gmt":"2014-09-02T15:48:10","guid":{"rendered":"http:\/\/www.propiano.org\/english\/?page_id=991"},"modified":"2014-09-02T15:53:50","modified_gmt":"2014-09-02T15:53:50","slug":"1998-2","status":"publish","type":"page","link":"https:\/\/propiano.org\/english\/1998-2\/","title":{"rendered":"1998"},"content":{"rendered":"<p style=\"text-align: center;\"><strong>Premiile Concursului Interna\u0163ional\u00a0<\/strong><strong>\u201ePRO PIANO-ROM\u00c2NIA\u201d,<\/strong><\/p>\n<p style=\"text-align: center;\"><strong>\u00a0edi\u0163ia\u00a0 a II-a \u2013 14-18 iunie, 1998<\/strong><\/p>\n<p style=\"text-align: center;\">\n<p><strong><span style=\"color: #000000;\">Marele Premiu\u00a0&#8211;<\/span> \u015eerban Lacea Anca \u2013 Buc.Rom<\/strong><\/p>\n<p>&nbsp;<\/p>\n<p><strong>Categoria 1 (1991)<\/strong><\/p>\n<p>III \u2013 Guttman Noemi (Bucuresti, Romania)<\/p>\n<p>&#8211; Sakharova Veronika (Minsk, Belarus)<\/p>\n<p>II &#8211; Boitan Mihai (Bucuresti, \u00a0Romania)<\/p>\n<p>I &#8211; Marinescu Miriam \u00a0(Cluj \u2013 Napoca, Romania)<\/p>\n<p>&#8211; Polikarpov Irina (Bucuresti, \u00a0Romania)<\/p>\n<p>&nbsp;<\/p>\n<p><strong>Categoria 2 ( 1990 )<\/strong><\/p>\n<p>III \u2013 Baian\u0163 Irina (Bucuresti, \u00a0Romania)<\/p>\n<p>&#8211; Beldim\u0103nescu Mina \u2013 Maria (Bucuresti, \u00a0Romania)<\/p>\n<p>II &#8211; Maruda Ana Maria (Bucuresti, \u00a0Romania)<\/p>\n<p>&#8211; Spulber Sebastian ( Slobozia, Romania)<\/p>\n<p>I &#8211; Matei Delia (Bucuresti, \u00a0Romania)<\/p>\n<p>&#8211; Stankeviciute Lina (Kaunas, Lituania)<\/p>\n<p>&nbsp;<\/p>\n<p><strong>Categoria 3 ( 1989 )<\/strong><\/p>\n<p>V \u2013 Moldoveanu Vlad (Craiova, Romania)<\/p>\n<p>&#8211; Nicola Bogdan (Bucuresti, \u00a0Romania)<\/p>\n<p>IV\u2013 Manole Sanziana (Bucuresti, \u00a0Romania)<\/p>\n<p>III &#8211; Bisigirskyte Migle (Kaunas, Lituania)<\/p>\n<p>&#8211; Starodubava Vera (Iasnogorsc , \u00a0Rusia)<\/p>\n<p>II &#8211; Bra\u015foveanu Mih\u0103i\u0163\u0103 (Chi\u015fin\u0103u, Rep. Moldova)<\/p>\n<p>&#8211; Mih\u0103escu Diana (Bucuresti, \u00a0Romania)<\/p>\n<p>&#8211; Popescu Elena (Bucuresti, \u00a0Romania)<\/p>\n<p>I \u2013 Prodan Elena \u00a0(Chi\u015fin\u0103u, Rep. Moldova)<\/p>\n<p>Premiul I de Excelen\u0163\u0103 \u2013 HU MI (Coreea)<\/p>\n<p>Premiul I de Excelen\u0163\u0103 &#8211; \u00a0Mazak Michail (Minsk, Belarus)<\/p>\n<p>&nbsp;<\/p>\n<p><strong>Categoria 4 ( 1988 )<\/strong><\/p>\n<p>IV \u2013Baranovski Ivan (Chi\u015fin\u0103u, Rep. Moldova)<\/p>\n<p>III \u2013 Nicolau Mihai (Bucuresti, \u00a0Romania)<\/p>\n<p>&#8211; St\u0103nescu Alexandru (Bacau, \u00a0Romania)<\/p>\n<p>II \u2013 Calinchin Olga \u00a0(Chi\u015fin\u0103u, Rep. Moldova)<\/p>\n<p>&#8211; Cojuharov Ioana (Bucuresti, \u00a0Romania)<\/p>\n<p>&#8211; Smilinskas Vaidrius \u00a0(Kaunas, Lituania)<\/p>\n<p>I &#8211; Spiridon Simona \u00a0(Piatra\u2013Neam\u0163, Romania)<\/p>\n<p>Premiul I de Excelen\u0163\u0103 \u2013 Said Karim (Amman, Iordania)<\/p>\n<p>&nbsp;<\/p>\n<p><strong>Categoria 5 ( 1987 )<\/strong><\/p>\n<p>III \u2013 Andri\u0163oiu Ana Maria (Bucuresti, \u00a0Romania)<\/p>\n<p>&#8211; Marcu Simona \u00a0(Bra\u015fov, Romania)<\/p>\n<p>&#8211; Scripcaru Tudor (Bucuresti, \u00a0Romania)<\/p>\n<p>II \u2013 Alexandru Sanziana (Bucuresti, \u00a0Romania)<\/p>\n<p>&#8211; Hurdubei Monica (Bucuresti, \u00a0Romania)<\/p>\n<p>&#8211; Ionescu Mirela Dana (Bucuresti, \u00a0Romania)<\/p>\n<p>I \u2013 Keduc Chiril (Minsk, Belarus)<\/p>\n<p>&#8211; Martirosyan Inesa (Moscova, Rusia)<\/p>\n<p>&#8211; Sar\u0103u Adriana (Bucuresti, \u00a0Romania)<\/p>\n<p>&nbsp;<\/p>\n<p><strong>Categoria 6 ( 1986 )<\/strong><\/p>\n<p>V \u2013 Marinescu Radu (Bucuresti, \u00a0Romania)<\/p>\n<p>\u2013 C\u0103r\u0103bi\u015fi Liana (Bucuresti, \u00a0Romania)<\/p>\n<p>IV \u2013 Barba Nicolai (Odessa, Ucraina)<\/p>\n<p>III &#8211; Chetroiu Andrada \u00a0(Bra\u015fov, Romania)<\/p>\n<p>&#8211; Deleu Ecaterina (Chi\u015fin\u0103u, \u00a0Rep. Moldova)<\/p>\n<p>II \u2013 C\u0103p\u0103\u0163\u00e2n\u0103 Larisa (Chi\u015fin\u0103u, \u00a0Rep. Moldova)<\/p>\n<p>&#8211; Pandelescu Petre (Bucuresti, \u00a0Romania)<\/p>\n<p>&#8211; Popa Olga Cristiana (Bucuresti, \u00a0Romania)<\/p>\n<p>I \u2013 Umbruseviciute Milda (Kaunas, \u00a0Lituania)<\/p>\n<p>&nbsp;<\/p>\n<p><strong>Categoria 7 ( 1985 )<\/strong><\/p>\n<p>V &#8211; D\u0103riescu Alexandra (Iasi, \u00a0Romania)<\/p>\n<p>I \u2013 Popescu Oana (Bucuresti, \u00a0Romania)<\/p>\n<p>&#8211; S\u0103ftulescu Anca (Bucuresti, \u00a0Romania)<\/p>\n<p>&nbsp;<\/p>\n<p><strong>Categoria 8 ( 1984 )<\/strong><\/p>\n<p>V \u2013 Nicoar\u0103 Victor (Bucuresti, \u00a0Romania)<\/p>\n<p>IV \u2013 Donu Irina \u00a0(Chi\u015fin\u0103u, Rep. Moldova)<\/p>\n<p>III \u2013 Andronescu Cristina (Bucuresti, \u00a0Romania)<\/p>\n<p>&#8211; Murariu Mihai (Bucuresti, \u00a0Romania)<\/p>\n<p>II &#8211; Dr\u0103ghici Florentina (Bucuresti, \u00a0Romania)<\/p>\n<p>&#8211; Mocan Laura (Bucuresti, \u00a0Romania)<\/p>\n<p>&#8211; Nikulina Tanya (Tula, Rusia)<\/p>\n<p>I &#8211; Vasilescu Irina (Ploie\u015fti, Romania)<\/p>\n<p>&nbsp;<\/p>\n<p><strong>Categoria 9 ( 1983 )<\/strong><\/p>\n<p>V \u2013 T\u0103utu Roxana (Bucuresti, \u00a0Romania)<\/p>\n<p>IV \u2013 Tudor Andrei (Bucuresti, \u00a0Romania)<\/p>\n<p>III \u2013 Manoleanu Roman (Bucuresti, \u00a0Romania)<\/p>\n<p>II &#8211; Silvestru Ana (Bucuresti, \u00a0Romania)<\/p>\n<p>I \u2013 Culicov Alexandr \u2013 (Chi\u015fin\u0103u, Rep. Moldova)<\/p>\n<p>&#8211; Esmanovitcz Eugenia (Minsk, \u00a0Belarus)<\/p>\n<p>&#8211; Nedelciu Florin Ciprian (Bucuresti, \u00a0Romania)<\/p>\n<p>&nbsp;<\/p>\n<p><strong>Categoria 10 ( 1982 )<\/strong><\/p>\n<p>PIII \u2013 Cotelnic Lilia (Chi\u015fin\u0103u, Rep. Moldova)<\/p>\n<p>II &#8211; Andrejevaite Egle (Kaunas, Lituania)<\/p>\n<p>&#8211; P\u00e2rjol Ovidiu (Alba Iulia, Romania)<\/p>\n<p>I \u2013 Delioran Ioana (Bucuresti, \u00a0Romania)<\/p>\n<p>&nbsp;<\/p>\n<p><strong>Categoria 11 ( 1981 )<\/strong><\/p>\n<p>V \u2013 Vizitiu Elena (Piatra Neam\u0163, Romania)<\/p>\n<p>V \u2013 Vaida Flaviu (Cluj Napoca, Romania)<\/p>\n<p>III &#8211; Fava Georgiana \u00a0(Bra\u015fov, Romania)<\/p>\n<p>&#8211; Moroz Dasha (Minsk, Belarus)<\/p>\n<p>II \u2013 Br\u0103tan Diana (Bra\u015fov, Romania)<\/p>\n<p>&#8211; Dr\u0103goi Mihnea (Bucuresti, \u00a0Romania)<\/p>\n<p>&#8211; Profirescu Emanuela (Ploie\u015fti, Romania)<\/p>\n<p>I \u2013 Raducanu Corina (Bucuresti, \u00a0Romania)<\/p>\n<p>&nbsp;<\/p>\n<p><strong>Categoria 12 ( 1980 )<\/strong><\/p>\n<p>III \u2013 Flonta Maria \u2013(Cluj Napoca, Romania)<\/p>\n<p>&#8211; Peciukonyte Vilma \u2013 Kaunas \u2013 Lituania<\/p>\n<p>II &#8211; Vasile Camelia (Bucuresti, \u00a0Romania)<\/p>\n","protected":false},"excerpt":{"rendered":"<p>Premiile Concursului Interna\u0163ional\u00a0\u201ePRO PIANO-ROM\u00c2NIA\u201d, \u00a0edi\u0163ia\u00a0 a II-a \u2013 14-18 iunie, 1998 Marele Premiu\u00a0&#8211; \u015eerban Lacea Anca \u2013 Buc.Rom &nbsp; Categoria 1 (1991) III \u2013 Guttman Noemi (Bucuresti, Romania) &#8211; Sakharova Veronika (Minsk, Belarus) II &#8211; Boitan Mihai (Bucuresti, \u00a0Romania) I &#8211; Marinescu Miriam \u00a0(Cluj \u2013 Napoca, Romania) &#8211; Polikarpov Irina (Bucuresti, \u00a0Romania) &nbsp; Categoria 2 [&hellip;]<\/p>\n","protected":false},"author":1,"featured_media":0,"parent":0,"menu_order":0,"comment_status":"open","ping_status":"open","template":"","meta":{"footnotes":""},"class_list":["post-991","page","type-page","status-publish","hentry"],"_links":{"self":[{"href":"https:\/\/propiano.org\/english\/wp-json\/wp\/v2\/pages\/991","targetHints":{"allow":["GET"]}}],"collection":[{"href":"https:\/\/propiano.org\/english\/wp-json\/wp\/v2\/pages"}],"about":[{"href":"https:\/\/propiano.org\/english\/wp-json\/wp\/v2\/types\/page"}],"author":[{"embeddable":true,"href":"https:\/\/propiano.org\/english\/wp-json\/wp\/v2\/users\/1"}],"replies":[{"embeddable":true,"href":"https:\/\/propiano.org\/english\/wp-json\/wp\/v2\/comments?post=991"}],"version-history":[{"count":3,"href":"https:\/\/propiano.org\/english\/wp-json\/wp\/v2\/pages\/991\/revisions"}],"predecessor-version":[{"id":1000,"href":"https:\/\/propiano.org\/english\/wp-json\/wp\/v2\/pages\/991\/revisions\/1000"}],"wp:attachment":[{"href":"https:\/\/propiano.org\/english\/wp-json\/wp\/v2\/media?parent=991"}],"curies":[{"name":"wp","href":"https:\/\/api.w.org\/{rel}","templated":true}]}}